{"id":15,"date":"2020-01-30T17:38:52","date_gmt":"2020-01-30T17:38:52","guid":{"rendered":"https:\/\/stoffega.live-website.com\/versand__lieferung"},"modified":"2023-05-03T14:56:16","modified_gmt":"2023-05-03T12:56:16","slug":"versand__lieferung","status":"publish","type":"page","link":"https:\/\/stoffega.com\/en\/versand__lieferung","title":{"rendered":"Versand &#038; Lieferung"},"content":{"rendered":"<p><strong>Preise, Versandkosten und Lieferinformationen<\/strong><\/p>\n<p>Die auf den Produktseiten genannten Preise sind Fixpreise. Aufgrund der Kleinunternehmerregelung gem. \u00a76 Abs.1 Z27 UStG wird keine Umsatzsteuer f\u00fcr die Produkte verrechnet.<\/p>\n<p>Wir liefen innerhalb \u00d6sterreichs und europaweit. Lieferung an L\u00e4nder au\u00dferhalb Europas nur auf Anfrage.<\/p>\n<p>Zus\u00e4tzlich zu den angegebenen Preisen berechnen wir f\u00fcr die Lieferung innerhalb \u00d6sterreichs folgende Pauschalen:<\/p>\n<ul>\n<li>P\u00e4ckchen: \u20ac 5.-<\/li>\n<li>Pakete bis 2kg: \u20ac8.-<\/li>\n<li>Pakete bis 4kg: \u20ac10.-<\/li>\n<li>Ab einem Mindestbestellwert von \u20ac 100.- gratis Versand &#8211; ist im Warenkorb extra auszuw\u00e4hlen<\/li>\n<\/ul>\n<p>innerhalb Europas:<\/p>\n<ul>\n<li>P\u00e4ckchen: \u20ac10.-<\/li>\n<li>Pakete bis 2kg: \u20ac15.-<\/li>\n<li>Pakete bis 4kg: \u20ac20.-<\/li>\n<li>Ab einem Mindestbestellwert von \u20ac 150.- gratis Versand &#8211; ist im Warenkorb extra auszuw\u00e4hlen<\/li>\n<\/ul>\n<p>Die Versandkosten werden Ihnen im Warenkorbsystem und auf der Bestellseite nochmals deutlich mitgeteilt.<\/p>","protected":false},"excerpt":{"rendered":"<p>Preise, Versandkosten und Lieferinformationen Die auf den Produktseiten genannten Preise sind Fixpreise. Aufgrund der Kleinunternehmerregelung gem. \u00a76 Abs.1 Z27 UStG wird keine Umsatzsteuer f\u00fcr die Produkte verrechnet. Wir liefen innerhalb \u00d6sterreichs und europaweit. Lieferung an L\u00e4nder au\u00dferhalb Europas nur auf Anfrage. Zus\u00e4tzlich zu den angegebenen Preisen berechnen wir f\u00fcr die [&hellip;]<\/p>\n","protected":false},"author":1,"featured_media":0,"parent":0,"menu_order":0,"comment_status":"closed","ping_status":"closed","template":"","meta":{"footnotes":""},"class_list":["post-15","page","type-page","status-publish","hentry"],"jetpack_sharing_enabled":true,"_links":{"self":[{"href":"https:\/\/stoffega.com\/en\/wp-json\/wp\/v2\/pages\/15","targetHints":{"allow":["GET"]}}],"collection":[{"href":"https:\/\/stoffega.com\/en\/wp-json\/wp\/v2\/pages"}],"about":[{"href":"https:\/\/stoffega.com\/en\/wp-json\/wp\/v2\/types\/page"}],"author":[{"embeddable":true,"href":"https:\/\/stoffega.com\/en\/wp-json\/wp\/v2\/users\/1"}],"replies":[{"embeddable":true,"href":"https:\/\/stoffega.com\/en\/wp-json\/wp\/v2\/comments?post=15"}],"version-history":[{"count":4,"href":"https:\/\/stoffega.com\/en\/wp-json\/wp\/v2\/pages\/15\/revisions"}],"predecessor-version":[{"id":6852,"href":"https:\/\/stoffega.com\/en\/wp-json\/wp\/v2\/pages\/15\/revisions\/6852"}],"wp:attachment":[{"href":"https:\/\/stoffega.com\/en\/wp-json\/wp\/v2\/media?parent=15"}],"curies":[{"name":"wp","href":"https:\/\/api.w.org\/{rel}","templated":true}]}}