{"id":19,"date":"2020-01-30T17:38:52","date_gmt":"2020-01-30T17:38:52","guid":{"rendered":"https:\/\/stoffega.live-website.com\/zahlungsweisen"},"modified":"2021-12-15T11:39:34","modified_gmt":"2021-12-15T09:39:34","slug":"zahlungsweisen","status":"publish","type":"page","link":"https:\/\/stoffega.com\/en\/zahlungsweisen","title":{"rendered":"Zahlungsweisen"},"content":{"rendered":"<p><strong>Zahlungsarten<\/strong><\/p>\n<p>Wir bieten Ihnen folgende Zahlungsarten an. Suchen Sie sich einfach die f\u00fcr Sie optimale Zahlart aus.<\/p>\n<p>Die in den jeweiligen Angeboten angef\u00fchrten Preise stellen Endpreise dar. Sie beinhalten alle Preisbestandteile einschlie\u00dflich etwaig anfallender Steuern. Nur bei grenz\u00fcberschreitender Lieferung k\u00f6nnen im Einzelfall weitere Abgaben (z.B. Z\u00f6lle) von Ihnen zu zahlen sein, jedoch nicht an den Verk\u00e4ufer, sondern an die dort zust\u00e4ndigen Zoll- bzw. Steuerbeh\u00f6rden.<\/p>\n<p>Die anfallenden Liefer- und Versandkosten sind nicht im Kaufpreis enthalten, sie sind \u00fcber die Seite \u201eVersandkosten\u201c aufrufbar, werden im Laufe des Bestellvorganges gesondert ausgewiesen und sind von Ihnen zus\u00e4tzlich zu tragen.<\/p>\n<p><strong>Vorkasse<\/strong><\/p>\n<p>Die Ware wird sofort nach Eingang der Zahlung versandt.<\/p>\n<p>Bitte \u00fcberweisen Sie den Gesamtbetrag Ihrer Bestellung auf unser Konto:<\/p>\n<p>Kontoinhaber: Mag. Astrid Egger<br \/>\nBankinstitut: Bank Austria<br \/>\nIBAN: AT83 1200 0009 1851 2146<br \/>\nBIC: BKAUATWW<\/p>\n<p><strong>Pa<\/strong><strong>yPal<\/strong><\/p>\n<p>Noch schneller und sicherer bezahlen mit ihrem PayPal-Konto.<\/p>\n<p><strong>Barzahlung<\/strong><\/p>\n<p>Bestellen Sie online und holen Sie Ihre Bestellung einfach vor Ort nach telefonischer Vereinbarung ab:<\/p>\n<p>stoffEGA; Gritschacher Stra\u00dfe 10; 9500 Villach; +43 664 2251999<\/p>","protected":false},"excerpt":{"rendered":"<p>Zahlungsarten Wir bieten Ihnen folgende Zahlungsarten an. Suchen Sie sich einfach die f\u00fcr Sie optimale Zahlart aus. Die in den jeweiligen Angeboten angef\u00fchrten Preise stellen Endpreise dar. Sie beinhalten alle Preisbestandteile einschlie\u00dflich etwaig anfallender Steuern. Nur bei grenz\u00fcberschreitender Lieferung k\u00f6nnen im Einzelfall weitere Abgaben (z.B. Z\u00f6lle) von Ihnen zu zahlen [&hellip;]<\/p>\n","protected":false},"author":1,"featured_media":0,"parent":0,"menu_order":0,"comment_status":"closed","ping_status":"closed","template":"","meta":{"footnotes":""},"class_list":["post-19","page","type-page","status-publish","hentry"],"jetpack_sharing_enabled":true,"_links":{"self":[{"href":"https:\/\/stoffega.com\/en\/wp-json\/wp\/v2\/pages\/19","targetHints":{"allow":["GET"]}}],"collection":[{"href":"https:\/\/stoffega.com\/en\/wp-json\/wp\/v2\/pages"}],"about":[{"href":"https:\/\/stoffega.com\/en\/wp-json\/wp\/v2\/types\/page"}],"author":[{"embeddable":true,"href":"https:\/\/stoffega.com\/en\/wp-json\/wp\/v2\/users\/1"}],"replies":[{"embeddable":true,"href":"https:\/\/stoffega.com\/en\/wp-json\/wp\/v2\/comments?post=19"}],"version-history":[{"count":3,"href":"https:\/\/stoffega.com\/en\/wp-json\/wp\/v2\/pages\/19\/revisions"}],"predecessor-version":[{"id":4897,"href":"https:\/\/stoffega.com\/en\/wp-json\/wp\/v2\/pages\/19\/revisions\/4897"}],"wp:attachment":[{"href":"https:\/\/stoffega.com\/en\/wp-json\/wp\/v2\/media?parent=19"}],"curies":[{"name":"wp","href":"https:\/\/api.w.org\/{rel}","templated":true}]}}