{"id":21,"date":"2020-01-30T17:38:52","date_gmt":"2020-01-30T17:38:52","guid":{"rendered":"https:\/\/stoffega.live-website.com\/allgemeine_geschaeftsbedingungen"},"modified":"2020-03-28T15:36:25","modified_gmt":"2020-03-28T15:36:25","slug":"allgemeine_geschaeftsbedingungen","status":"publish","type":"page","link":"https:\/\/stoffega.com\/en\/allgemeine_geschaeftsbedingungen","title":{"rendered":"Allgemeine Gesch\u00e4ftsbedingungen"},"content":{"rendered":"<p><strong>Allgemeine Gesch\u00e4ftsbedingungen mit Kundeninformationen<\/strong><\/p>\n<p>1. Geltungsbereich<br \/>\n2. Angebote und Leistungsbeschreibungen<br \/>\n3. Bestellvorgang und Vertragsabschluss<br \/>\n4. Preise und Versandkosten<br \/>\n5. Lieferung, Warenverf\u00fcgbarkeit<br \/>\n6. Zahlungsmodalit\u00e4ten<br \/>\n7. Eigentumsvorbehalt<br \/>\n8. Widerrufsrecht<br \/>\n9. Datenschutz<br \/>\n10. Speicherung des Vertragstextes<br \/>\n11. Schlussbestimmungen<\/p>\n<p><strong>1. Geltungsbereich<\/strong><br \/>\n1.1. F\u00fcr die Gesch\u00e4ftsbeziehung zwischen stoffEGA, Inhaberin: Mag. Astrid Egger; Gritschacher Stra\u00dfe 10; 9500 Villach (nachfolgend \u201eVerk\u00e4ufer\u201c) und dem Kunden (nachfolgend \u201eKunde\u201c) gelten ausschlie\u00dflich die nachfolgenden Allgemeinen Gesch\u00e4ftsbedingungen in ihrer zum Zeitpunkt der Bestellung g\u00fcltigen Fassung.<\/p>\n<p>1.2. Sie erreichen unseren Kundendienst f\u00fcr Fragen, Reklamationen und Beanstandungen werktags von [8:00 bis 16:00\u00a0 unter der Telefonnummer +43 664 2251999 sowie per E-Mail unter astrid.egger@stoffega.com.<\/p>\n<p>1.3. Verbraucher im Sinne dieser AGB ist jede nat\u00fcrliche Person, die ein Rechtsgesch\u00e4ft zu einem Zwecke abschlie\u00dft, der \u00fcberwiegend weder ihrer gewerblichen noch ihrer selbstst\u00e4ndigen beruflichen T\u00e4tigkeit zugerechnet werden kann (\u00a7 13 BGB).<\/p>\n<p>1.4. Abweichende Bedingungen des Kunden werden nicht anerkannt, es sei denn, der Verk\u00e4ufer stimmt ihrer Geltung ausdr\u00fccklich zu.<\/p>\n<p><strong>2. Angebote und Leistungsbeschreibungen<\/strong><br \/>\n2.1. Die Darstellung der Produkte im Online-Shop stellt kein rechtlich bindendes Angebot, sondern eine Aufforderung zur Abgabe einer Bestellung dar. Leistungsbeschreibungen in Katalogen sowie auf den Websites des Verk\u00e4ufers haben nicht den Charakter einer Zusicherung oder Garantie.<\/p>\n<p>2.2. Alle Angebote gelten \u201esolange der Vorrat reicht\u201c, wenn nicht bei den Produkten etwas anderes vermerkt ist. Im \u00dcbrigen bleiben Irrt\u00fcmer vorbehalten.<\/p>\n<p><strong>3. Bestellvorgang und Vertragsabschluss<\/strong><br \/>\n3.1. Der Kunde kann aus dem Sortiment des Verk\u00e4ufers Produkte unverbindlich ausw\u00e4hlen und diese \u00fcber die Schaltfl\u00e4che &#8222;in den Warenkorb&#8220; in einem so genannten Warenkorb sammeln. Innerhalb des Warenkorbes kann die Produktauswahl ver\u00e4ndert, z.B. gel\u00f6scht werden. Anschlie\u00dfend kann der Kunde innerhalb des Warenkorbs \u00fcber die Schaltfl\u00e4che &#8222;Weiter zur Kasse&#8220; zum Abschluss des Bestellvorgangs schreiten.<\/p>\n<p>3.2. \u00dcber die Schaltfl\u00e4che &#8222;zahlungspflichtig bestellen&#8220; gibt der Kunde einen verbindlichen Antrag zum Kauf der im Warenkorb befindlichen Waren ab. Vor Abschicken der Bestellung kann der Kunde die Daten jederzeit \u00e4ndern und einsehen sowie mithilfe der Browserfunktion &#8222;zur\u00fcck&#8220; zum Warenkorb zur\u00fcckgehen oder den Bestellvorgang insgesamt abbrechen. Notwendige Angaben sind mit einem Sternchen (*) gekennzeichnet.<\/p>\n<p>3.3. Der Verk\u00e4ufer schickt daraufhin dem Kunden eine automatische Empfangsbest\u00e4tigung per E-Mail zu, in welcher die Bestellung des Kunden nochmals aufgef\u00fchrt wird und die der Kunde \u00fcber die Funktion \u201eDrucken\u201c ausdrucken kann (Bestellbest\u00e4tigung). Die automatische Empfangsbest\u00e4tigung dokumentiert lediglich, dass die Bestellung des Kunden beim Verk\u00e4ufer eingegangen ist und stellt keine Annahme des Antrags dar. Der Kaufvertrag kommt erst dann zustande, wenn der Verk\u00e4ufer das bestellte Produkt innerhalb von 2 Tagen an den Kunden versendet, \u00fcbergeben oder den Versand an den Kunden innerhalb von 2 Tagen mit einer zweiten E-Mail, ausdr\u00fccklicher Auftragsbest\u00e4tigung oder Zusendung der Rechnung best\u00e4tigt hat.<\/p>\n<p>3.4. Sollte der Verk\u00e4ufer eine Vorkassezahlung erm\u00f6glichen, kommt der Vertrag mit der Bereitstellung der Bankdaten und Zahlungsaufforderung zustande. Wenn die Zahlung trotz F\u00e4lligkeit auch nach erneuter Aufforderung nicht bis zu einem Zeitpunkt von 10 Kalendertagen nach Absendung der Bestellbest\u00e4tigung beim Verk\u00e4ufer eingegangen ist, tritt der Verk\u00e4ufer vom Vertrag zur\u00fcck mit der Folge, dass die Bestellung hinf\u00e4llig ist und den Verk\u00e4ufer keine Lieferpflicht trifft. Die Bestellung ist dann f\u00fcr den K\u00e4ufer und Verk\u00e4ufer ohne weitere Folgen erledigt. Eine Reservierung des Artikels bei Vorkassezahlungen erfolgt daher l\u00e4ngstens f\u00fcr 10 Kalendertage.<\/p>\n<p><strong>4. Preise und Versandkosten<\/strong><br \/>\n4.1. Alle Preise, die auf der Website des Verk\u00e4ufers angegeben sind, sind ohne Umsatzsteuer ausgewiesen, da der Verk\u00e4ufer laut der Kleinunternehmerregelung gem.\u00a76 Abs.1 Z27 UStG umsatzsteuerbefreit ist.<\/p>\n<p>4.2. Zus\u00e4tzlich zu den angegebenen Preisen berechnet der Verk\u00e4ufer f\u00fcr die Lieferung Versandkosten. Die Versandkosten werden dem K\u00e4ufer auf einer gesonderten Informationsseite und im Rahmen des Bestellvorgangs deutlich mitgeteilt.<\/p>\n<p><strong>5. Lieferung, Warenverf\u00fcgbarkeit<\/strong><br \/>\n5.1. Soweit Vorkasse vereinbart ist, erfolgt die Lieferung nach Eingang des Rechnungsbetrages.<\/p>\n<p>5.2. Sollte die Zustellung der Ware durch Verschulden des K\u00e4ufers trotz dreimaligem Auslieferversuchs scheitern, kann der Verk\u00e4ufer vom Vertrag zur\u00fccktreten. Ggf. geleistete Zahlungen werden dem Kunden unverz\u00fcglich erstattet.<\/p>\n<p>5.3. Kunden werden \u00fcber Lieferzeiten und Lieferbeschr\u00e4nkungen (z.B. Beschr\u00e4nkung der Lieferungen auf bestimmten L\u00e4nder) auf einer gesonderten Informationsseite oder innerhalb der jeweiligen Produktbeschreibung unterrichtet.<\/p>\n<p>5.4. Beim Versand der Ware geht die Gefahr f\u00fcr den Verlust oder die Besch\u00e4digung der Ware erst auf den Verbraucher \u00fcber, sobald die Ware an den Verbraucher oder an einen von diesem bestimmten, vom Bef\u00f6rderer verschiedenen Dritten abgeliefert wird. Hat aber der Verbraucher selbst den Bef\u00f6rderungsvertrag geschlossen, ohne dabei eine unsererseits vorgeschlagene Auswahlm\u00f6glichkeit zu n\u00fctzen, so geht die Gefahr bereits mit der Aush\u00e4ndigung der Ware an den Bef\u00f6rderer \u00fcber.<\/p>\n<p><strong>6. Zahlungsmodalit\u00e4ten<\/strong><br \/>\n6.1. Der Kunde kann im Rahmen und vor Abschluss des Bestellvorgangs aus den zur Verf\u00fcgung stehenden Zahlungsarten w\u00e4hlen. Kunden werden \u00fcber die zur Verf\u00fcgung stehenden Zahlungsmittel auf einer gesonderten Informationsseite unterrichtet.<\/p>\n<p>6.2. Werden Drittanbieter mit der Zahlungsabwicklung beauftragt, z.B. Paypal. gelten deren Allgemeine Gesch\u00e4ftsbedingungen.<\/p>\n<p><strong>7. Eigentumsvorbehalt<\/strong><br \/>\nBis zur vollst\u00e4ndigen Bezahlung verbleiben die gelieferten Waren im Eigentum des Verk\u00e4ufers.<\/p>\n<p><strong>8. Widerrufsrecht<\/strong><br \/>\n8.1. Der <span>Kunde hat das Recht, binnen vierzehn Tagen ohne Angabe von Gr\u00fcnden diesen Vertrag zu widerrufen. Detaillierte Informationen zum Widerrufsrecht entnehmen Sie bitte der separaten Seite &#8222;Widerruf&#8220;.<\/span><\/p>\n<p><strong>9. Datenschutz<span>\u00a0<\/span><\/strong>Pers\u00f6nliche Daten der Kunden werden nur zu internen Zwecken der Vertragserf\u00fcllung gespeichert und nicht an Dritte weitergegeben (davon ausgenommen sind die mit der Lieferung beauftragten Versanddienstleister). Detaillierte Informationen zum Datenschutz entnehmen Sie bitte der separaten Datenschutzerkl\u00e4rung.<\/p>\n<p><strong>10. Speicherung des Vertragstextes<\/strong><br \/>\n10.1. Der Kunde kann den Vertragstext vor der Abgabe der Bestellung an den Verk\u00e4ufer ausdrucken, indem er im letzten Schritt der Bestellung die Druckfunktion seines Browsers nutzt.<\/p>\n<p>10.2. Der Verk\u00e4ufer sendet dem Kunden au\u00dferdem eine Bestellbest\u00e4tigung mit allen Bestelldaten an die von Ihm angegebene E-Mail-Adresse zu. Mit der Bestellbest\u00e4tigung, sp\u00e4testens jedoch bei der Lieferung der Ware, erh\u00e4lt der Kunde ferner eine Kopie der AGB nebst Widerrufsbelehrung und den Hinweisen zu Versandkosten sowie Liefer- und Zahlungsbedingungen. Sofern Sie sich in unserem Shop registriert haben sollten, k\u00f6nnen Sie in Ihrem Profilbereich Ihre aufgegebenen Bestellungen einsehen. Dar\u00fcber hinaus speichern wir den Vertragstext, machen ihn jedoch im Internet nicht zug\u00e4nglich.<\/p>\n<p><strong><strong>11. Schlussbestimmungen<\/strong><br \/>\n<\/strong>11.1. Gerichtstand und Erf\u00fcllungsort ist der Sitz des Verk\u00e4ufers.<\/p>\n<p>11.2. Vertragssprache ist deutsch.<\/p>\n<p>11.3. Wir sind nicht bereit und nicht verpflichtet an einem Streitbeilegungsverfahren vor einer Verbraucherschlichtungsstelle teilzunehmen.<\/p>","protected":false},"excerpt":{"rendered":"<p>Allgemeine Gesch\u00e4ftsbedingungen mit Kundeninformationen 1. Geltungsbereich 2. Angebote und Leistungsbeschreibungen 3. Bestellvorgang und Vertragsabschluss 4. Preise und Versandkosten 5. Lieferung, Warenverf\u00fcgbarkeit 6. Zahlungsmodalit\u00e4ten 7. Eigentumsvorbehalt 8. Widerrufsrecht 9. Datenschutz 10. Speicherung des Vertragstextes 11. Schlussbestimmungen 1. Geltungsbereich 1.1. F\u00fcr die Gesch\u00e4ftsbeziehung zwischen stoffEGA, Inhaberin: Mag. Astrid Egger; Gritschacher Stra\u00dfe 10; [&hellip;]<\/p>\n","protected":false},"author":1,"featured_media":0,"parent":0,"menu_order":0,"comment_status":"closed","ping_status":"closed","template":"","meta":{"footnotes":""},"class_list":["post-21","page","type-page","status-publish","hentry"],"jetpack_sharing_enabled":true,"_links":{"self":[{"href":"https:\/\/stoffega.com\/en\/wp-json\/wp\/v2\/pages\/21","targetHints":{"allow":["GET"]}}],"collection":[{"href":"https:\/\/stoffega.com\/en\/wp-json\/wp\/v2\/pages"}],"about":[{"href":"https:\/\/stoffega.com\/en\/wp-json\/wp\/v2\/types\/page"}],"author":[{"embeddable":true,"href":"https:\/\/stoffega.com\/en\/wp-json\/wp\/v2\/users\/1"}],"replies":[{"embeddable":true,"href":"https:\/\/stoffega.com\/en\/wp-json\/wp\/v2\/comments?post=21"}],"version-history":[{"count":6,"href":"https:\/\/stoffega.com\/en\/wp-json\/wp\/v2\/pages\/21\/revisions"}],"predecessor-version":[{"id":980,"href":"https:\/\/stoffega.com\/en\/wp-json\/wp\/v2\/pages\/21\/revisions\/980"}],"wp:attachment":[{"href":"https:\/\/stoffega.com\/en\/wp-json\/wp\/v2\/media?parent=21"}],"curies":[{"name":"wp","href":"https:\/\/api.w.org\/{rel}","templated":true}]}}