{"id":10375,"date":"2024-11-06T13:23:06","date_gmt":"2024-11-06T11:23:06","guid":{"rendered":"https:\/\/stoffega.com\/?post_type=product&#038;p=10375"},"modified":"2025-06-02T20:59:09","modified_gmt":"2025-06-02T18:59:09","slug":"galaxystern-3-2-2-2-2-2-3-2","status":"publish","type":"product","link":"https:\/\/stoffega.com\/en\/product\/galaxystern-3-2-2-2-2-2-3-2","title":{"rendered":"Paris"},"content":{"rendered":"<p>Durch die zwei Rei\u00dfverschlussf\u00e4cher k\u00f6nnen alle Dinge sicher und \u00fcbersichtlich verstaut werden.<\/p>\n<p>Die R\u00fcckseite des T\u00e4schchens ist einf\u00e4rbig mit Leinen gearbeitet.<\/p>","protected":false},"excerpt":{"rendered":"<p>handgefertigt aus hochwertigen Baumwollstoffen und wunderbar weichen Essex-Leinen<\/p>\n<p>Gr\u00f6\u00dfe: ca. 15cm x 10,5 cm<\/p>","protected":false},"featured_media":12345,"comment_status":"closed","ping_status":"closed","template":"","meta":[],"product_brand":[],"product_cat":[112],"product_tag":[],"class_list":{"0":"post-10375","1":"product","2":"type-product","3":"status-publish","4":"has-post-thumbnail","6":"product_cat-double-zip-pouches-klein","7":"product_shipping_class-paeckchen","9":"first","10":"instock","11":"sold-individually","12":"shipping-taxable","13":"purchasable","14":"product-type-simple"},"jetpack_sharing_enabled":true,"_links":{"self":[{"href":"https:\/\/stoffega.com\/en\/wp-json\/wp\/v2\/product\/10375","targetHints":{"allow":["GET"]}}],"collection":[{"href":"https:\/\/stoffega.com\/en\/wp-json\/wp\/v2\/product"}],"about":[{"href":"https:\/\/stoffega.com\/en\/wp-json\/wp\/v2\/types\/product"}],"replies":[{"embeddable":true,"href":"https:\/\/stoffega.com\/en\/wp-json\/wp\/v2\/comments?post=10375"}],"wp:featuredmedia":[{"embeddable":true,"href":"https:\/\/stoffega.com\/en\/wp-json\/wp\/v2\/media\/12345"}],"wp:attachment":[{"href":"https:\/\/stoffega.com\/en\/wp-json\/wp\/v2\/media?parent=10375"}],"wp:term":[{"taxonomy":"product_brand","embeddable":true,"href":"https:\/\/stoffega.com\/en\/wp-json\/wp\/v2\/product_brand?post=10375"},{"taxonomy":"product_cat","embeddable":true,"href":"https:\/\/stoffega.com\/en\/wp-json\/wp\/v2\/product_cat?post=10375"},{"taxonomy":"product_tag","embeddable":true,"href":"https:\/\/stoffega.com\/en\/wp-json\/wp\/v2\/product_tag?post=10375"}],"curies":[{"name":"wp","href":"https:\/\/api.w.org\/{rel}","templated":true}]}}