{"id":10852,"date":"2025-01-22T13:27:05","date_gmt":"2025-01-22T11:27:05","guid":{"rendered":"https:\/\/stoffega.com\/?post_type=product&#038;p=10852"},"modified":"2025-01-22T13:27:50","modified_gmt":"2025-01-22T11:27:50","slug":"zacken-2-2-2-3-2-2-2-2-2-2","status":"publish","type":"product","link":"https:\/\/stoffega.com\/en\/product\/zacken-2-2-2-3-2-2-2-2-2-2","title":{"rendered":"Schwarze Bl\u00fcmchen"},"content":{"rendered":"<p>Diese Geldb\u00f6rse\u00a0 hat am oberen Ende einen Metallrahmen, den man durch Zusammendr\u00fccken \u00f6ffnen kann. So sind M\u00fcnzen und Papiergeld sicher verwahrt.<\/p>","protected":false},"excerpt":{"rendered":"<p>handgefertigt aus hochwertigem portugiesischem Korkleder<\/p>\n<p>Gr\u00f6\u00dfe: ca. 9 cm x 6 cm<\/p>","protected":false},"featured_media":10853,"comment_status":"closed","ping_status":"closed","template":"","meta":[],"product_brand":[],"product_cat":[342],"product_tag":[244,275,245,242,308,250,310,309],"class_list":{"0":"post-10852","1":"product","2":"type-product","3":"status-publish","4":"has-post-thumbnail","6":"product_cat-schnapp-geldboerse","7":"product_tag-brieftasche","8":"product_tag-geld","9":"product_tag-geldbeutel","10":"product_tag-geldboerse","11":"product_tag-geldtaeschchen","12":"product_tag-geldtasche","13":"product_tag-minigeldbeutel","14":"product_tag-minitasche","15":"product_shipping_class-paeckchen","17":"first","18":"instock","19":"shipping-taxable","20":"purchasable","21":"product-type-simple"},"jetpack_sharing_enabled":true,"_links":{"self":[{"href":"https:\/\/stoffega.com\/en\/wp-json\/wp\/v2\/product\/10852","targetHints":{"allow":["GET"]}}],"collection":[{"href":"https:\/\/stoffega.com\/en\/wp-json\/wp\/v2\/product"}],"about":[{"href":"https:\/\/stoffega.com\/en\/wp-json\/wp\/v2\/types\/product"}],"replies":[{"embeddable":true,"href":"https:\/\/stoffega.com\/en\/wp-json\/wp\/v2\/comments?post=10852"}],"wp:featuredmedia":[{"embeddable":true,"href":"https:\/\/stoffega.com\/en\/wp-json\/wp\/v2\/media\/10853"}],"wp:attachment":[{"href":"https:\/\/stoffega.com\/en\/wp-json\/wp\/v2\/media?parent=10852"}],"wp:term":[{"taxonomy":"product_brand","embeddable":true,"href":"https:\/\/stoffega.com\/en\/wp-json\/wp\/v2\/product_brand?post=10852"},{"taxonomy":"product_cat","embeddable":true,"href":"https:\/\/stoffega.com\/en\/wp-json\/wp\/v2\/product_cat?post=10852"},{"taxonomy":"product_tag","embeddable":true,"href":"https:\/\/stoffega.com\/en\/wp-json\/wp\/v2\/product_tag?post=10852"}],"curies":[{"name":"wp","href":"https:\/\/api.w.org\/{rel}","templated":true}]}}