{"id":10969,"date":"2025-02-18T18:57:44","date_gmt":"2025-02-18T16:57:44","guid":{"rendered":"https:\/\/stoffega.com\/?post_type=product&#038;p=10969"},"modified":"2025-02-18T18:58:35","modified_gmt":"2025-02-18T16:58:35","slug":"bunte-streifen-kopie-kopie-2-2-2-2-2-2","status":"publish","type":"product","link":"https:\/\/stoffega.com\/en\/product\/bunte-streifen-kopie-kopie-2-2-2-2-2-2","title":{"rendered":"Portugiesische Fliesen"},"content":{"rendered":"<p>Dieses Schl\u00fcsselband ist ein praktischer Begleiter. Das Band l\u00e4sst sich gut \u00fcber die Hand streifen und so braucht man den Schl\u00fcssel nicht extra festhalten. Nat\u00fcrlich hilft es auch, den Schl\u00fcssel leichter in der Handtasche zu finden.<\/p>\n<p>&nbsp;<\/p>","protected":false},"excerpt":{"rendered":"<p><span>handgefertigt aus hochwertigem Kork<\/span><\/p>\n<p>Gr\u00f6\u00dfe: ca. 13cm x 3,5cm<\/p>","protected":false},"featured_media":10970,"comment_status":"closed","ping_status":"closed","template":"","meta":[],"product_brand":[],"product_cat":[150],"product_tag":[],"class_list":{"0":"post-10969","1":"product","2":"type-product","3":"status-publish","4":"has-post-thumbnail","6":"product_cat-korkschluesselanhaenger","7":"product_shipping_class-paeckchen","9":"first","10":"instock","11":"sold-individually","12":"shipping-taxable","13":"purchasable","14":"product-type-simple"},"jetpack_sharing_enabled":true,"_links":{"self":[{"href":"https:\/\/stoffega.com\/en\/wp-json\/wp\/v2\/product\/10969","targetHints":{"allow":["GET"]}}],"collection":[{"href":"https:\/\/stoffega.com\/en\/wp-json\/wp\/v2\/product"}],"about":[{"href":"https:\/\/stoffega.com\/en\/wp-json\/wp\/v2\/types\/product"}],"replies":[{"embeddable":true,"href":"https:\/\/stoffega.com\/en\/wp-json\/wp\/v2\/comments?post=10969"}],"wp:featuredmedia":[{"embeddable":true,"href":"https:\/\/stoffega.com\/en\/wp-json\/wp\/v2\/media\/10970"}],"wp:attachment":[{"href":"https:\/\/stoffega.com\/en\/wp-json\/wp\/v2\/media?parent=10969"}],"wp:term":[{"taxonomy":"product_brand","embeddable":true,"href":"https:\/\/stoffega.com\/en\/wp-json\/wp\/v2\/product_brand?post=10969"},{"taxonomy":"product_cat","embeddable":true,"href":"https:\/\/stoffega.com\/en\/wp-json\/wp\/v2\/product_cat?post=10969"},{"taxonomy":"product_tag","embeddable":true,"href":"https:\/\/stoffega.com\/en\/wp-json\/wp\/v2\/product_tag?post=10969"}],"curies":[{"name":"wp","href":"https:\/\/api.w.org\/{rel}","templated":true}]}}