{"id":10996,"date":"2025-02-18T22:59:58","date_gmt":"2025-02-18T20:59:58","guid":{"rendered":"https:\/\/stoffega.com\/?post_type=product&#038;p=10996"},"modified":"2025-02-18T23:00:24","modified_gmt":"2025-02-18T21:00:24","slug":"kork-hexagon-gross-2-5-2-2-2-2-2-2-3","status":"publish","type":"product","link":"https:\/\/stoffega.com\/en\/product\/kork-hexagon-gross-2-5-2-2-2-2-2-2-3","title":{"rendered":"Kork-Hexagon gro\u00df"},"content":{"rendered":"<p>Diese Untersetzer sind praktisch am Schreibtisch zum Abstellen von Wasserglas oder Kaffeetasse. Der Kork ist wasserabweisend und verhindert so unsch\u00f6ne Wasserringe am Tisch.<\/p>\n<p>Nat\u00fcrlich kann man sie ebenso als Unterlage\u00a0 f\u00fcr T\u00f6pfe, Wasserkr\u00fcge und hei\u00dfe Serviersch\u00fcsseln verwenden.<\/p>\n<p>Die R\u00fcckseite ist aus naturf\u00e4rbigem Kork gearbeitet.<\/p>","protected":false},"excerpt":{"rendered":"<p>handgefertigt aus hochwertigen portugiesischen Kork<\/p>\n<p>Gr\u00f6\u00dfe:\u00a0 Durchmesser ca. 17 cm<\/p>","protected":false},"featured_media":10997,"comment_status":"closed","ping_status":"closed","template":"","meta":[],"product_brand":[],"product_cat":[65],"product_tag":[419,417,421,420,418],"class_list":{"0":"post-10996","1":"product","2":"type-product","3":"status-publish","4":"has-post-thumbnail","6":"product_cat-tischsets-mug-rugs","7":"product_tag-auflage","8":"product_tag-mug-rug","9":"product_tag-tischquilt","10":"product_tag-topflappen","11":"product_tag-untersetzer","12":"product_shipping_class-paeckchen","14":"first","15":"instock","16":"shipping-taxable","17":"purchasable","18":"product-type-simple"},"jetpack_sharing_enabled":true,"_links":{"self":[{"href":"https:\/\/stoffega.com\/en\/wp-json\/wp\/v2\/product\/10996","targetHints":{"allow":["GET"]}}],"collection":[{"href":"https:\/\/stoffega.com\/en\/wp-json\/wp\/v2\/product"}],"about":[{"href":"https:\/\/stoffega.com\/en\/wp-json\/wp\/v2\/types\/product"}],"replies":[{"embeddable":true,"href":"https:\/\/stoffega.com\/en\/wp-json\/wp\/v2\/comments?post=10996"}],"wp:featuredmedia":[{"embeddable":true,"href":"https:\/\/stoffega.com\/en\/wp-json\/wp\/v2\/media\/10997"}],"wp:attachment":[{"href":"https:\/\/stoffega.com\/en\/wp-json\/wp\/v2\/media?parent=10996"}],"wp:term":[{"taxonomy":"product_brand","embeddable":true,"href":"https:\/\/stoffega.com\/en\/wp-json\/wp\/v2\/product_brand?post=10996"},{"taxonomy":"product_cat","embeddable":true,"href":"https:\/\/stoffega.com\/en\/wp-json\/wp\/v2\/product_cat?post=10996"},{"taxonomy":"product_tag","embeddable":true,"href":"https:\/\/stoffega.com\/en\/wp-json\/wp\/v2\/product_tag?post=10996"}],"curies":[{"name":"wp","href":"https:\/\/api.w.org\/{rel}","templated":true}]}}