{"id":11093,"date":"2025-02-18T23:37:10","date_gmt":"2025-02-18T21:37:10","guid":{"rendered":"https:\/\/stoffega.com\/?post_type=product&#038;p=11093"},"modified":"2026-01-28T18:13:08","modified_gmt":"2026-01-28T16:13:08","slug":"kork-hexagon-klein-8-3","status":"publish","type":"product","link":"https:\/\/stoffega.com\/en\/product\/kork-hexagon-klein-8-3","title":{"rendered":"Kork-Hexagon klein"},"content":{"rendered":"<p>Diese Untersetzer sind praktisch am Schreibtisch zum Abstellen von Wasserglas oder Kaffeetasse. Der Kork ist wasserabweisend und verhindert so unsch\u00f6ne Wasserringe am Tisch.<\/p>\n<p>Nat\u00fcrlich kann man sie ebenso als Unterlage&nbsp; f\u00fcr T\u00f6pfe, Wasserkr\u00fcge und hei\u00dfe Serviersch\u00fcsseln verwenden.<\/p>\n<p>Die R\u00fcckseite ist aus naturf\u00e4rbigem Kork gearbeitet.<\/p>","protected":false},"excerpt":{"rendered":"<p>handgefertigt aus hochwertigen portugiesischen Kork<\/p>\n<p>Gr\u00f6\u00dfe:&nbsp; Durchmesser ca. 10 cm<\/p>","protected":false},"featured_media":11094,"comment_status":"closed","ping_status":"closed","template":"","meta":[],"product_brand":[],"product_cat":[65],"product_tag":[419,417,421,420,418],"class_list":{"0":"post-11093","1":"product","2":"type-product","3":"status-publish","4":"has-post-thumbnail","6":"product_cat-tischsets-mug-rugs","7":"product_tag-auflage","8":"product_tag-mug-rug","9":"product_tag-tischquilt","10":"product_tag-topflappen","11":"product_tag-untersetzer","12":"product_shipping_class-paeckchen","14":"first","15":"instock","16":"shipping-taxable","17":"purchasable","18":"product-type-simple"},"jetpack_sharing_enabled":true,"_links":{"self":[{"href":"https:\/\/stoffega.com\/en\/wp-json\/wp\/v2\/product\/11093","targetHints":{"allow":["GET"]}}],"collection":[{"href":"https:\/\/stoffega.com\/en\/wp-json\/wp\/v2\/product"}],"about":[{"href":"https:\/\/stoffega.com\/en\/wp-json\/wp\/v2\/types\/product"}],"replies":[{"embeddable":true,"href":"https:\/\/stoffega.com\/en\/wp-json\/wp\/v2\/comments?post=11093"}],"wp:featuredmedia":[{"embeddable":true,"href":"https:\/\/stoffega.com\/en\/wp-json\/wp\/v2\/media\/11094"}],"wp:attachment":[{"href":"https:\/\/stoffega.com\/en\/wp-json\/wp\/v2\/media?parent=11093"}],"wp:term":[{"taxonomy":"product_brand","embeddable":true,"href":"https:\/\/stoffega.com\/en\/wp-json\/wp\/v2\/product_brand?post=11093"},{"taxonomy":"product_cat","embeddable":true,"href":"https:\/\/stoffega.com\/en\/wp-json\/wp\/v2\/product_cat?post=11093"},{"taxonomy":"product_tag","embeddable":true,"href":"https:\/\/stoffega.com\/en\/wp-json\/wp\/v2\/product_tag?post=11093"}],"curies":[{"name":"wp","href":"https:\/\/api.w.org\/{rel}","templated":true}]}}