{"id":11122,"date":"2025-02-19T10:21:51","date_gmt":"2025-02-19T08:21:51","guid":{"rendered":"https:\/\/stoffega.com\/?post_type=product&#038;p=11122"},"modified":"2025-10-15T10:10:49","modified_gmt":"2025-10-15T08:10:49","slug":"webkanten-2-2-2","status":"publish","type":"product","link":"https:\/\/stoffega.com\/en\/product\/webkanten-2-2-2","title":{"rendered":"Regenbogen"},"content":{"rendered":"<p>Dieses Schl\u00fcsselband ist ein praktischer Begleiter. Das Band l\u00e4sst sich gut \u00fcber die Hand streifen und so braucht man den Schl\u00fcssel nicht extra festhalten. Nat\u00fcrlich hilft es auch, den Schl\u00fcssel leichter in der Handtasche zu finden.<\/p>\n<p>Die Schl\u00fcsselb\u00e4nder sind aus zwei unterschiedlichen Designer-Patchworkstoffen bzw. manche\u00a0 auch mit dem wunderbar weichem Essex-Leinen gearbeitet und haben oben eine Metall-Klemme mit einer gro\u00dfen \u00d6se und einem zus\u00e4tzlichen Schl\u00fcsselring zum Befestigen der Schl\u00fcssel.<\/p>","protected":false},"excerpt":{"rendered":"<p><span>handgefertigt aus hochwertigen Baumwollstoffen\u00a0<\/span><\/p>\n<p>Gr\u00f6\u00dfe: ca. 13cm x 3,5cm<\/p>","protected":false},"featured_media":11123,"comment_status":"closed","ping_status":"closed","template":"","meta":[],"product_brand":[],"product_cat":[150],"product_tag":[344,345,223,221,343,227],"class_list":{"0":"post-11122","1":"product","2":"type-product","3":"status-publish","4":"has-post-thumbnail","6":"product_cat-korkschluesselanhaenger","7":"product_tag-key","8":"product_tag-keyfinder","9":"product_tag-schluessel","10":"product_tag-schluesselanhaenger","11":"product_tag-schluesselband","12":"product_tag-schluesselring","13":"product_shipping_class-paeckchen","15":"first","16":"instock","17":"shipping-taxable","18":"purchasable","19":"product-type-simple"},"jetpack_sharing_enabled":true,"_links":{"self":[{"href":"https:\/\/stoffega.com\/en\/wp-json\/wp\/v2\/product\/11122","targetHints":{"allow":["GET"]}}],"collection":[{"href":"https:\/\/stoffega.com\/en\/wp-json\/wp\/v2\/product"}],"about":[{"href":"https:\/\/stoffega.com\/en\/wp-json\/wp\/v2\/types\/product"}],"replies":[{"embeddable":true,"href":"https:\/\/stoffega.com\/en\/wp-json\/wp\/v2\/comments?post=11122"}],"wp:featuredmedia":[{"embeddable":true,"href":"https:\/\/stoffega.com\/en\/wp-json\/wp\/v2\/media\/11123"}],"wp:attachment":[{"href":"https:\/\/stoffega.com\/en\/wp-json\/wp\/v2\/media?parent=11122"}],"wp:term":[{"taxonomy":"product_brand","embeddable":true,"href":"https:\/\/stoffega.com\/en\/wp-json\/wp\/v2\/product_brand?post=11122"},{"taxonomy":"product_cat","embeddable":true,"href":"https:\/\/stoffega.com\/en\/wp-json\/wp\/v2\/product_cat?post=11122"},{"taxonomy":"product_tag","embeddable":true,"href":"https:\/\/stoffega.com\/en\/wp-json\/wp\/v2\/product_tag?post=11122"}],"curies":[{"name":"wp","href":"https:\/\/api.w.org\/{rel}","templated":true}]}}