{"id":11160,"date":"2025-02-19T15:57:14","date_gmt":"2025-02-19T13:57:14","guid":{"rendered":"https:\/\/stoffega.com\/?post_type=product&#038;p=11160"},"modified":"2025-10-29T13:28:10","modified_gmt":"2025-10-29T11:28:10","slug":"coming-soon-kopie","status":"publish","type":"product","link":"https:\/\/stoffega.com\/en\/product\/coming-soon-kopie","title":{"rendered":"Panther"},"content":{"rendered":"<p>Dieses Brieftaschenmodell besticht durch ihre kompakte Gr\u00f6\u00dfe und die sehr gut durchdachte Aufteilung im Inneren.<\/p>\n<p><span>Die Au\u00dfenseite ist aus<\/span><span> hochwertigen Leinenstoffen und portugiesischem Kork\u00a0 gearbeitet und hat ebenso wie die etwas gr\u00f6\u00dfere Version (Little Ruby) eine Lasche mit Druckknopf. die das Portemonnaie sicher verschlie\u00dft. <\/span>Beim \u00d6ffnen klappt die Geldb\u00f6rse etwas auseinander, sodass man einen perfekten \u00dcberblick \u00fcber den gesamten Inhalt hat.<\/p>\n<p>Im Inneren findet man 3 Kartenf\u00e4cher, 4 Steckf\u00e4cher f\u00fcr Geldscheine oder anderes und ein M\u00fcnzfach, dass mit einem Rei\u00dfverschluss verschlossen ist.<\/p>\n<p>Die Brieftasche ist auch bei 30\u00b0 im Feinwaschprogramm waschbar.<\/p>\n<p>Die Brieftasche<span>\u00a0<\/span><span> ist nach dem Schnitt Mini-Ruby von Hansedelli gearbeitet<\/span><\/p>","protected":false},"excerpt":{"rendered":"<p><span>handgefertigt aus hochwertigen Leinen- und Baumwollstoffen und portugiesischem Kork<\/span><\/p>\n<p>Gr\u00f6\u00dfe: ca. 11cm x 8cm x 3cm<\/p>","protected":false},"featured_media":11887,"comment_status":"closed","ping_status":"closed","template":"","meta":[],"product_brand":[],"product_cat":[524],"product_tag":[244,275,245,242,250,243],"class_list":{"0":"post-11160","1":"product","2":"type-product","3":"status-publish","4":"has-post-thumbnail","6":"product_cat-mini-ruby","7":"product_tag-brieftasche","8":"product_tag-geld","9":"product_tag-geldbeutel","10":"product_tag-geldboerse","11":"product_tag-geldtasche","12":"product_tag-portemonnaie","13":"product_shipping_class-paeckchen","15":"first","16":"instock","17":"shipping-taxable","18":"purchasable","19":"product-type-simple"},"jetpack_sharing_enabled":true,"_links":{"self":[{"href":"https:\/\/stoffega.com\/en\/wp-json\/wp\/v2\/product\/11160","targetHints":{"allow":["GET"]}}],"collection":[{"href":"https:\/\/stoffega.com\/en\/wp-json\/wp\/v2\/product"}],"about":[{"href":"https:\/\/stoffega.com\/en\/wp-json\/wp\/v2\/types\/product"}],"replies":[{"embeddable":true,"href":"https:\/\/stoffega.com\/en\/wp-json\/wp\/v2\/comments?post=11160"}],"wp:featuredmedia":[{"embeddable":true,"href":"https:\/\/stoffega.com\/en\/wp-json\/wp\/v2\/media\/11887"}],"wp:attachment":[{"href":"https:\/\/stoffega.com\/en\/wp-json\/wp\/v2\/media?parent=11160"}],"wp:term":[{"taxonomy":"product_brand","embeddable":true,"href":"https:\/\/stoffega.com\/en\/wp-json\/wp\/v2\/product_brand?post=11160"},{"taxonomy":"product_cat","embeddable":true,"href":"https:\/\/stoffega.com\/en\/wp-json\/wp\/v2\/product_cat?post=11160"},{"taxonomy":"product_tag","embeddable":true,"href":"https:\/\/stoffega.com\/en\/wp-json\/wp\/v2\/product_tag?post=11160"}],"curies":[{"name":"wp","href":"https:\/\/api.w.org\/{rel}","templated":true}]}}