{"id":11233,"date":"2025-02-19T18:10:25","date_gmt":"2025-02-19T16:10:25","guid":{"rendered":"https:\/\/stoffega.com\/?post_type=product&#038;p=11233"},"modified":"2025-02-19T18:11:39","modified_gmt":"2025-02-19T16:11:39","slug":"coming-soon-8-2-2-2-2-2-2-2-2-2-2-2","status":"publish","type":"product","link":"https:\/\/stoffega.com\/en\/product\/coming-soon-8-2-2-2-2-2-2-2-2-2-2-2","title":{"rendered":"Bunte Bl\u00e4tter"},"content":{"rendered":"<p>So klein, dass sie kaum gr\u00f6\u00dfer als eine Bankkarte ist, doch durch die ausgekl\u00fcgelte Faltung des Korks hat man drei getrennte Bereiche f\u00fcr M\u00fcnzen, scheine und Karten.<\/p>\n<p>Die Karten werden ganz vorne in die beiden daf\u00fcr vorgesehenen Schlitze gesteckt, dahinter finden die einmal gefaltenen Geldscheine ihren Platz und ganz hinten ist das Fach f\u00fcr die M\u00fcnzen, die man dann auch gut in die Klappe sch\u00fctteln kann, um einen besseren \u00dcberblick zu haben.<\/p>\n<p>Die Geldb\u00f6rse wird mit zwei Druckkn\u00f6pfen verschlossen, wobei der hintere nur zur Fixierung dient und eigentlich nicht ge\u00f6ffnet werden muss.<\/p>\n<p><span>Die Au\u00dfenseite ist aus<\/span><span> doppeltem hochwertigem portugiesischem Kork\u00a0 gearbeitet, wodurch die Tasche stabil und gut in der Hand liegt. <\/span><\/p>\n<p>Das Korkleder ist wasserabweisend und ganz leicht mit einem feuchten Tuch zu reinigen.<\/p>\n<p>&nbsp;<\/p>\n<p>&nbsp;<\/p>","protected":false},"excerpt":{"rendered":"<p><span>handgefertigt aus hochwertigem portugiesischem Kork<\/span><\/p>\n<p>Gr\u00f6\u00dfe: ca. 9cm x 6cm x 1cm<\/p>","protected":false},"featured_media":11234,"comment_status":"closed","ping_status":"closed","template":"","meta":[],"product_brand":[],"product_cat":[480],"product_tag":[244,275,245,242,250,243],"class_list":{"0":"post-11233","1":"product","2":"type-product","3":"status-publish","4":"has-post-thumbnail","6":"product_cat-mini-faltbrieftasche","7":"product_tag-brieftasche","8":"product_tag-geld","9":"product_tag-geldbeutel","10":"product_tag-geldboerse","11":"product_tag-geldtasche","12":"product_tag-portemonnaie","13":"product_shipping_class-paeckchen","15":"first","16":"instock","17":"shipping-taxable","18":"purchasable","19":"product-type-simple"},"jetpack_sharing_enabled":true,"_links":{"self":[{"href":"https:\/\/stoffega.com\/en\/wp-json\/wp\/v2\/product\/11233","targetHints":{"allow":["GET"]}}],"collection":[{"href":"https:\/\/stoffega.com\/en\/wp-json\/wp\/v2\/product"}],"about":[{"href":"https:\/\/stoffega.com\/en\/wp-json\/wp\/v2\/types\/product"}],"replies":[{"embeddable":true,"href":"https:\/\/stoffega.com\/en\/wp-json\/wp\/v2\/comments?post=11233"}],"wp:featuredmedia":[{"embeddable":true,"href":"https:\/\/stoffega.com\/en\/wp-json\/wp\/v2\/media\/11234"}],"wp:attachment":[{"href":"https:\/\/stoffega.com\/en\/wp-json\/wp\/v2\/media?parent=11233"}],"wp:term":[{"taxonomy":"product_brand","embeddable":true,"href":"https:\/\/stoffega.com\/en\/wp-json\/wp\/v2\/product_brand?post=11233"},{"taxonomy":"product_cat","embeddable":true,"href":"https:\/\/stoffega.com\/en\/wp-json\/wp\/v2\/product_cat?post=11233"},{"taxonomy":"product_tag","embeddable":true,"href":"https:\/\/stoffega.com\/en\/wp-json\/wp\/v2\/product_tag?post=11233"}],"curies":[{"name":"wp","href":"https:\/\/api.w.org\/{rel}","templated":true}]}}