{"id":11408,"date":"2025-02-24T17:58:40","date_gmt":"2025-02-24T15:58:40","guid":{"rendered":"https:\/\/stoffega.com\/?post_type=product&#038;p=11408"},"modified":"2026-03-15T12:14:04","modified_gmt":"2026-03-15T10:14:04","slug":"schwarz-mit-weissen-wellen-l-kopie-2-2-2-2","status":"publish","type":"product","link":"https:\/\/stoffega.com\/en\/product\/schwarz-mit-weissen-wellen-l-kopie-2-2-2-2","title":{"rendered":"Gelbt\u00f6ne &#8211; L"},"content":{"rendered":"<p>Dieses Kosmetiktasche ist mein neuestes &#8222;Scrap&#8220;-Produkt. Als Scraps werden beim Patchwork Stoffst\u00fccke, die zu klein oder zu unf\u00f6rmig sind, bezeichnet. Mit der Methode &#8222;Quilt as you go&#8220; n\u00e4he ich diese Scraps auf ein Vlies und so entsteht ein wirklich einzigartiges Panel, dass dann zur Au\u00dfenseite dieser Waschtasche verarbeitet wird.<\/p>\n<p>Die Tasche ist in den beiden gro\u00dfen Gr\u00f6\u00dfen so hoch, dass man Kosmetika bequem reinstellen kann, aber auch so breit, dass z.B. eine elektrische Zahnb\u00fcrste problemlos Platz findet. Die kleinste Gr\u00f6\u00dfe eignet sich gut als Kosmetikt\u00e4schchen f\u00fcr unterwegs oder f\u00fcr Kinder.<\/p>\n<p>Oben wird die Tasche mit einem Rei\u00dfverschluss leicht und sicher verschlossen.<\/p>\n<p>Im Inneren befinden sich zus\u00e4tzlich noch ein kleines Rei\u00dfverschlussfach und zwei Steckf\u00e4cher aus elastischem Mesh,\u00a0 in denen sich die kleineren Dinge gut aufbewahren lassen.<\/p>\n<p>Der Innenstoff der Tasche ist aus einer gewachsten Biobaumwolle und komplett wasserabweisend, sodass ausgeronnene Duschgels oder Lotionen im Koffer keine Probleme verursachen.<\/p>\n<p>In den beiden gro\u00dfen Versionen dieser Tasche ist ausreichend Platz f\u00fcr alle Kosmetika, die man zum Verreisen ben\u00f6tigt.<\/p>\n<p>Die Tasche kann bei 30\u00b0 Grad Feinw\u00e4sche in der Maschine gewaschen werden &#8211; jedoch nicht in den Trockner geben.<\/p>\n<p>Das T\u00e4schchen ist nach einem Schnittmuster von \u201eNoodlehead &#8211; Plover Pouch&#8220; gearbeitet, welches von mir noch adaptiert wurde.<\/p>","protected":false},"excerpt":{"rendered":"<p><span>handgefertigt aus hochwertigen Leinenstoffen, wunderbar weichen Essex-Leinen und\u00a0 wasserabweisenden Bio-Baumwollstoffen\u00a0<\/span><\/p>\n<p>Gr\u00f6\u00dfe: ca. 31cm x 22cm x 11cm<\/p>","protected":false},"featured_media":14579,"comment_status":"closed","ping_status":"closed","template":"","meta":[],"product_brand":[],"product_cat":[525],"product_tag":[165,164,160,163,162,161,166],"class_list":{"0":"post-11408","1":"product","2":"type-product","3":"status-publish","4":"has-post-thumbnail","6":"product_cat-scrapy-wash-pouch-3-groessen","7":"product_tag-badetasche","8":"product_tag-kosmetik","9":"product_tag-kosmetiktasche","10":"product_tag-kulturbeutel","11":"product_tag-taeschchen","12":"product_tag-waschtasche","13":"product_tag-zippertasche","14":"product_shipping_class-paeckchen","16":"first","17":"outofstock","18":"shipping-taxable","19":"purchasable","20":"product-type-simple"},"jetpack_sharing_enabled":true,"_links":{"self":[{"href":"https:\/\/stoffega.com\/en\/wp-json\/wp\/v2\/product\/11408","targetHints":{"allow":["GET"]}}],"collection":[{"href":"https:\/\/stoffega.com\/en\/wp-json\/wp\/v2\/product"}],"about":[{"href":"https:\/\/stoffega.com\/en\/wp-json\/wp\/v2\/types\/product"}],"replies":[{"embeddable":true,"href":"https:\/\/stoffega.com\/en\/wp-json\/wp\/v2\/comments?post=11408"}],"wp:featuredmedia":[{"embeddable":true,"href":"https:\/\/stoffega.com\/en\/wp-json\/wp\/v2\/media\/14579"}],"wp:attachment":[{"href":"https:\/\/stoffega.com\/en\/wp-json\/wp\/v2\/media?parent=11408"}],"wp:term":[{"taxonomy":"product_brand","embeddable":true,"href":"https:\/\/stoffega.com\/en\/wp-json\/wp\/v2\/product_brand?post=11408"},{"taxonomy":"product_cat","embeddable":true,"href":"https:\/\/stoffega.com\/en\/wp-json\/wp\/v2\/product_cat?post=11408"},{"taxonomy":"product_tag","embeddable":true,"href":"https:\/\/stoffega.com\/en\/wp-json\/wp\/v2\/product_tag?post=11408"}],"curies":[{"name":"wp","href":"https:\/\/api.w.org\/{rel}","templated":true}]}}