{"id":1154,"date":"2020-04-16T11:22:15","date_gmt":"2020-04-16T09:22:15","guid":{"rendered":"https:\/\/stoffega.com\/?post_type=product&#038;p=1154"},"modified":"2021-01-18T16:54:42","modified_gmt":"2021-01-18T14:54:42","slug":"mns-maske-zum-binden","status":"publish","type":"product","link":"https:\/\/stoffega.com\/en\/product\/mns-maske-zum-binden","title":{"rendered":"MNS-Maske zum Binden"},"content":{"rendered":"<p>Dieser Mund-Nasen-Schutz ist aus dichtem Baumwollstoff und einem d\u00fcnnen Baumwollvlies gen\u00e4ht. Das innenliegende Vlies sorgt durch seine dichte Struktur f\u00fcr eine bessere Undurchl\u00e4ssigkeit. Am oberen Ende ist ein Metallst\u00fcck eingearbeitet, sodass die Maske besser auf der Nase fixiert werden kann. Die seitlichen Schn\u00fcre sind farbecht und ebenfalls auskochbar. Sie werden am Hinterkopf und im Nacken zusammengebunden und k\u00f6nnen noch nach Bedarf gek\u00fcrzt werden. Die gebundene Maske ist gerade bei l\u00e4ngerem Bedarf bequemer zu tragen.<\/p>\n<p>Die MNS-Maske ist kein medizinisches Produkt, sondern dient vorwiegend zum Fremdschutz, damit beim Sprechen keine Tr\u00f6pfchen auf das Gegen\u00fcber \u00fcbertragen werden.<\/p>\n<p>Die MNS-Maske muss nach jedem Gebrauch bei mind. 60\u00b0 Grad gewaschen oder alternativ in einem geschlossenen Topf f\u00fcr 5 Minuten in kochendem Wasser ausgekocht werden.<\/p>","protected":false},"excerpt":{"rendered":"<p>W\u00fcnsche zu Farben und Motiven bitte in der Bestellnotiz anmerken<\/p>\n<p>Gr\u00f6\u00dfe: ca. 20cm x 7cm (in geschlossenem Zustand)<\/p>\n<p>Die Masken k\u00f6nnen in den Stoffen und verwendeten Schn\u00fcre vom Produktfoto abweichen.<\/p>","protected":false},"featured_media":0,"comment_status":"closed","ping_status":"closed","template":"","meta":[],"product_brand":[],"product_cat":[15],"product_tag":[],"class_list":{"0":"post-1154","1":"product","2":"type-product","3":"status-publish","5":"product_cat-other","6":"product_shipping_class-paeckchen","8":"first","9":"instock","10":"shipping-taxable","11":"purchasable","12":"product-type-simple"},"jetpack_sharing_enabled":true,"_links":{"self":[{"href":"https:\/\/stoffega.com\/en\/wp-json\/wp\/v2\/product\/1154","targetHints":{"allow":["GET"]}}],"collection":[{"href":"https:\/\/stoffega.com\/en\/wp-json\/wp\/v2\/product"}],"about":[{"href":"https:\/\/stoffega.com\/en\/wp-json\/wp\/v2\/types\/product"}],"replies":[{"embeddable":true,"href":"https:\/\/stoffega.com\/en\/wp-json\/wp\/v2\/comments?post=1154"}],"wp:attachment":[{"href":"https:\/\/stoffega.com\/en\/wp-json\/wp\/v2\/media?parent=1154"}],"wp:term":[{"taxonomy":"product_brand","embeddable":true,"href":"https:\/\/stoffega.com\/en\/wp-json\/wp\/v2\/product_brand?post=1154"},{"taxonomy":"product_cat","embeddable":true,"href":"https:\/\/stoffega.com\/en\/wp-json\/wp\/v2\/product_cat?post=1154"},{"taxonomy":"product_tag","embeddable":true,"href":"https:\/\/stoffega.com\/en\/wp-json\/wp\/v2\/product_tag?post=1154"}],"curies":[{"name":"wp","href":"https:\/\/api.w.org\/{rel}","templated":true}]}}