{"id":11664,"date":"2025-05-30T07:24:42","date_gmt":"2025-05-30T05:24:42","guid":{"rendered":"https:\/\/stoffega.com\/?post_type=product&#038;p=11664"},"modified":"2026-01-28T16:57:49","modified_gmt":"2026-01-28T14:57:49","slug":"schwarzer-kork-kopie-2-2-2-2-2","status":"publish","type":"product","link":"https:\/\/stoffega.com\/en\/product\/schwarzer-kork-kopie-2-2-2-2-2","title":{"rendered":"Bunte Blumen auf schwarz"},"content":{"rendered":"<p>Dieses Brieftaschenmodell besticht durch ihre kompakte Gr\u00f6\u00dfe und liegt dadurch seht gut in der Hand.<\/p>\n<p><span>Die Au\u00dfenseite ist aus<\/span><span> \u00a0portugiesischem Kork\u00a0 gearbeitet und hat eine Lasche mit Druckknopf, die das Portemonnaie sicher verschlie\u00dft.<\/span><\/p>\n<p>Im Inneren findet man 6 Hochkantf\u00e4cher, die sich auch gut mehrfach belegen lassen und 2 Sichtf\u00e4cher f\u00fcr Karten, Ausweis oder Fotos. Hinter den Kartenf\u00e4chern findet man auch noch jeweils ein gr\u00f6\u00dferes Steckfach.<\/p>\n<p>Am vorderen Rand ist ein M\u00fcnzfach mit Rei\u00dfverschluss, welches sich weit \u00f6ffnen l\u00e4sst.<\/p>\n<p>Wenn die Brieftasche aufgeklappt ist, dann findet man am hinteren Rand ein gro\u00dfes Scheinfach, indem man die Geldscheine ungefalten aufbewahren kann.<\/p>\n<p><span>Der <\/span>Kork ist wasserabweisend und ganz leicht mit einem feuchten Tuch zu reinigen. In den Innenf\u00e4chern bieten Designer-Patchworkstoffe ein Highlight f\u00fcr die Augen.<\/p>\n<p>&nbsp;<\/p>\n<p>&nbsp;<\/p>","protected":false},"excerpt":{"rendered":"<p><span>handgefertigt aus hochwertigem portugiesischem Kork, wunderbar weichem Essex-Leinen und\u00a0 Baumwollstoffen<\/span><\/p>\n<p>Gr\u00f6\u00dfe: ca. 16cm x 10cm<\/p>","protected":false},"featured_media":15328,"comment_status":"closed","ping_status":"closed","template":"","meta":[],"product_brand":[],"product_cat":[522],"product_tag":[244,275,245,242,250,243],"class_list":{"0":"post-11664","1":"product","2":"type-product","3":"status-publish","4":"has-post-thumbnail","6":"product_cat-halffold","7":"product_tag-brieftasche","8":"product_tag-geld","9":"product_tag-geldbeutel","10":"product_tag-geldboerse","11":"product_tag-geldtasche","12":"product_tag-portemonnaie","13":"product_shipping_class-paeckchen","15":"first","16":"instock","17":"shipping-taxable","18":"purchasable","19":"product-type-simple"},"jetpack_sharing_enabled":true,"_links":{"self":[{"href":"https:\/\/stoffega.com\/en\/wp-json\/wp\/v2\/product\/11664","targetHints":{"allow":["GET"]}}],"collection":[{"href":"https:\/\/stoffega.com\/en\/wp-json\/wp\/v2\/product"}],"about":[{"href":"https:\/\/stoffega.com\/en\/wp-json\/wp\/v2\/types\/product"}],"replies":[{"embeddable":true,"href":"https:\/\/stoffega.com\/en\/wp-json\/wp\/v2\/comments?post=11664"}],"wp:featuredmedia":[{"embeddable":true,"href":"https:\/\/stoffega.com\/en\/wp-json\/wp\/v2\/media\/15328"}],"wp:attachment":[{"href":"https:\/\/stoffega.com\/en\/wp-json\/wp\/v2\/media?parent=11664"}],"wp:term":[{"taxonomy":"product_brand","embeddable":true,"href":"https:\/\/stoffega.com\/en\/wp-json\/wp\/v2\/product_brand?post=11664"},{"taxonomy":"product_cat","embeddable":true,"href":"https:\/\/stoffega.com\/en\/wp-json\/wp\/v2\/product_cat?post=11664"},{"taxonomy":"product_tag","embeddable":true,"href":"https:\/\/stoffega.com\/en\/wp-json\/wp\/v2\/product_tag?post=11664"}],"curies":[{"name":"wp","href":"https:\/\/api.w.org\/{rel}","templated":true}]}}