{"id":11754,"date":"2025-05-30T10:34:35","date_gmt":"2025-05-30T08:34:35","guid":{"rendered":"https:\/\/stoffega.com\/?post_type=product&#038;p=11754"},"modified":"2025-05-30T10:36:11","modified_gmt":"2025-05-30T08:36:11","slug":"coming-soon-7-2-2-2-2-2-2-2","status":"publish","type":"product","link":"https:\/\/stoffega.com\/en\/product\/coming-soon-7-2-2-2-2-2-2-2","title":{"rendered":"Graue Wellen"},"content":{"rendered":"<p>Dieses Brieftaschenmodell besticht durch ihre kompakte Gr\u00f6\u00dfe und liegt dadurch seht gut in der Hand.<\/p>\n<p><span>Die Au\u00dfenseite ist aus<\/span><span> hochwertigen Leinenstoffen und portugiesischem Kork&nbsp; gearbeitet und hat eine Lasche mit Druckknopf. die das Portemonnaie sicher verschlie\u00dft.<\/span><\/p>\n<p>Im Inneren findet man 4 Hochkant- und 6 normale Kartenf\u00e4cher, die sich auch gut mehrfach belegen lassen.<\/p>\n<p>Am vorderen Rand ist ein M\u00fcnzfach mit Rei\u00dfverschluss, welches sich weit \u00f6ffnen l\u00e4sst. An den beiden Au\u00dfenseiten gibt es je ein Steckfach f\u00fcr Geldscheine und in den drei weiteren mittigen Steckf\u00e4cher findet alles andere noch genug Platz.<\/p>\n<p>Die Brieftasche ist auch bei 30\u00b0 im Wollwaschprogramm waschbar.<\/p>\n<p>Die Brieftasche<span>&nbsp;<\/span><span> ist nach dem Schnitt Little-Ruby von Hansedelli gearbeitet<\/span><\/p>","protected":false},"excerpt":{"rendered":"<p><span>handgefertigt aus hochwertigen Leinen- und Baumwollstoffen und portugiesischem Kork<\/span><\/p>\n<p>Gr\u00f6\u00dfe: ca. 15,5cm x 10cm x 4cm<\/p>","protected":false},"featured_media":11755,"comment_status":"closed","ping_status":"closed","template":"","meta":[],"product_brand":[],"product_cat":[481],"product_tag":[244,275,245,242,250,243],"class_list":{"0":"post-11754","1":"product","2":"type-product","3":"status-publish","4":"has-post-thumbnail","6":"product_cat-little-ruby","7":"product_tag-brieftasche","8":"product_tag-geld","9":"product_tag-geldbeutel","10":"product_tag-geldboerse","11":"product_tag-geldtasche","12":"product_tag-portemonnaie","13":"product_shipping_class-paeckchen","15":"first","16":"instock","17":"shipping-taxable","18":"purchasable","19":"product-type-simple"},"jetpack_sharing_enabled":true,"_links":{"self":[{"href":"https:\/\/stoffega.com\/en\/wp-json\/wp\/v2\/product\/11754","targetHints":{"allow":["GET"]}}],"collection":[{"href":"https:\/\/stoffega.com\/en\/wp-json\/wp\/v2\/product"}],"about":[{"href":"https:\/\/stoffega.com\/en\/wp-json\/wp\/v2\/types\/product"}],"replies":[{"embeddable":true,"href":"https:\/\/stoffega.com\/en\/wp-json\/wp\/v2\/comments?post=11754"}],"wp:featuredmedia":[{"embeddable":true,"href":"https:\/\/stoffega.com\/en\/wp-json\/wp\/v2\/media\/11755"}],"wp:attachment":[{"href":"https:\/\/stoffega.com\/en\/wp-json\/wp\/v2\/media?parent=11754"}],"wp:term":[{"taxonomy":"product_brand","embeddable":true,"href":"https:\/\/stoffega.com\/en\/wp-json\/wp\/v2\/product_brand?post=11754"},{"taxonomy":"product_cat","embeddable":true,"href":"https:\/\/stoffega.com\/en\/wp-json\/wp\/v2\/product_cat?post=11754"},{"taxonomy":"product_tag","embeddable":true,"href":"https:\/\/stoffega.com\/en\/wp-json\/wp\/v2\/product_tag?post=11754"}],"curies":[{"name":"wp","href":"https:\/\/api.w.org\/{rel}","templated":true}]}}