{"id":11804,"date":"2025-05-30T12:14:12","date_gmt":"2025-05-30T10:14:12","guid":{"rendered":"https:\/\/stoffega.com\/?post_type=product&#038;p=11804"},"modified":"2025-05-30T12:15:23","modified_gmt":"2025-05-30T10:15:23","slug":"oranger-kork-kopie-2-2-3-2-2-3-2","status":"publish","type":"product","link":"https:\/\/stoffega.com\/en\/product\/oranger-kork-kopie-2-2-3-2-2-3-2","title":{"rendered":"Marienk\u00e4fer bunt"},"content":{"rendered":"<p>Diese Brieftasche ist kaum gr\u00f6\u00dfer als eine Bankkarte und bietet doch f\u00fcr alles einen eigenen Platz.<\/p>\n<p>Das M\u00fcnzfach an der Au\u00dfenseite wird mit einem Druckknopf verschlossen. Gegen\u00fcber findet man ein Sichtfach f\u00fcr Ausweis oder Fotos. Im Inneren gibt es noch weiter zwei Kartenf\u00e4cher und ein Scheinfach, bei dem man die Geldscheine nur einmal l\u00e4ngs falten muss. Dieser Teil der Brieftasche wird mit einem weiteren Druckknopf verschlossen.<\/p>\n<p><span>Die Au\u00dfenseite ist aus<\/span><span> hochwertigem portugiesischem Kork\u00a0 gearbeitet, wodurch die Tasche stabil und gut in der Hand liegt.\u00a0<\/span><\/p>\n<p>Das Korkleder ist wasserabweisend und ganz leicht mit einem feuchten Tuch zu reinigen.<\/p>\n<p>&nbsp;<\/p>\n<p>&nbsp;<\/p>","protected":false},"excerpt":{"rendered":"<p><span>handgefertigt aus hochwertigem portugiesischem Kork<\/span><\/p>\n<p>Gr\u00f6\u00dfe: ca. 9,5cm x 6cm x 1cm<\/p>","protected":false},"featured_media":11805,"comment_status":"closed","ping_status":"closed","template":"","meta":[],"product_brand":[],"product_cat":[523],"product_tag":[244,275,245,242,250,243],"class_list":{"0":"post-11804","1":"product","2":"type-product","3":"status-publish","4":"has-post-thumbnail","6":"product_cat-micronnaie","7":"product_tag-brieftasche","8":"product_tag-geld","9":"product_tag-geldbeutel","10":"product_tag-geldboerse","11":"product_tag-geldtasche","12":"product_tag-portemonnaie","13":"product_shipping_class-paeckchen","15":"first","16":"instock","17":"shipping-taxable","18":"purchasable","19":"product-type-simple"},"jetpack_sharing_enabled":true,"_links":{"self":[{"href":"https:\/\/stoffega.com\/en\/wp-json\/wp\/v2\/product\/11804","targetHints":{"allow":["GET"]}}],"collection":[{"href":"https:\/\/stoffega.com\/en\/wp-json\/wp\/v2\/product"}],"about":[{"href":"https:\/\/stoffega.com\/en\/wp-json\/wp\/v2\/types\/product"}],"replies":[{"embeddable":true,"href":"https:\/\/stoffega.com\/en\/wp-json\/wp\/v2\/comments?post=11804"}],"wp:featuredmedia":[{"embeddable":true,"href":"https:\/\/stoffega.com\/en\/wp-json\/wp\/v2\/media\/11805"}],"wp:attachment":[{"href":"https:\/\/stoffega.com\/en\/wp-json\/wp\/v2\/media?parent=11804"}],"wp:term":[{"taxonomy":"product_brand","embeddable":true,"href":"https:\/\/stoffega.com\/en\/wp-json\/wp\/v2\/product_brand?post=11804"},{"taxonomy":"product_cat","embeddable":true,"href":"https:\/\/stoffega.com\/en\/wp-json\/wp\/v2\/product_cat?post=11804"},{"taxonomy":"product_tag","embeddable":true,"href":"https:\/\/stoffega.com\/en\/wp-json\/wp\/v2\/product_tag?post=11804"}],"curies":[{"name":"wp","href":"https:\/\/api.w.org\/{rel}","templated":true}]}}