{"id":11875,"date":"2025-05-30T15:05:52","date_gmt":"2025-05-30T13:05:52","guid":{"rendered":"https:\/\/stoffega.com\/?post_type=product&#038;p=11875"},"modified":"2025-05-30T15:06:35","modified_gmt":"2025-05-30T13:06:35","slug":"punkte-auf-mint-3-2-2-2-3-2-2-2-2","status":"publish","type":"product","link":"https:\/\/stoffega.com\/en\/product\/punkte-auf-mint-3-2-2-2-3-2-2-2-2","title":{"rendered":"Blumen"},"content":{"rendered":"<p>So klein und doch ein Raumwunder. Mit zwei Kartenf\u00e4chern an den Seiten, einem gro\u00dfen M\u00fcnzfach mit Druckknopf in der Mitte, 2 Steckf\u00e4chern einem Geldscheinfach hat diese kleine Brieftasche alles, was man braucht.<\/p>\n<p><span>Die Au\u00dfenseite ist aus<\/span><span> hochwertigen Leinenstoffen und portugiesischem Kork\u00a0 gearbeitet, wodurch die Tasche stabil und gut in der Hand liegt. In den Innenf\u00e4chern bieten Designer-Patchworkstoffe ein Highlight f\u00fcr die Augen.<\/span><\/p>\n<p>Die Brieftasche ist auch bei 30\u00b0 im Feinwaschprogramm waschbar.<\/p>\n<p>Die Brieftasche <span>\u00a0ist nach dem Schnitt Mini-Mynta von Hansedelli gearbeitet.\u00a0<\/span><\/p>\n<p>&nbsp;<\/p>\n<p>&nbsp;<\/p>","protected":false},"excerpt":{"rendered":"<p><span>handgefertigt aus hochwertigen Leinen- und Baumwollstoffen und portugiesischem Kork<\/span><\/p>\n<p>Gr\u00f6\u00dfe: ca. 11cm x 9cm<\/p>","protected":false},"featured_media":11877,"comment_status":"closed","ping_status":"closed","template":"","meta":[],"product_brand":[],"product_cat":[206],"product_tag":[244,245,242,250,243,162,246,251,166],"class_list":{"0":"post-11875","1":"product","2":"type-product","3":"status-publish","4":"has-post-thumbnail","6":"product_cat-die-kleine-mit-dem-grossen-muenzfach","7":"product_tag-brieftasche","8":"product_tag-geldbeutel","9":"product_tag-geldboerse","10":"product_tag-geldtasche","11":"product_tag-portemonnaie","12":"product_tag-taeschchen","13":"product_tag-zipper","14":"product_tag-zippertaeschchen","15":"product_tag-zippertasche","16":"product_shipping_class-paeckchen","18":"first","19":"instock","20":"shipping-taxable","21":"purchasable","22":"product-type-simple"},"jetpack_sharing_enabled":true,"_links":{"self":[{"href":"https:\/\/stoffega.com\/en\/wp-json\/wp\/v2\/product\/11875","targetHints":{"allow":["GET"]}}],"collection":[{"href":"https:\/\/stoffega.com\/en\/wp-json\/wp\/v2\/product"}],"about":[{"href":"https:\/\/stoffega.com\/en\/wp-json\/wp\/v2\/types\/product"}],"replies":[{"embeddable":true,"href":"https:\/\/stoffega.com\/en\/wp-json\/wp\/v2\/comments?post=11875"}],"wp:featuredmedia":[{"embeddable":true,"href":"https:\/\/stoffega.com\/en\/wp-json\/wp\/v2\/media\/11877"}],"wp:attachment":[{"href":"https:\/\/stoffega.com\/en\/wp-json\/wp\/v2\/media?parent=11875"}],"wp:term":[{"taxonomy":"product_brand","embeddable":true,"href":"https:\/\/stoffega.com\/en\/wp-json\/wp\/v2\/product_brand?post=11875"},{"taxonomy":"product_cat","embeddable":true,"href":"https:\/\/stoffega.com\/en\/wp-json\/wp\/v2\/product_cat?post=11875"},{"taxonomy":"product_tag","embeddable":true,"href":"https:\/\/stoffega.com\/en\/wp-json\/wp\/v2\/product_tag?post=11875"}],"curies":[{"name":"wp","href":"https:\/\/api.w.org\/{rel}","templated":true}]}}