{"id":12073,"date":"2025-06-01T21:15:15","date_gmt":"2025-06-01T19:15:15","guid":{"rendered":"https:\/\/stoffega.com\/?post_type=product&#038;p=12073"},"modified":"2025-10-29T23:48:14","modified_gmt":"2025-10-29T21:48:14","slug":"gruener-kork-korketui-m-kopie-2-2-2-2-2-2-2-2-2-2-2-3-2-2-2-2-2","status":"publish","type":"product","link":"https:\/\/stoffega.com\/en\/product\/gruener-kork-korketui-m-kopie-2-2-2-2-2-2-2-2-2-2-2-3-2-2-2-2-2","title":{"rendered":"Rote Kreise &#8211; M"},"content":{"rendered":"<p>Diese T\u00e4schchen aus Kork passen perfekt f\u00fcr Kleinigkeiten, wie Airpods, Kosmetik, Medikamente, Hundesackerln, Geld, uvm.<\/p>\n<p>Mit dem Karabiner kann man das T\u00e4schchen auch au\u00dfen an eine Handtasche, Jacke, Hose oder \u00e4hnliches anklipsen und so ist die Tasche und der Inhalt immer griffbereit. Durch den Rei\u00dfverschluss l\u00e4sst sich das T\u00e4schchen leicht und schnell \u00f6ffnen und wieder sicher verschlie\u00dfen.<\/p>\n<p>Der Kork ist wasserabweisend und l\u00e4sst sich mit einem feuchten Tuch leicht reinigen.<\/p>\n<p>&nbsp;<\/p>","protected":false},"excerpt":{"rendered":"<p>handgefertigt aus portugiesischem Korkleder und\u00a0 hochwertigen Baumwollstoffen<\/p>\n<p>Gr\u00f6\u00dfen:<\/p>\n<p>S: ca. 8cm x 5cm x 3cm<\/p>\n<p>M: ca. 8,5cm x 6,5cm x 3,5cm<\/p>","protected":false},"featured_media":14352,"comment_status":"closed","ping_status":"closed","template":"","meta":[],"product_brand":[],"product_cat":[526],"product_tag":[528,527,529,346,307,214,374,162,251],"class_list":{"0":"post-12073","1":"product","2":"type-product","3":"status-publish","4":"has-post-thumbnail","6":"product_cat-clip-on-pouch-2-groessen","7":"product_tag-airpods","8":"product_tag-cliponpouch","9":"product_tag-karabinertaeschchen","10":"product_tag-korketui","11":"product_tag-korktaeschchen","12":"product_tag-kosmetiktaeschchen","13":"product_tag-pouch","14":"product_tag-taeschchen","15":"product_tag-zippertaeschchen","16":"product_shipping_class-paeckchen","18":"first","19":"instock","20":"shipping-taxable","21":"purchasable","22":"product-type-simple"},"jetpack_sharing_enabled":true,"_links":{"self":[{"href":"https:\/\/stoffega.com\/en\/wp-json\/wp\/v2\/product\/12073","targetHints":{"allow":["GET"]}}],"collection":[{"href":"https:\/\/stoffega.com\/en\/wp-json\/wp\/v2\/product"}],"about":[{"href":"https:\/\/stoffega.com\/en\/wp-json\/wp\/v2\/types\/product"}],"replies":[{"embeddable":true,"href":"https:\/\/stoffega.com\/en\/wp-json\/wp\/v2\/comments?post=12073"}],"wp:featuredmedia":[{"embeddable":true,"href":"https:\/\/stoffega.com\/en\/wp-json\/wp\/v2\/media\/14352"}],"wp:attachment":[{"href":"https:\/\/stoffega.com\/en\/wp-json\/wp\/v2\/media?parent=12073"}],"wp:term":[{"taxonomy":"product_brand","embeddable":true,"href":"https:\/\/stoffega.com\/en\/wp-json\/wp\/v2\/product_brand?post=12073"},{"taxonomy":"product_cat","embeddable":true,"href":"https:\/\/stoffega.com\/en\/wp-json\/wp\/v2\/product_cat?post=12073"},{"taxonomy":"product_tag","embeddable":true,"href":"https:\/\/stoffega.com\/en\/wp-json\/wp\/v2\/product_tag?post=12073"}],"curies":[{"name":"wp","href":"https:\/\/api.w.org\/{rel}","templated":true}]}}