{"id":12207,"date":"2025-06-02T11:28:53","date_gmt":"2025-06-02T09:28:53","guid":{"rendered":"https:\/\/stoffega.com\/?post_type=product&#038;p=12207"},"modified":"2025-06-02T11:29:49","modified_gmt":"2025-06-02T09:29:49","slug":"schwarz-mit-kleinen-bluemchen-2-2-4-2-2","status":"publish","type":"product","link":"https:\/\/stoffega.com\/en\/product\/schwarz-mit-kleinen-bluemchen-2-2-4-2-2","title":{"rendered":"Blaue Linien"},"content":{"rendered":"<p style=\"text-align: center\">Dieses T\u00e4schchen hat ein eingearbeitetes Brieftaschenelement mit einem M\u00fcnz- und zwei Steckf\u00e4chern. Der Rei\u00dfverschluss l\u00e4sst sich \u00fcber die Taschenrundung hinweg weit \u00f6ffnen, sodass man einen guten \u00dcberblick \u00fcber den Inhalt hat.<\/p>\n<p>Von der Gr\u00f6\u00dfe her findet auch das Handy in dem T\u00e4schchen gut Platz. So hat man alle wichtigen Dinge gleich griffbereit und sicher verstaut.<\/p>\n<p>Am Rand ist eine Gurtschlaufe aus Kork mit einem Karabiner in einem D-Ring befestigt. Dies bietet auch die M\u00f6glichkeit einen l\u00e4ngeren Tragegurt bei Bedarf einzuh\u00e4ngen.<\/p>\n<p>Das T\u00e4schchen kann bei 30\u00b0Grad Pflegew\u00e4sche in der Maschine gewaschen werden.<\/p>\n<p>Das T\u00e4schchen ist mit eigenen Anpassungen nach dem Schnittmuster &#8222;Yarrow pouch&#8220; von Noodlehead\u00a0 gearbeitet.<\/p>","protected":false},"excerpt":{"rendered":"<p>handgefertigt aus hochwertigen Leinen- und Baumwollstoffen und portugiesischem Kork<\/p>\n<p>Gr\u00f6\u00dfe: ca. 20cm x 10cm x 3cm<\/p>","protected":false},"featured_media":12208,"comment_status":"closed","ping_status":"closed","template":"","meta":[],"product_brand":[],"product_cat":[209],"product_tag":[218,219,220,211,215,162],"class_list":{"0":"post-12207","1":"product","2":"type-product","3":"status-publish","4":"has-post-thumbnail","6":"product_cat-one-for-all","7":"product_tag-clutch","8":"product_tag-handtasche","9":"product_tag-handytasche","10":"product_tag-maeppchen","11":"product_tag-stiftemaeppchen","12":"product_tag-taeschchen","13":"product_shipping_class-paeckchen","15":"first","16":"instock","17":"shipping-taxable","18":"purchasable","19":"product-type-simple"},"jetpack_sharing_enabled":true,"_links":{"self":[{"href":"https:\/\/stoffega.com\/en\/wp-json\/wp\/v2\/product\/12207","targetHints":{"allow":["GET"]}}],"collection":[{"href":"https:\/\/stoffega.com\/en\/wp-json\/wp\/v2\/product"}],"about":[{"href":"https:\/\/stoffega.com\/en\/wp-json\/wp\/v2\/types\/product"}],"replies":[{"embeddable":true,"href":"https:\/\/stoffega.com\/en\/wp-json\/wp\/v2\/comments?post=12207"}],"wp:featuredmedia":[{"embeddable":true,"href":"https:\/\/stoffega.com\/en\/wp-json\/wp\/v2\/media\/12208"}],"wp:attachment":[{"href":"https:\/\/stoffega.com\/en\/wp-json\/wp\/v2\/media?parent=12207"}],"wp:term":[{"taxonomy":"product_brand","embeddable":true,"href":"https:\/\/stoffega.com\/en\/wp-json\/wp\/v2\/product_brand?post=12207"},{"taxonomy":"product_cat","embeddable":true,"href":"https:\/\/stoffega.com\/en\/wp-json\/wp\/v2\/product_cat?post=12207"},{"taxonomy":"product_tag","embeddable":true,"href":"https:\/\/stoffega.com\/en\/wp-json\/wp\/v2\/product_tag?post=12207"}],"curies":[{"name":"wp","href":"https:\/\/api.w.org\/{rel}","templated":true}]}}