{"id":12250,"date":"2025-06-02T17:40:56","date_gmt":"2025-06-02T15:40:56","guid":{"rendered":"https:\/\/stoffega.com\/?post_type=product&#038;p=12250"},"modified":"2025-06-03T10:56:36","modified_gmt":"2025-06-03T08:56:36","slug":"buecher-2-2-2-2-2-2-2-2-2","status":"publish","type":"product","link":"https:\/\/stoffega.com\/en\/product\/buecher-2-2-2-2-2-2-2-2-2","title":{"rendered":"Rosa Blumen"},"content":{"rendered":"<p>Diese T\u00e4schchen aus Heavy Canvas passen perfekt als kleine Kosmetiktasche oder Stiftem\u00e4ppchen. Farbstifte, Filzstifte oder Fineliner passen von der L\u00e4nge her gut hinein und da sich das T\u00e4schchen weit \u00f6ffnen l\u00e4sst, hat man immer einen sehr guten \u00dcberblick.<\/p>\n<p>Durch den Korkboden hat das T\u00e4schchen einen guten Stand und der Boden ist dadurch auch schmutz- und wasserabweisend.<\/p>\n<p>Das T\u00e4schchen ist bei 30 Grad Pflegew\u00e4sche in der Waschmaschine waschbar.<\/p>\n<p>Das T\u00e4schchen ist nach dem eBook Zipper Pouch Doria von Unikati gen\u00e4ht.<\/p>\n<p>&nbsp;<\/p>","protected":false},"excerpt":{"rendered":"<p>handgefertigt aus Heavy Canvas, portugiesischem Kork, hochwertigen Leinen- und Baumwollstoffen<\/p>\n<p>Gr\u00f6\u00dfe: ca. 20cm x 9cm x 7cm<\/p>","protected":false},"featured_media":12251,"comment_status":"closed","ping_status":"closed","template":"","meta":[],"product_brand":[],"product_cat":[67],"product_tag":[295,457,458,464,459,460,461,245,242,214,211,462,456,349,440,215,347,463,535,162,251],"class_list":{"0":"post-12250","1":"product","2":"type-product","3":"status-publish","4":"has-post-thumbnail","6":"product_cat-federpenale","7":"product_tag-etui","8":"product_tag-federbox","9":"product_tag-federetui","10":"product_tag-federkaestchen","11":"product_tag-federkasten","12":"product_tag-federmaeppchen","13":"product_tag-federpennal","14":"product_tag-geldbeutel","15":"product_tag-geldboerse","16":"product_tag-kosmetiktaeschchen","17":"product_tag-maeppchen","18":"product_tag-schlamper-etui","19":"product_tag-schlampermaeppchen","20":"product_tag-schuettelpenal","21":"product_tag-stifteetui","22":"product_tag-stiftemaeppchen","23":"product_tag-stiftetaeschchen","24":"product_tag-stiftetasche","25":"product_tag-stofftaeschchen","26":"product_tag-taeschchen","27":"product_tag-zippertaeschchen","28":"product_shipping_class-paeckchen","30":"first","31":"instock","32":"shipping-taxable","33":"purchasable","34":"product-type-simple"},"jetpack_sharing_enabled":true,"_links":{"self":[{"href":"https:\/\/stoffega.com\/en\/wp-json\/wp\/v2\/product\/12250","targetHints":{"allow":["GET"]}}],"collection":[{"href":"https:\/\/stoffega.com\/en\/wp-json\/wp\/v2\/product"}],"about":[{"href":"https:\/\/stoffega.com\/en\/wp-json\/wp\/v2\/types\/product"}],"replies":[{"embeddable":true,"href":"https:\/\/stoffega.com\/en\/wp-json\/wp\/v2\/comments?post=12250"}],"wp:featuredmedia":[{"embeddable":true,"href":"https:\/\/stoffega.com\/en\/wp-json\/wp\/v2\/media\/12251"}],"wp:attachment":[{"href":"https:\/\/stoffega.com\/en\/wp-json\/wp\/v2\/media?parent=12250"}],"wp:term":[{"taxonomy":"product_brand","embeddable":true,"href":"https:\/\/stoffega.com\/en\/wp-json\/wp\/v2\/product_brand?post=12250"},{"taxonomy":"product_cat","embeddable":true,"href":"https:\/\/stoffega.com\/en\/wp-json\/wp\/v2\/product_cat?post=12250"},{"taxonomy":"product_tag","embeddable":true,"href":"https:\/\/stoffega.com\/en\/wp-json\/wp\/v2\/product_tag?post=12250"}],"curies":[{"name":"wp","href":"https:\/\/api.w.org\/{rel}","templated":true}]}}