{"id":12380,"date":"2025-06-02T21:28:02","date_gmt":"2025-06-02T19:28:02","guid":{"rendered":"https:\/\/stoffega.com\/?post_type=product&#038;p=12380"},"modified":"2025-08-14T19:18:03","modified_gmt":"2025-08-14T17:18:03","slug":"double-zip-l-4-2-2-2-2-2-2-2-2","status":"publish","type":"product","link":"https:\/\/stoffega.com\/en\/product\/double-zip-l-4-2-2-2-2-2-2-2-2","title":{"rendered":"V\u00f6gel"},"content":{"rendered":"<p>Durch die zwei Rei\u00dfverschlussf\u00e4cher k\u00f6nnen alle Dinge sicher und \u00fcbersichtlich verstaut werden.<\/p>\n<p>Die R\u00fcckseite des T\u00e4schchens ist einf\u00e4rbig mit Leinen gearbeitet.<\/p>\n<p>Bitte bei der Bestellung im Kommentarfeld die Nummer vom gew\u00fcnschten T\u00e4schchen angeben.<\/p>","protected":false},"excerpt":{"rendered":"<p>handgefertigt aus hochwertigen Baumwollstoffen und wunderbar weichen Essex-Leinen<\/p>\n<p>Gr\u00f6\u00dfe: ca. 20cm x 13cm<\/p>","protected":false},"featured_media":12382,"comment_status":"closed","ping_status":"closed","template":"","meta":[],"product_brand":[],"product_cat":[98],"product_tag":[295,245,242,214,211,535,162,251],"class_list":{"0":"post-12380","1":"product","2":"type-product","3":"status-publish","4":"has-post-thumbnail","6":"product_cat-double-zip-pouches","7":"product_tag-etui","8":"product_tag-geldbeutel","9":"product_tag-geldboerse","10":"product_tag-kosmetiktaeschchen","11":"product_tag-maeppchen","12":"product_tag-stofftaeschchen","13":"product_tag-taeschchen","14":"product_tag-zippertaeschchen","15":"product_shipping_class-paeckchen","17":"first","18":"outofstock","19":"sold-individually","20":"shipping-taxable","21":"purchasable","22":"product-type-simple"},"jetpack_sharing_enabled":true,"_links":{"self":[{"href":"https:\/\/stoffega.com\/en\/wp-json\/wp\/v2\/product\/12380","targetHints":{"allow":["GET"]}}],"collection":[{"href":"https:\/\/stoffega.com\/en\/wp-json\/wp\/v2\/product"}],"about":[{"href":"https:\/\/stoffega.com\/en\/wp-json\/wp\/v2\/types\/product"}],"replies":[{"embeddable":true,"href":"https:\/\/stoffega.com\/en\/wp-json\/wp\/v2\/comments?post=12380"}],"wp:featuredmedia":[{"embeddable":true,"href":"https:\/\/stoffega.com\/en\/wp-json\/wp\/v2\/media\/12382"}],"wp:attachment":[{"href":"https:\/\/stoffega.com\/en\/wp-json\/wp\/v2\/media?parent=12380"}],"wp:term":[{"taxonomy":"product_brand","embeddable":true,"href":"https:\/\/stoffega.com\/en\/wp-json\/wp\/v2\/product_brand?post=12380"},{"taxonomy":"product_cat","embeddable":true,"href":"https:\/\/stoffega.com\/en\/wp-json\/wp\/v2\/product_cat?post=12380"},{"taxonomy":"product_tag","embeddable":true,"href":"https:\/\/stoffega.com\/en\/wp-json\/wp\/v2\/product_tag?post=12380"}],"curies":[{"name":"wp","href":"https:\/\/api.w.org\/{rel}","templated":true}]}}