{"id":12418,"date":"2025-06-03T10:43:21","date_gmt":"2025-06-03T08:43:21","guid":{"rendered":"https:\/\/stoffega.com\/?post_type=product&#038;p=12418"},"modified":"2025-06-03T11:30:42","modified_gmt":"2025-06-03T09:30:42","slug":"blautoene-boxypouch-l","status":"publish","type":"product","link":"https:\/\/stoffega.com\/en\/product\/blautoene-boxypouch-l","title":{"rendered":"Rosat\u00f6ne &#8211; Boxypouch L"},"content":{"rendered":"<p>Diese Projekttasche besticht durch ihre geniale Einfachheit. Sie l\u00e4sst sich weit \u00f6ffnen und bietet damit einen guten \u00dcberblick \u00fcber den Inhalt und l\u00e4sst sich dann mit einem Zipper aber einfach und sicher schlie\u00dfen.<\/p>\n<p>Im Inneren finden sich im Deckel mehrere Einsteckschlaufen und ein kleines Zipperfach zur besseren Ordnung.<\/p>\n<p><span>Die Ober- und Unterseite ist aus Webkanten gepatchworkt, wodurch die Tasche auch eine hohe Stabilit\u00e4t hat. <\/span><span><\/span>Innen ist die Tasche mit einem Baumwollstoff gef\u00fcttert.<\/p>\n<p>Die Tasche ist zur Aufbewahrung von Kosmetik oder Hobby-Zubeh\u00f6r jeglicher Art bestens geeignet und die kleine Variante l\u00e4sst sich auch gut f\u00fcr Stifte oder als Reiseapotheke verwenden.<\/p>\n<p>Die Boxypouch ist auf Anfrage auch aus Kork erh\u00e4ltlich.<\/p>\n<p><span>Die Tasche kann bei 30\u00b0 Grad Pflegew\u00e4sche in der Maschine gewaschen werden.<\/span><\/p>","protected":false},"excerpt":{"rendered":"<p><span>handgefertigt aus hochwertigen Leinen- und Baumwollstoffen<\/span><\/p>\n<p>Gr\u00f6\u00dfe: ca. 24cm x 17,5cm x 10cm<\/p>","protected":false},"featured_media":12440,"comment_status":"closed","ping_status":"closed","template":"","meta":[],"product_brand":[],"product_cat":[531],"product_tag":[532,533,534,160,163,374,264,322,162,166],"class_list":{"0":"post-12418","1":"product","2":"type-product","3":"status-publish","4":"has-post-thumbnail","6":"product_cat-boxy-pouch","7":"product_tag-boxypouch","8":"product_tag-hobby","9":"product_tag-hobbytasche","10":"product_tag-kosmetiktasche","11":"product_tag-kulturbeutel","12":"product_tag-pouch","13":"product_tag-projekttasche","14":"product_tag-reissverschlusstasche","15":"product_tag-taeschchen","16":"product_tag-zippertasche","17":"product_shipping_class-paeckchen","19":"first","20":"instock","21":"shipping-taxable","22":"purchasable","23":"product-type-simple"},"jetpack_sharing_enabled":true,"_links":{"self":[{"href":"https:\/\/stoffega.com\/en\/wp-json\/wp\/v2\/product\/12418","targetHints":{"allow":["GET"]}}],"collection":[{"href":"https:\/\/stoffega.com\/en\/wp-json\/wp\/v2\/product"}],"about":[{"href":"https:\/\/stoffega.com\/en\/wp-json\/wp\/v2\/types\/product"}],"replies":[{"embeddable":true,"href":"https:\/\/stoffega.com\/en\/wp-json\/wp\/v2\/comments?post=12418"}],"wp:featuredmedia":[{"embeddable":true,"href":"https:\/\/stoffega.com\/en\/wp-json\/wp\/v2\/media\/12440"}],"wp:attachment":[{"href":"https:\/\/stoffega.com\/en\/wp-json\/wp\/v2\/media?parent=12418"}],"wp:term":[{"taxonomy":"product_brand","embeddable":true,"href":"https:\/\/stoffega.com\/en\/wp-json\/wp\/v2\/product_brand?post=12418"},{"taxonomy":"product_cat","embeddable":true,"href":"https:\/\/stoffega.com\/en\/wp-json\/wp\/v2\/product_cat?post=12418"},{"taxonomy":"product_tag","embeddable":true,"href":"https:\/\/stoffega.com\/en\/wp-json\/wp\/v2\/product_tag?post=12418"}],"curies":[{"name":"wp","href":"https:\/\/api.w.org\/{rel}","templated":true}]}}