{"id":12525,"date":"2025-06-03T21:14:19","date_gmt":"2025-06-03T19:14:19","guid":{"rendered":"https:\/\/stoffega.com\/?post_type=product&#038;p=12525"},"modified":"2026-01-13T12:34:04","modified_gmt":"2026-01-13T10:34:04","slug":"blaetter-korb-m-2-2-2-2","status":"publish","type":"product","link":"https:\/\/stoffega.com\/en\/product\/blaetter-korb-m-2-2-2-2","title":{"rendered":"Streifen &#8211;  Korb XS"},"content":{"rendered":"<p>Dieser Korb ist au\u00dfen aus wasser- und schmutzabweisendem Kork gearbeitet.<\/p>\n<p>Als Utensilo\u00a0 im Bad, K\u00fcche, Wohnraum oder am Schreibtisch verwendet, schafft er Ordnung mit den kleinen Dingen.<\/p>\n<p><span>Ob zum Verwahren von Stiften, Briefen, Schl\u00fcsseln oder f\u00fcr die Windeln am Wickeltisch. Ob im Kinderzimmer f\u00fcr Spielzeug, im Badezimmer zum Verstauen von Kosmetikartikeln, im B\u00fcro f\u00fcr diverse B\u00fcroartikel oder das N\u00e4hgarn im Hauswirtschaftsraum: Die rechteckigen K\u00f6rbe finden \u00fcberall Verwendung und begeistert durch Funktionalit\u00e4t und ihre edle Optik.\u00a0<\/span><\/p>\n<p>&nbsp;<\/p>","protected":false},"excerpt":{"rendered":"<p>handgefertigt aus portugiesischem Kork und wunderbar weichen Essex-Leinen<\/p>\n<p>Gr\u00f6\u00dfe: 12cm x 12cm x 11cm<\/p>","protected":false},"featured_media":12526,"comment_status":"closed","ping_status":"closed","template":"","meta":[],"product_brand":[],"product_cat":[479],"product_tag":[324,323,249,483,353],"class_list":{"0":"post-12525","1":"product","2":"type-product","3":"status-publish","4":"has-post-thumbnail","6":"product_cat-kork-koerbe","7":"product_tag-korb","8":"product_tag-koerbchen","9":"product_tag-kork","10":"product_tag-korkkorb","11":"product_tag-utensilo","12":"product_shipping_class-paeckchen","14":"first","15":"instock","16":"shipping-taxable","17":"purchasable","18":"product-type-simple"},"jetpack_sharing_enabled":true,"_links":{"self":[{"href":"https:\/\/stoffega.com\/en\/wp-json\/wp\/v2\/product\/12525","targetHints":{"allow":["GET"]}}],"collection":[{"href":"https:\/\/stoffega.com\/en\/wp-json\/wp\/v2\/product"}],"about":[{"href":"https:\/\/stoffega.com\/en\/wp-json\/wp\/v2\/types\/product"}],"replies":[{"embeddable":true,"href":"https:\/\/stoffega.com\/en\/wp-json\/wp\/v2\/comments?post=12525"}],"wp:featuredmedia":[{"embeddable":true,"href":"https:\/\/stoffega.com\/en\/wp-json\/wp\/v2\/media\/12526"}],"wp:attachment":[{"href":"https:\/\/stoffega.com\/en\/wp-json\/wp\/v2\/media?parent=12525"}],"wp:term":[{"taxonomy":"product_brand","embeddable":true,"href":"https:\/\/stoffega.com\/en\/wp-json\/wp\/v2\/product_brand?post=12525"},{"taxonomy":"product_cat","embeddable":true,"href":"https:\/\/stoffega.com\/en\/wp-json\/wp\/v2\/product_cat?post=12525"},{"taxonomy":"product_tag","embeddable":true,"href":"https:\/\/stoffega.com\/en\/wp-json\/wp\/v2\/product_tag?post=12525"}],"curies":[{"name":"wp","href":"https:\/\/api.w.org\/{rel}","templated":true}]}}