{"id":12589,"date":"2025-06-03T22:12:42","date_gmt":"2025-06-03T20:12:42","guid":{"rendered":"https:\/\/stoffega.com\/?post_type=product&#038;p=12589"},"modified":"2025-06-03T22:13:16","modified_gmt":"2025-06-03T20:13:16","slug":"rosa-kreise-2-2-2-3-2-2-2-2-2-2-2-2","status":"publish","type":"product","link":"https:\/\/stoffega.com\/en\/product\/rosa-kreise-2-2-2-3-2-2-2-2-2-2-2-2","title":{"rendered":"Katzen"},"content":{"rendered":"<p>Diese Mappe ist die ideale H\u00fclle f\u00fcr Mutterkindp\u00e4sse, Heimtierp\u00e4sse, Notizb\u00fccher oder Kalender im A6-Format. In den Seitenf\u00e4chern ist genug Platz um Notizen und andere Papiere gut zu verstauen.<\/p>\n<p>Mittels der Gummib\u00e4nder in der Mitte kann man auch mehrere Hefte gleichzeitig in der Mappe befestigen oder die Gummib\u00e4nder als Lesezeichen nutzen.<\/p>\n<p>Die Mappe l\u00e4sst sich mit einem Rundgummi schnell schlie\u00dfen, sodass alles sicher verwahrt ist.<\/p>","protected":false},"excerpt":{"rendered":"<p><span>handgefertigt aus hochwertigen Baumwollstoffen und wunderbar weichen Essex-Leinen<\/span><\/p>\n<p>Gr\u00f6\u00dfe: ca 12cm x 18cm (passend f\u00fcr ein Din A6-Heft \/ Kalender \/ Mutterkindpass \/ Heimtierpass)<\/p>\n<p>Das Heft ist im Lieferumfang nicht inkludiert.<\/p>","protected":false},"featured_media":12591,"comment_status":"closed","ping_status":"closed","template":"","meta":[],"product_brand":[],"product_cat":[123],"product_tag":[335,286,340,338,339,336,334,285,341,337,288],"class_list":{"0":"post-12589","1":"product","2":"type-product","3":"status-publish","4":"has-post-thumbnail","6":"product_cat-mappe-a6","7":"product_tag-buchhuelle","8":"product_tag-heimtierpass","9":"product_tag-heimtierpasshuelle","10":"product_tag-journaling","11":"product_tag-journalingmappe","12":"product_tag-kalenderhuelle","13":"product_tag-mappe-a6","14":"product_tag-mutterkindpass","15":"product_tag-mutterkindpasshuelle","16":"product_tag-notizbuchhuelle","17":"product_tag-schutzhuelle","18":"product_shipping_class-paeckchen","20":"first","21":"instock","22":"shipping-taxable","23":"purchasable","24":"product-type-simple"},"jetpack_sharing_enabled":true,"_links":{"self":[{"href":"https:\/\/stoffega.com\/en\/wp-json\/wp\/v2\/product\/12589","targetHints":{"allow":["GET"]}}],"collection":[{"href":"https:\/\/stoffega.com\/en\/wp-json\/wp\/v2\/product"}],"about":[{"href":"https:\/\/stoffega.com\/en\/wp-json\/wp\/v2\/types\/product"}],"replies":[{"embeddable":true,"href":"https:\/\/stoffega.com\/en\/wp-json\/wp\/v2\/comments?post=12589"}],"wp:featuredmedia":[{"embeddable":true,"href":"https:\/\/stoffega.com\/en\/wp-json\/wp\/v2\/media\/12591"}],"wp:attachment":[{"href":"https:\/\/stoffega.com\/en\/wp-json\/wp\/v2\/media?parent=12589"}],"wp:term":[{"taxonomy":"product_brand","embeddable":true,"href":"https:\/\/stoffega.com\/en\/wp-json\/wp\/v2\/product_brand?post=12589"},{"taxonomy":"product_cat","embeddable":true,"href":"https:\/\/stoffega.com\/en\/wp-json\/wp\/v2\/product_cat?post=12589"},{"taxonomy":"product_tag","embeddable":true,"href":"https:\/\/stoffega.com\/en\/wp-json\/wp\/v2\/product_tag?post=12589"}],"curies":[{"name":"wp","href":"https:\/\/api.w.org\/{rel}","templated":true}]}}