{"id":12601,"date":"2025-06-03T22:22:01","date_gmt":"2025-06-03T20:22:01","guid":{"rendered":"https:\/\/stoffega.com\/?post_type=product&#038;p=12601"},"modified":"2025-06-03T22:25:10","modified_gmt":"2025-06-03T20:25:10","slug":"blaetter-9-2-2","status":"publish","type":"product","link":"https:\/\/stoffega.com\/en\/product\/blaetter-9-2-2","title":{"rendered":"Bl\u00fcmchen"},"content":{"rendered":"<p>Diese Reisepassh\u00fclle ist aus hochwertigem Korkleder gearbeitet. Die H\u00fclle mache ich in zwei Gr\u00f6\u00dfen &#8211; eine kleinere H\u00fclle, in die der Pass richtig eingesteckt werden kann und eine gr\u00f6\u00dfere H\u00fclle, in die der Pass seitlich eingesteckt wird und die zweite Seite Platz f\u00fcr andere Unterlagen bietet.<\/p>\n<p>Das Korkleder ist wasserabweisend und man kann es mit einem feuchten Tuch leicht reinigen. So ist der Reisepass gut vor Feuchtigkeit und Schmutz gesch\u00fctzt.<\/p>\n<p>In die inneren Laschen k\u00f6nnen auch gut Tickets hineingesteckt werden.<\/p>","protected":false},"excerpt":{"rendered":"<p>handgefertigt aus hochwertigem Korkleder<\/p>\n<p>Gr\u00f6\u00dfe: ca.10 cm x 14,5 cm (ausgeklappt 20,5 cm x 14,5 cm) \u2013 passend f\u00fcr einen \u00f6sterreichischen Reisepass<\/p>","protected":false},"featured_media":12602,"comment_status":"closed","ping_status":"closed","template":"","meta":[],"product_brand":[],"product_cat":[121],"product_tag":[295,303,302,306,305,304,301],"class_list":{"0":"post-12601","1":"product","2":"type-product","3":"status-publish","4":"has-post-thumbnail","6":"product_cat-reisepasshuelle","7":"product_tag-etui","8":"product_tag-impfpass","9":"product_tag-impfpasshuelle","10":"product_tag-passetui","11":"product_tag-passport","12":"product_tag-reisepass","13":"product_tag-reisepasshuelle","14":"product_shipping_class-paeckchen","16":"first","17":"instock","18":"shipping-taxable","19":"purchasable","20":"product-type-simple"},"jetpack_sharing_enabled":true,"_links":{"self":[{"href":"https:\/\/stoffega.com\/en\/wp-json\/wp\/v2\/product\/12601","targetHints":{"allow":["GET"]}}],"collection":[{"href":"https:\/\/stoffega.com\/en\/wp-json\/wp\/v2\/product"}],"about":[{"href":"https:\/\/stoffega.com\/en\/wp-json\/wp\/v2\/types\/product"}],"replies":[{"embeddable":true,"href":"https:\/\/stoffega.com\/en\/wp-json\/wp\/v2\/comments?post=12601"}],"wp:featuredmedia":[{"embeddable":true,"href":"https:\/\/stoffega.com\/en\/wp-json\/wp\/v2\/media\/12602"}],"wp:attachment":[{"href":"https:\/\/stoffega.com\/en\/wp-json\/wp\/v2\/media?parent=12601"}],"wp:term":[{"taxonomy":"product_brand","embeddable":true,"href":"https:\/\/stoffega.com\/en\/wp-json\/wp\/v2\/product_brand?post=12601"},{"taxonomy":"product_cat","embeddable":true,"href":"https:\/\/stoffega.com\/en\/wp-json\/wp\/v2\/product_cat?post=12601"},{"taxonomy":"product_tag","embeddable":true,"href":"https:\/\/stoffega.com\/en\/wp-json\/wp\/v2\/product_tag?post=12601"}],"curies":[{"name":"wp","href":"https:\/\/api.w.org\/{rel}","templated":true}]}}