{"id":12657,"date":"2025-06-04T22:28:14","date_gmt":"2025-06-04T20:28:14","guid":{"rendered":"https:\/\/stoffega.com\/?post_type=product&#038;p=12657"},"modified":"2025-09-12T13:19:14","modified_gmt":"2025-09-12T11:19:14","slug":"tool-pouch-3-2-3-2-2-2-2-2-2-2-2","status":"publish","type":"product","link":"https:\/\/stoffega.com\/en\/product\/tool-pouch-3-2-3-2-2-2-2-2-2-2-2","title":{"rendered":"Tool-Pouch gelb &#8211; Bl\u00e4tter"},"content":{"rendered":"<p>Meine Tool-Pouch ist ein von mir selbst entworfenes Schnittmuster, da ich eine Tasche machen wollte, die vielseitig f\u00fcr Werkzeuge aller Art verwendet werden kann. Und ich so mit einem Produkt den W\u00fcnschen nach einer Aufbewahrungstasche f\u00fcr Pinsel, Strick- und H\u00e4kelnadeln aber auch klassischen Werkzeugen gerecht werden konnte.<\/p>\n<p>Die Tasche hat an der Oberkante eine Lasche, sodass die Werkzeuge im geschlossenen Zustand nicht hinausrutschen k\u00f6nnen.<\/p>\n<p>Seitlich gibt es ein kleines Rei\u00dfverschlusst\u00e4schchen zur Aufbewahrung von Stiften oder anderen Kleinigkeiten.<\/p>\n<p>Die Tasche kann bei 30\u00b0 Grad Pflegew\u00e4sche in der Maschine gewaschen werden.<\/p>","protected":false},"excerpt":{"rendered":"<p>handgefertigt aus hochwertigen Leinen- und Baumwollstoffen und Heavy Canvas<\/p>\n<p>Gr\u00f6\u00dfe(ge\u00f6ffnet): ca. 46cm x 37,5cm \/ (geschlossen) ca. 46cm x 9cm<\/p>","protected":false},"featured_media":12658,"comment_status":"closed","ping_status":"closed","template":"","meta":[],"product_brand":[],"product_cat":[389],"product_tag":[398,395,397,374,394,396,399,162,391,390,392,393],"class_list":{"0":"post-12657","1":"product","2":"type-product","3":"status-publish","4":"has-post-thumbnail","6":"product_cat-tool-pouch","7":"product_tag-malwerkzeug","8":"product_tag-nadeltasche","9":"product_tag-pinseltasche","10":"product_tag-pouch","11":"product_tag-stecktasche","12":"product_tag-stricknadeltasche","13":"product_tag-strickwerkzeug","14":"product_tag-taeschchen","15":"product_tag-tool","16":"product_tag-toolpouch","17":"product_tag-werkzeug","18":"product_tag-werkzeugtasche","19":"product_shipping_class-paeckchen","21":"first","22":"outofstock","23":"shipping-taxable","24":"purchasable","25":"product-type-simple"},"jetpack_sharing_enabled":true,"_links":{"self":[{"href":"https:\/\/stoffega.com\/en\/wp-json\/wp\/v2\/product\/12657","targetHints":{"allow":["GET"]}}],"collection":[{"href":"https:\/\/stoffega.com\/en\/wp-json\/wp\/v2\/product"}],"about":[{"href":"https:\/\/stoffega.com\/en\/wp-json\/wp\/v2\/types\/product"}],"replies":[{"embeddable":true,"href":"https:\/\/stoffega.com\/en\/wp-json\/wp\/v2\/comments?post=12657"}],"wp:featuredmedia":[{"embeddable":true,"href":"https:\/\/stoffega.com\/en\/wp-json\/wp\/v2\/media\/12658"}],"wp:attachment":[{"href":"https:\/\/stoffega.com\/en\/wp-json\/wp\/v2\/media?parent=12657"}],"wp:term":[{"taxonomy":"product_brand","embeddable":true,"href":"https:\/\/stoffega.com\/en\/wp-json\/wp\/v2\/product_brand?post=12657"},{"taxonomy":"product_cat","embeddable":true,"href":"https:\/\/stoffega.com\/en\/wp-json\/wp\/v2\/product_cat?post=12657"},{"taxonomy":"product_tag","embeddable":true,"href":"https:\/\/stoffega.com\/en\/wp-json\/wp\/v2\/product_tag?post=12657"}],"curies":[{"name":"wp","href":"https:\/\/api.w.org\/{rel}","templated":true}]}}