{"id":12735,"date":"2025-06-05T20:18:38","date_gmt":"2025-06-05T18:18:38","guid":{"rendered":"https:\/\/stoffega.com\/?post_type=product&#038;p=12735"},"modified":"2026-04-11T10:06:11","modified_gmt":"2026-04-11T08:06:11","slug":"dschungel-kork-walhai-kopie-2-2","status":"publish","type":"product","link":"https:\/\/stoffega.com\/en\/product\/dschungel-kork-walhai-kopie-2-2","title":{"rendered":"Gr\u00fcnt\u00f6ne"},"content":{"rendered":"<p>Diese XL Walhai-Variante kann als Rucksack, Slingbag oder Umh\u00e4ngetasche getragen werden. Durch die 4 D-Ringe an der R\u00fcckseite k\u00f6nnen die beiden Gurte entsprechend befestigt\u00a0 und die Tragevariante der Tasche jederzeit schnell angepasst werden.<\/p>\n<p>Von der Gr\u00f6\u00dfe her bietet der Walhai-Rucksack genug Platz f\u00fcr alles Wichtige und auch eine Wasserflasche l\u00e4sst sich gut verstauen. Das Fischmaul l\u00e4sst sich weit \u00f6ffnen und so hat man einen guten \u00dcberblick auf den Tascheninhalt.<\/p>\n<p>Zus\u00e4tzlich befinden sich innen am R\u00fccken und und der Schwanzflosse noch weitere Rei\u00dfverschlussf\u00e4cher und sorgen so f\u00fcr eine bessere Ordnung.<\/p>\n<p>Die Tasche ist bei 30 Grad Pflegew\u00e4sche in der Waschmaschine waschbar (ohne Gurte).<\/p>\n<p>&nbsp;<\/p>","protected":false},"excerpt":{"rendered":"<p>handgefertigt aus hochwertigen Leinen- und Baumwollstoffen<\/p>\n<p>Gr\u00f6\u00dfe: ca. 43cm x 21cm x 10cm<\/p>","protected":false},"featured_media":12742,"comment_status":"closed","ping_status":"closed","template":"","meta":[],"product_brand":[],"product_cat":[536],"product_tag":[331,259,373,260,372,539,220,328,371,537,255,314,538,540],"class_list":{"0":"post-12735","1":"product","2":"type-product","3":"status-publish","4":"has-post-thumbnail","6":"product_cat-walhai-rucksack","7":"product_tag-backbag","8":"product_tag-crossbody","9":"product_tag-crossbodybag","10":"product_tag-crossbodytasche","11":"product_tag-daybag","12":"product_tag-hai","13":"product_tag-handytasche","14":"product_tag-rucksack","15":"product_tag-rucksacktasche","16":"product_tag-slingbag","17":"product_tag-tasche","18":"product_tag-umhaengetasche","19":"product_tag-wal","20":"product_tag-walhai","21":"product_shipping_class-paeckchen","23":"first","24":"instock","25":"shipping-taxable","26":"purchasable","27":"product-type-simple"},"jetpack_sharing_enabled":true,"_links":{"self":[{"href":"https:\/\/stoffega.com\/en\/wp-json\/wp\/v2\/product\/12735","targetHints":{"allow":["GET"]}}],"collection":[{"href":"https:\/\/stoffega.com\/en\/wp-json\/wp\/v2\/product"}],"about":[{"href":"https:\/\/stoffega.com\/en\/wp-json\/wp\/v2\/types\/product"}],"replies":[{"embeddable":true,"href":"https:\/\/stoffega.com\/en\/wp-json\/wp\/v2\/comments?post=12735"}],"wp:featuredmedia":[{"embeddable":true,"href":"https:\/\/stoffega.com\/en\/wp-json\/wp\/v2\/media\/12742"}],"wp:attachment":[{"href":"https:\/\/stoffega.com\/en\/wp-json\/wp\/v2\/media?parent=12735"}],"wp:term":[{"taxonomy":"product_brand","embeddable":true,"href":"https:\/\/stoffega.com\/en\/wp-json\/wp\/v2\/product_brand?post=12735"},{"taxonomy":"product_cat","embeddable":true,"href":"https:\/\/stoffega.com\/en\/wp-json\/wp\/v2\/product_cat?post=12735"},{"taxonomy":"product_tag","embeddable":true,"href":"https:\/\/stoffega.com\/en\/wp-json\/wp\/v2\/product_tag?post=12735"}],"curies":[{"name":"wp","href":"https:\/\/api.w.org\/{rel}","templated":true}]}}