{"id":12802,"date":"2025-06-05T21:36:52","date_gmt":"2025-06-05T19:36:52","guid":{"rendered":"https:\/\/stoffega.com\/?post_type=product&#038;p=12802"},"modified":"2025-10-26T08:53:36","modified_gmt":"2025-10-26T06:53:36","slug":"coming-soon-4-2-3-2-2-2-2-2-2-2-2-2-2","status":"publish","type":"product","link":"https:\/\/stoffega.com\/en\/product\/coming-soon-4-2-3-2-2-2-2-2-2-2-2-2-2","title":{"rendered":"Buntes Muster &#8211; Kork Walhai"},"content":{"rendered":"<p>Diese T\u00e4schchen in Form von einen Walhai passen perfekt als Stiftem\u00e4ppchen. Das Maul des Walhais ist sicher mit einem Rei\u00dfverschluss verschlossen und l\u00e4sst sich schnell \u00f6ffnen. Farbstifte, Filzstifte oder Fineliner passen von der L\u00e4nge her gut hinein.<\/p>\n<p>Nat\u00fcrlich lassen sich auch allerlei andere Utensilien, Kabel oder Kosmetik darin gut aufbewahren.<\/p>\n<p>&nbsp;<\/p>","protected":false},"excerpt":{"rendered":"<p>handgefertigt aus portugiesischem Kork und hochwertigen\u00a0 Baumwollstoffen<\/p>\n<p>Gr\u00f6\u00dfe: ca. 28cm x 22cm x 12cm<\/p>","protected":false},"featured_media":12804,"comment_status":"closed","ping_status":"closed","template":"","meta":[],"product_brand":[],"product_cat":[477],"product_tag":[295,457,458,464,459,460,461,214,462,456,349,440,215,347,463],"class_list":{"0":"post-12802","1":"product","2":"type-product","3":"status-publish","4":"has-post-thumbnail","6":"product_cat-wal-maeppchen","7":"product_tag-etui","8":"product_tag-federbox","9":"product_tag-federetui","10":"product_tag-federkaestchen","11":"product_tag-federkasten","12":"product_tag-federmaeppchen","13":"product_tag-federpennal","14":"product_tag-kosmetiktaeschchen","15":"product_tag-schlamper-etui","16":"product_tag-schlampermaeppchen","17":"product_tag-schuettelpenal","18":"product_tag-stifteetui","19":"product_tag-stiftemaeppchen","20":"product_tag-stiftetaeschchen","21":"product_tag-stiftetasche","22":"product_shipping_class-paeckchen","24":"first","25":"instock","26":"shipping-taxable","27":"purchasable","28":"product-type-simple"},"jetpack_sharing_enabled":true,"_links":{"self":[{"href":"https:\/\/stoffega.com\/en\/wp-json\/wp\/v2\/product\/12802","targetHints":{"allow":["GET"]}}],"collection":[{"href":"https:\/\/stoffega.com\/en\/wp-json\/wp\/v2\/product"}],"about":[{"href":"https:\/\/stoffega.com\/en\/wp-json\/wp\/v2\/types\/product"}],"replies":[{"embeddable":true,"href":"https:\/\/stoffega.com\/en\/wp-json\/wp\/v2\/comments?post=12802"}],"wp:featuredmedia":[{"embeddable":true,"href":"https:\/\/stoffega.com\/en\/wp-json\/wp\/v2\/media\/12804"}],"wp:attachment":[{"href":"https:\/\/stoffega.com\/en\/wp-json\/wp\/v2\/media?parent=12802"}],"wp:term":[{"taxonomy":"product_brand","embeddable":true,"href":"https:\/\/stoffega.com\/en\/wp-json\/wp\/v2\/product_brand?post=12802"},{"taxonomy":"product_cat","embeddable":true,"href":"https:\/\/stoffega.com\/en\/wp-json\/wp\/v2\/product_cat?post=12802"},{"taxonomy":"product_tag","embeddable":true,"href":"https:\/\/stoffega.com\/en\/wp-json\/wp\/v2\/product_tag?post=12802"}],"curies":[{"name":"wp","href":"https:\/\/api.w.org\/{rel}","templated":true}]}}