{"id":12845,"date":"2025-06-05T23:59:55","date_gmt":"2025-06-05T21:59:55","guid":{"rendered":"https:\/\/stoffega.com\/?post_type=product&#038;p=12845"},"modified":"2025-06-06T00:02:14","modified_gmt":"2025-06-05T22:02:14","slug":"weisse-bluemchen-add-on-2-2-2","status":"publish","type":"product","link":"https:\/\/stoffega.com\/en\/product\/weisse-bluemchen-add-on-2-2-2","title":{"rendered":"Bunte Bl\u00e4tter  &#8211; Walhai Add-on"},"content":{"rendered":"<p>Die Add-on Variante hat auf der R\u00fcckseite zwei aufgen\u00e4hte Schlaufen durch die sich ein Gurtband ziehen l\u00e4sst. Damit kann man diesen Walhai an eine bestehende Tasche dazu h\u00e4ngen oder einfach mit einem Gurtband alleine tragen.<\/p>\n<p>Von der Gr\u00f6\u00dfe passt gut ein Handy in den Walhai.<\/p>\n<p>Der Gurt ist im Preis nicht inbegriffen, kann aber um \u20ac 10.- in gew\u00fcnschter Gurtbandfarbe dazubestellt werden.<\/p>\n<p>&nbsp;<\/p>","protected":false},"excerpt":{"rendered":"<p>handgefertigt aus portugiesischem Kork und hochwertigen\u00a0 Baumwollstoffen<\/p>\n<p>Gr\u00f6\u00dfe: ca. 28cm x 22cm x 12cm<\/p>","protected":false},"featured_media":12846,"comment_status":"closed","ping_status":"closed","template":"","meta":[],"product_brand":[],"product_cat":[541],"product_tag":[295,457,458,464,459,460,461,214,462,456,349,440,215,347,463],"class_list":{"0":"post-12845","1":"product","2":"type-product","3":"status-publish","4":"has-post-thumbnail","6":"product_cat-walhai-add-on","7":"product_tag-etui","8":"product_tag-federbox","9":"product_tag-federetui","10":"product_tag-federkaestchen","11":"product_tag-federkasten","12":"product_tag-federmaeppchen","13":"product_tag-federpennal","14":"product_tag-kosmetiktaeschchen","15":"product_tag-schlamper-etui","16":"product_tag-schlampermaeppchen","17":"product_tag-schuettelpenal","18":"product_tag-stifteetui","19":"product_tag-stiftemaeppchen","20":"product_tag-stiftetaeschchen","21":"product_tag-stiftetasche","22":"product_shipping_class-paeckchen","24":"first","25":"instock","26":"shipping-taxable","27":"purchasable","28":"product-type-simple"},"jetpack_sharing_enabled":true,"_links":{"self":[{"href":"https:\/\/stoffega.com\/en\/wp-json\/wp\/v2\/product\/12845","targetHints":{"allow":["GET"]}}],"collection":[{"href":"https:\/\/stoffega.com\/en\/wp-json\/wp\/v2\/product"}],"about":[{"href":"https:\/\/stoffega.com\/en\/wp-json\/wp\/v2\/types\/product"}],"replies":[{"embeddable":true,"href":"https:\/\/stoffega.com\/en\/wp-json\/wp\/v2\/comments?post=12845"}],"wp:featuredmedia":[{"embeddable":true,"href":"https:\/\/stoffega.com\/en\/wp-json\/wp\/v2\/media\/12846"}],"wp:attachment":[{"href":"https:\/\/stoffega.com\/en\/wp-json\/wp\/v2\/media?parent=12845"}],"wp:term":[{"taxonomy":"product_brand","embeddable":true,"href":"https:\/\/stoffega.com\/en\/wp-json\/wp\/v2\/product_brand?post=12845"},{"taxonomy":"product_cat","embeddable":true,"href":"https:\/\/stoffega.com\/en\/wp-json\/wp\/v2\/product_cat?post=12845"},{"taxonomy":"product_tag","embeddable":true,"href":"https:\/\/stoffega.com\/en\/wp-json\/wp\/v2\/product_tag?post=12845"}],"curies":[{"name":"wp","href":"https:\/\/api.w.org\/{rel}","templated":true}]}}