{"id":12860,"date":"2025-06-06T00:07:15","date_gmt":"2025-06-05T22:07:15","guid":{"rendered":"https:\/\/stoffega.com\/?post_type=product&#038;p=12860"},"modified":"2025-06-06T00:08:09","modified_gmt":"2025-06-05T22:08:09","slug":"glitzerkork-rosa-walhaibaby-2","status":"publish","type":"product","link":"https:\/\/stoffega.com\/en\/product\/glitzerkork-rosa-walhaibaby-2","title":{"rendered":"Streifenkork &#8211; Walhaibaby"},"content":{"rendered":"<p>Der Kleinste aus der Walhai-Familie ist mit au\u00dfen mit einem Karabinerring ausgestattet, sodass er sich leicht an Taschen, Rucks\u00e4cke oder G\u00fcrtelschlaufen dazu h\u00e4ngen l\u00e4sst.<\/p>\n<p>Im Maul hat er ebenfalls eine Schlaufe aus Kork in welche man einen Schl\u00fcsselring bzw. einen Karabiner einh\u00e4ngen kann, wenn man den Babyhai als Schl\u00fcsseltasche verwenden m\u00f6chte.<\/p>\n<p>Von der Gr\u00f6\u00dfe passen auch sehr gut Bankkarte, Papier- und M\u00fcnzgeld in den kleinen Walhai.<\/p>\n<p>Nat\u00fcrlich lassen sich auch allerlei andere kleine Utensilien, Kabel, Kopfh\u00f6rer oder Kosmetik darin gut aufbewahren.<\/p>\n<p>&nbsp;<\/p>","protected":false},"excerpt":{"rendered":"<p>handgefertigt aus portugiesischem Kork und hochwertigen\u00a0 Baumwollstoffen<\/p>\n<p>Gr\u00f6\u00dfe: ca. 18cm x 10cm x 4cm<\/p>","protected":false},"featured_media":12861,"comment_status":"closed","ping_status":"closed","template":"","meta":[],"product_brand":[],"product_cat":[542],"product_tag":[295,457,458,464,459,460,461,214,462,456,349,440,215,347,463],"class_list":{"0":"post-12860","1":"product","2":"type-product","3":"status-publish","4":"has-post-thumbnail","6":"product_cat-walhai-baby","7":"product_tag-etui","8":"product_tag-federbox","9":"product_tag-federetui","10":"product_tag-federkaestchen","11":"product_tag-federkasten","12":"product_tag-federmaeppchen","13":"product_tag-federpennal","14":"product_tag-kosmetiktaeschchen","15":"product_tag-schlamper-etui","16":"product_tag-schlampermaeppchen","17":"product_tag-schuettelpenal","18":"product_tag-stifteetui","19":"product_tag-stiftemaeppchen","20":"product_tag-stiftetaeschchen","21":"product_tag-stiftetasche","22":"product_shipping_class-paeckchen","24":"first","25":"instock","26":"shipping-taxable","27":"purchasable","28":"product-type-simple"},"jetpack_sharing_enabled":true,"_links":{"self":[{"href":"https:\/\/stoffega.com\/en\/wp-json\/wp\/v2\/product\/12860","targetHints":{"allow":["GET"]}}],"collection":[{"href":"https:\/\/stoffega.com\/en\/wp-json\/wp\/v2\/product"}],"about":[{"href":"https:\/\/stoffega.com\/en\/wp-json\/wp\/v2\/types\/product"}],"replies":[{"embeddable":true,"href":"https:\/\/stoffega.com\/en\/wp-json\/wp\/v2\/comments?post=12860"}],"wp:featuredmedia":[{"embeddable":true,"href":"https:\/\/stoffega.com\/en\/wp-json\/wp\/v2\/media\/12861"}],"wp:attachment":[{"href":"https:\/\/stoffega.com\/en\/wp-json\/wp\/v2\/media?parent=12860"}],"wp:term":[{"taxonomy":"product_brand","embeddable":true,"href":"https:\/\/stoffega.com\/en\/wp-json\/wp\/v2\/product_brand?post=12860"},{"taxonomy":"product_cat","embeddable":true,"href":"https:\/\/stoffega.com\/en\/wp-json\/wp\/v2\/product_cat?post=12860"},{"taxonomy":"product_tag","embeddable":true,"href":"https:\/\/stoffega.com\/en\/wp-json\/wp\/v2\/product_tag?post=12860"}],"curies":[{"name":"wp","href":"https:\/\/api.w.org\/{rel}","templated":true}]}}