{"id":12981,"date":"2025-06-07T20:13:39","date_gmt":"2025-06-07T18:13:39","guid":{"rendered":"https:\/\/stoffega.com\/?post_type=product&#038;p=12981"},"modified":"2025-06-07T20:15:48","modified_gmt":"2025-06-07T18:15:48","slug":"blaue-blumen-7-2-2-2-2-2-2-2-2-2-2-2","status":"publish","type":"product","link":"https:\/\/stoffega.com\/en\/product\/blaue-blumen-7-2-2-2-2-2-2-2-2-2-2-2","title":{"rendered":"Schwarze Kreise"},"content":{"rendered":"<p>In dieser Umh\u00e4ngetasche finden alle wichtigen Dinge Platz, die du ausw\u00e4rts immer mit dabei hast, wie z.B.: Handy, Schl\u00fcssel, Ausweis, Geldb\u00f6rse u\u00e4.<\/p>\n<p>Der Inhalt ist nicht nur durch den Rei\u00dfverschluss gut gesch\u00fctzt, sondern zus\u00e4tzlich auch noch durch eine Klappe, die \u00fcber die gesamte vordere Front reicht.<\/p>\n<p>Damit alles ordentlich verstaut ist, gibt es au\u00dfen ein Steck- und ein Rei\u00dfverschlussfach. Innen gibt es ebenfalls\u00a0 ein Rei\u00dfverschlussfach und in der Klappe versteckt sich noch ein weiteres Rei\u00dfverschlussfach.<\/p>\n<p>Der Gurt ist seitlich an der Tasche mit Karabiner befestigt und kann auf die passende L\u00e4nge eingestellt werden. Nat\u00fcrlich kannst du auch verschiedene Gurte verwenden.<\/p>\n<p>Die Tasche ist au\u00dfen aus &#8222;Poly-Canvas&#8220; gearbeitet &#8211; das ist ein Leinen aus recyceltem Material , dass einen wasserabweisenden Effekt hat. Sollte die Tasche einmal schmutzig werden, kann man sie bei 30\u00b0 Grad Pflegew\u00e4sche waschen.<\/p>","protected":false},"excerpt":{"rendered":"<p>handgefertigt aus heavy Canvas und\u00a0 hochwertigen Leinen- und Baumwollstoffen<\/p>\n<p>Gr\u00f6\u00dfe: ca. 23cm x 18cm x 6cm<\/p>","protected":false},"featured_media":12986,"comment_status":"closed","ping_status":"closed","template":"","meta":[],"product_brand":[],"product_cat":[204],"product_tag":[316,311,259,260,219,312,313,315,255,314],"class_list":{"0":"post-12981","1":"product","2":"type-product","3":"status-publish","4":"has-post-thumbnail","6":"product_cat-canvastasche-medium","7":"product_tag-bag","8":"product_tag-canvas","9":"product_tag-crossbody","10":"product_tag-crossbodytasche","11":"product_tag-handtasche","12":"product_tag-leinen","13":"product_tag-leinentasche","14":"product_tag-stofftasche","15":"product_tag-tasche","16":"product_tag-umhaengetasche","17":"product_shipping_class-paket-2kg","19":"first","20":"instock","21":"shipping-taxable","22":"purchasable","23":"product-type-simple"},"jetpack_sharing_enabled":true,"_links":{"self":[{"href":"https:\/\/stoffega.com\/en\/wp-json\/wp\/v2\/product\/12981","targetHints":{"allow":["GET"]}}],"collection":[{"href":"https:\/\/stoffega.com\/en\/wp-json\/wp\/v2\/product"}],"about":[{"href":"https:\/\/stoffega.com\/en\/wp-json\/wp\/v2\/types\/product"}],"replies":[{"embeddable":true,"href":"https:\/\/stoffega.com\/en\/wp-json\/wp\/v2\/comments?post=12981"}],"wp:featuredmedia":[{"embeddable":true,"href":"https:\/\/stoffega.com\/en\/wp-json\/wp\/v2\/media\/12986"}],"wp:attachment":[{"href":"https:\/\/stoffega.com\/en\/wp-json\/wp\/v2\/media?parent=12981"}],"wp:term":[{"taxonomy":"product_brand","embeddable":true,"href":"https:\/\/stoffega.com\/en\/wp-json\/wp\/v2\/product_brand?post=12981"},{"taxonomy":"product_cat","embeddable":true,"href":"https:\/\/stoffega.com\/en\/wp-json\/wp\/v2\/product_cat?post=12981"},{"taxonomy":"product_tag","embeddable":true,"href":"https:\/\/stoffega.com\/en\/wp-json\/wp\/v2\/product_tag?post=12981"}],"curies":[{"name":"wp","href":"https:\/\/api.w.org\/{rel}","templated":true}]}}