{"id":13080,"date":"2025-06-07T21:36:07","date_gmt":"2025-06-07T19:36:07","guid":{"rendered":"https:\/\/stoffega.com\/?post_type=product&#038;p=13080"},"modified":"2025-10-27T13:52:34","modified_gmt":"2025-10-27T11:52:34","slug":"coming-soon-2-2","status":"publish","type":"product","link":"https:\/\/stoffega.com\/en\/product\/coming-soon-2-2","title":{"rendered":"Buntes Muster"},"content":{"rendered":"<p>Diese Markt- oder auch Badetasche besticht mit ihrer edlen Optik und hohen Funktionalit\u00e4t. Die Tasche ist oben offen, sodass schnell alles rein- oder rausgenommen werden kann. Durch ihre Gr\u00f6\u00dfe bietet sie genug Platz f\u00fcr den Einkauf oder den Wellnesstag. Die breiten Tr\u00e4ger aus stabilem Gurtband lassen auch Schweres angenehm tragen.<\/p>\n<p>Damit deine Wertgegenst\u00e4nde aber sicher verwahrt und auch gleich bei der Hand sind, gibt es innen seitlich ein Zipperfach, indem Handy, Brieftasche, Schl\u00fcssel usw. Platz finden. Weiters hat sie innen ein Steckfach, in das gut Zeitschriften oder Unterlagen im A4-Format hineinpassen.<\/p>\n<p>An der Au\u00dfenseite ist ein weiteres Steckfach gearbeitet.<\/p>\n<p>Die Tasche ist au\u00dfen aus wasser- und schmutzabweisendem Korkstoff und innen mit einem hochwertigen, wasserabweisenden Recycling-Stoff gen\u00e4ht. So ist die Tasche von beiden Seiten wasserabweisend und kann bei Verschmutzung einfach mit einem feuchten Tuch und etwas Seife leicht gereinigt werden.<\/p>\n<p>Die Tasche ist nach eigenem Entwurf gearbeitet.<\/p>","protected":false},"excerpt":{"rendered":"<p>handgefertigt aus hochwertigen Baumwollstoffen, wunderbar weichen Essex-Leinen und mit echten Lederriemen<\/p>\n<p>Gr\u00f6\u00dfe: ca. 45cm x 42cm x 24cm<\/p>","protected":false},"featured_media":13081,"comment_status":"closed","ping_status":"closed","template":"","meta":[],"product_brand":[],"product_cat":[71],"product_tag":[165,316,427,320,219,256,470,319,255,314],"class_list":{"0":"post-13080","1":"product","2":"type-product","3":"status-publish","4":"has-post-thumbnail","6":"product_cat-markttaschen","7":"product_tag-badetasche","8":"product_tag-bag","9":"product_tag-einkaufstasche","10":"product_tag-handbag","11":"product_tag-handtasche","12":"product_tag-korktasche","13":"product_tag-markttasche","14":"product_tag-schultertasche","15":"product_tag-tasche","16":"product_tag-umhaengetasche","17":"product_shipping_class-paket-2kg","19":"first","20":"instock","21":"shipping-taxable","22":"purchasable","23":"product-type-simple"},"jetpack_sharing_enabled":true,"_links":{"self":[{"href":"https:\/\/stoffega.com\/en\/wp-json\/wp\/v2\/product\/13080","targetHints":{"allow":["GET"]}}],"collection":[{"href":"https:\/\/stoffega.com\/en\/wp-json\/wp\/v2\/product"}],"about":[{"href":"https:\/\/stoffega.com\/en\/wp-json\/wp\/v2\/types\/product"}],"replies":[{"embeddable":true,"href":"https:\/\/stoffega.com\/en\/wp-json\/wp\/v2\/comments?post=13080"}],"wp:featuredmedia":[{"embeddable":true,"href":"https:\/\/stoffega.com\/en\/wp-json\/wp\/v2\/media\/13081"}],"wp:attachment":[{"href":"https:\/\/stoffega.com\/en\/wp-json\/wp\/v2\/media?parent=13080"}],"wp:term":[{"taxonomy":"product_brand","embeddable":true,"href":"https:\/\/stoffega.com\/en\/wp-json\/wp\/v2\/product_brand?post=13080"},{"taxonomy":"product_cat","embeddable":true,"href":"https:\/\/stoffega.com\/en\/wp-json\/wp\/v2\/product_cat?post=13080"},{"taxonomy":"product_tag","embeddable":true,"href":"https:\/\/stoffega.com\/en\/wp-json\/wp\/v2\/product_tag?post=13080"}],"curies":[{"name":"wp","href":"https:\/\/api.w.org\/{rel}","templated":true}]}}