{"id":13361,"date":"2025-06-10T22:49:18","date_gmt":"2025-06-10T20:49:18","guid":{"rendered":"https:\/\/stoffega.com\/?post_type=product&#038;p=13361"},"modified":"2025-06-10T22:50:14","modified_gmt":"2025-06-10T20:50:14","slug":"leopard-blau-grau-2-2","status":"publish","type":"product","link":"https:\/\/stoffega.com\/en\/product\/leopard-blau-grau-2-2","title":{"rendered":"Paris mit Glitzerkork schwarz"},"content":{"rendered":"<p>In dieser kleinen Umh\u00e4ngetasche finden alle wichtigen Dinge Platz, die du ausw\u00e4rts immer mit dabei hast, wie z.B.: Handy, Schl\u00fcssel, Ausweis, Geldb\u00f6rse u\u00e4.<\/p>\n<p>Damit alles ordentlich verstaut ist, besteht der Taschenk\u00f6rper aus zwei Rei\u00dfverschlusst\u00e4schchen, die in der Mitte \u00fcber ein offenes Steckfach miteinander verbunden sind.<\/p>\n<p>In der r\u00fcckwertigen Tasche ist ein Brieftaschen-Paneel mit einem Zipperfach, zwei Kartensteckf\u00e4chern und einem Geldscheinfach eingearbeitet.<\/p>\n<p>Der Gurt ist seitlich an der Tasche mit Schlaufen befestigt und kann auf die passende L\u00e4nge eingestellt werden, indem man die Verknotung anpasst. Nat\u00fcrlich kann man die Tasche auch ganz ohne Gurt als Clutch verwenden.<\/p>\n<p>Die Tasche ist au\u00dfen komplett aus portugiesischem Korkleder gearbeitet und somit wasserabweisend. Sollte die Tasche einmal schmutzig werden, braucht man sie nur mit einem feuchten Tuch sauber machen.<\/p>\n<p>Die Tasche ist nach einem eigenen Entwurf gearbeitet.<\/p>","protected":false},"excerpt":{"rendered":"<p>handgefertigt aus portugiesischem Korkleder und\u00a0 hochwertigen Baumwoll- und Leinenstoffen<\/p>\n<p>Gr\u00f6\u00dfe: ca. 21cm x 15cm x 4cm<\/p>","protected":false},"featured_media":13363,"comment_status":"closed","ping_status":"closed","template":"","meta":[],"product_brand":[],"product_cat":[544],"product_tag":[316,218,259,373,260,320,219,550,319,255,314],"class_list":{"0":"post-13361","1":"product","2":"type-product","3":"status-publish","4":"has-post-thumbnail","6":"product_cat-double-zip-clutch","7":"product_tag-bag","8":"product_tag-clutch","9":"product_tag-crossbody","10":"product_tag-crossbodybag","11":"product_tag-crossbodytasche","12":"product_tag-handbag","13":"product_tag-handtasche","14":"product_tag-kork-clutch","15":"product_tag-schultertasche","16":"product_tag-tasche","17":"product_tag-umhaengetasche","18":"product_shipping_class-paket-2kg","20":"first","21":"instock","22":"shipping-taxable","23":"purchasable","24":"product-type-simple"},"jetpack_sharing_enabled":true,"_links":{"self":[{"href":"https:\/\/stoffega.com\/en\/wp-json\/wp\/v2\/product\/13361","targetHints":{"allow":["GET"]}}],"collection":[{"href":"https:\/\/stoffega.com\/en\/wp-json\/wp\/v2\/product"}],"about":[{"href":"https:\/\/stoffega.com\/en\/wp-json\/wp\/v2\/types\/product"}],"replies":[{"embeddable":true,"href":"https:\/\/stoffega.com\/en\/wp-json\/wp\/v2\/comments?post=13361"}],"wp:featuredmedia":[{"embeddable":true,"href":"https:\/\/stoffega.com\/en\/wp-json\/wp\/v2\/media\/13363"}],"wp:attachment":[{"href":"https:\/\/stoffega.com\/en\/wp-json\/wp\/v2\/media?parent=13361"}],"wp:term":[{"taxonomy":"product_brand","embeddable":true,"href":"https:\/\/stoffega.com\/en\/wp-json\/wp\/v2\/product_brand?post=13361"},{"taxonomy":"product_cat","embeddable":true,"href":"https:\/\/stoffega.com\/en\/wp-json\/wp\/v2\/product_cat?post=13361"},{"taxonomy":"product_tag","embeddable":true,"href":"https:\/\/stoffega.com\/en\/wp-json\/wp\/v2\/product_tag?post=13361"}],"curies":[{"name":"wp","href":"https:\/\/api.w.org\/{rel}","templated":true}]}}