{"id":13374,"date":"2025-06-11T08:31:31","date_gmt":"2025-06-11T06:31:31","guid":{"rendered":"https:\/\/stoffega.com\/?post_type=product&#038;p=13374"},"modified":"2025-06-11T08:32:34","modified_gmt":"2025-06-11T06:32:34","slug":"streifen-5-2","status":"publish","type":"product","link":"https:\/\/stoffega.com\/en\/product\/streifen-5-2","title":{"rendered":"Leopard pink-grau"},"content":{"rendered":"<p>In dieser kleinen Umh\u00e4ngetasche finden alle wichtigen Dinge Platz, die du ausw\u00e4rts immer mit dabei hast, wie z.B.: Handy, Schl\u00fcssel, Ausweis, Geldb\u00f6rse u\u00e4.<\/p>\n<p>Die Tasche hat ein gro\u00dfes Hauptfach, das mit einer Klappe mit Loxx-Knopf sicher verschlossen ist. Der Loxxknopf ist nicht nur sehr sch\u00f6n im Design, sondern auch ein Sperrverschluss, der sich nur durch hochziehen des Knopfes \u00f6ffnen l\u00e4sst und somit nicht versehentlich oder unachtsam ge\u00f6ffnet werden kann.<\/p>\n<p>Au\u00dfen an der R\u00fcckseite befindet sich ein Rei\u00dfverschlussfach, das sich z.B. gut f\u00fcr die Aufbewahrung vom Handy eignet.<\/p>\n<p>Innen findet man ebenfalls ein kleineres Zipperfach f\u00fcr die bessere Ordnung.<\/p>\n<p>Der Gurt ist ist r\u00fcckw\u00e4rts mit Karabinern an zwei kleinen D-Ringen befestigt und kann in der L\u00e4nge verstellt werden. Nat\u00fcrlich kann man die Tasche auch ganz ohne Gurt als Clutch verwenden.<\/p>\n<p>Die Tasche ist au\u00dfen komplett aus hochwertigen Leinenstoffen gearbeitet und kann bei 30\u00b0 Grad Pflegew\u00e4sche in der Maschine gewaschen werden.<\/p>\n<p>Die Tasche ist &#8211; mit eigenen Anpassungen &#8211; nach dem Schnittmuster &#8222;Haralson Bag&#8220; von Noodlehead gearbeitet.<\/p>","protected":false},"excerpt":{"rendered":"<p>handgefertigt aus hochwertigen Baumwoll- und Leinenstoffen<\/p>\n<p>Gr\u00f6\u00dfe: ca. 25cm x 17cm x 3,5cm<\/p>","protected":false},"featured_media":13377,"comment_status":"closed","ping_status":"closed","template":"","meta":[],"product_brand":[],"product_cat":[545],"product_tag":[316,218,259,373,260,320,219,319,255,314],"class_list":{"0":"post-13374","1":"product","2":"type-product","3":"status-publish","4":"has-post-thumbnail","6":"product_cat-leinen-clutch","7":"product_tag-bag","8":"product_tag-clutch","9":"product_tag-crossbody","10":"product_tag-crossbodybag","11":"product_tag-crossbodytasche","12":"product_tag-handbag","13":"product_tag-handtasche","14":"product_tag-schultertasche","15":"product_tag-tasche","16":"product_tag-umhaengetasche","17":"product_shipping_class-paket-2kg","19":"first","20":"instock","21":"shipping-taxable","22":"purchasable","23":"product-type-simple"},"jetpack_sharing_enabled":true,"_links":{"self":[{"href":"https:\/\/stoffega.com\/en\/wp-json\/wp\/v2\/product\/13374","targetHints":{"allow":["GET"]}}],"collection":[{"href":"https:\/\/stoffega.com\/en\/wp-json\/wp\/v2\/product"}],"about":[{"href":"https:\/\/stoffega.com\/en\/wp-json\/wp\/v2\/types\/product"}],"replies":[{"embeddable":true,"href":"https:\/\/stoffega.com\/en\/wp-json\/wp\/v2\/comments?post=13374"}],"wp:featuredmedia":[{"embeddable":true,"href":"https:\/\/stoffega.com\/en\/wp-json\/wp\/v2\/media\/13377"}],"wp:attachment":[{"href":"https:\/\/stoffega.com\/en\/wp-json\/wp\/v2\/media?parent=13374"}],"wp:term":[{"taxonomy":"product_brand","embeddable":true,"href":"https:\/\/stoffega.com\/en\/wp-json\/wp\/v2\/product_brand?post=13374"},{"taxonomy":"product_cat","embeddable":true,"href":"https:\/\/stoffega.com\/en\/wp-json\/wp\/v2\/product_cat?post=13374"},{"taxonomy":"product_tag","embeddable":true,"href":"https:\/\/stoffega.com\/en\/wp-json\/wp\/v2\/product_tag?post=13374"}],"curies":[{"name":"wp","href":"https:\/\/api.w.org\/{rel}","templated":true}]}}