{"id":13402,"date":"2025-06-11T13:00:44","date_gmt":"2025-06-11T11:00:44","guid":{"rendered":"https:\/\/stoffega.com\/?post_type=product&#038;p=13402"},"modified":"2025-06-22T14:28:34","modified_gmt":"2025-06-22T12:28:34","slug":"buntes-muster","status":"publish","type":"product","link":"https:\/\/stoffega.com\/en\/product\/buntes-muster","title":{"rendered":"buntes Muster"},"content":{"rendered":"<div class=\"icon-box featured-box icon-box-top text-left\">\n<div class=\"icon-box-text last-reset\">\n<div id=\"text-284114472\" class=\"text\">\n<p class=\"p1\">Die Businessbag ist als Umh\u00e4ngetasche im Querformat konzipiert, um z.B. auch Ordner, Laptop oder andere B\u00fcrounterlagen zu transportieren. Das Hauptfach l\u00e4sst sich komplett mit einem Rei\u00dfverschluss verschlie\u00dfen und zus\u00e4tzlich sch\u00fctzt die Korkklappe die Tasche noch vor Regen oder \u00c4hnlichem.<\/p>\n<p class=\"p1\">Die Tasche hat innen auf der R\u00fcckseite ein Steckfach, dass sich f\u00fcr kleinere Laptopmodelle, Tabletts oder A4-Hefte eignet. Gegen\u00fcber findet man ein weiteres Steckfach mit Unterteilungen, sodass Stifte, Lesebrille, Handy, Ladekabel usw. griffbereit verstaut werden k\u00f6nnen.<\/p>\n<p>Auf der R\u00fcckseite au\u00dfen befindet sich ein zus\u00e4tzliches gro\u00dfes Rei\u00dfverschlussfach.<\/p>\n<p>Die Tasche ist au\u00dfen komplett aus Korkstoff gearbeitet und dadurch wasserabweisend. Sie kann mit Wasser und Seife per Hand gereinigt werden.<\/p>\n<p>Diese Tasche ist nach eigenem Entwurf gearbeitet.<\/p>\n<\/div>\n<\/div>\n<\/div>\n<div class=\"icon-box featured-box icon-box-top text-left\">\n<div class=\"icon-box-text last-reset\">\n<div id=\"text-742968446\" class=\"text\">\n<p>&nbsp;<\/p>\n<\/div>\n<\/div>\n<\/div>","protected":false},"excerpt":{"rendered":"<p>handgefertigt aus hochwertigen Kork- und Baumwollstoffen<\/p>\n<p>Gr\u00f6\u00dfe: ca. 40cm x 31cm x 12cm<\/p>","protected":false},"featured_media":13450,"comment_status":"closed","ping_status":"closed","template":"","meta":[],"product_brand":[],"product_cat":[547],"product_tag":[553,552,554,551,259,373,260,372,219,256,255,314],"class_list":{"0":"post-13402","1":"product","2":"type-product","3":"status-publish","4":"has-post-thumbnail","6":"product_cat-businessbag","7":"product_tag-aktenmappe","8":"product_tag-aktentasche","9":"product_tag-arbeitstasche","10":"product_tag-businessbag","11":"product_tag-crossbody","12":"product_tag-crossbodybag","13":"product_tag-crossbodytasche","14":"product_tag-daybag","15":"product_tag-handtasche","16":"product_tag-korktasche","17":"product_tag-tasche","18":"product_tag-umhaengetasche","19":"product_shipping_class-paket-2kg","21":"first","22":"instock","23":"shipping-taxable","24":"purchasable","25":"product-type-simple"},"jetpack_sharing_enabled":true,"_links":{"self":[{"href":"https:\/\/stoffega.com\/en\/wp-json\/wp\/v2\/product\/13402","targetHints":{"allow":["GET"]}}],"collection":[{"href":"https:\/\/stoffega.com\/en\/wp-json\/wp\/v2\/product"}],"about":[{"href":"https:\/\/stoffega.com\/en\/wp-json\/wp\/v2\/types\/product"}],"replies":[{"embeddable":true,"href":"https:\/\/stoffega.com\/en\/wp-json\/wp\/v2\/comments?post=13402"}],"wp:featuredmedia":[{"embeddable":true,"href":"https:\/\/stoffega.com\/en\/wp-json\/wp\/v2\/media\/13450"}],"wp:attachment":[{"href":"https:\/\/stoffega.com\/en\/wp-json\/wp\/v2\/media?parent=13402"}],"wp:term":[{"taxonomy":"product_brand","embeddable":true,"href":"https:\/\/stoffega.com\/en\/wp-json\/wp\/v2\/product_brand?post=13402"},{"taxonomy":"product_cat","embeddable":true,"href":"https:\/\/stoffega.com\/en\/wp-json\/wp\/v2\/product_cat?post=13402"},{"taxonomy":"product_tag","embeddable":true,"href":"https:\/\/stoffega.com\/en\/wp-json\/wp\/v2\/product_tag?post=13402"}],"curies":[{"name":"wp","href":"https:\/\/api.w.org\/{rel}","templated":true}]}}