{"id":13403,"date":"2025-06-11T13:15:17","date_gmt":"2025-06-11T11:15:17","guid":{"rendered":"https:\/\/stoffega.com\/?post_type=product&#038;p=13403"},"modified":"2026-02-22T23:06:23","modified_gmt":"2026-02-22T21:06:23","slug":"bunte-blumen","status":"publish","type":"product","link":"https:\/\/stoffega.com\/en\/product\/bunte-blumen","title":{"rendered":"Leopard braun-blau"},"content":{"rendered":"<p><span>Dieser kleine Rucksack ist sehr ger\u00e4umig, da er sich durch den Kordelzug weit und \u00fcbersichtlich \u00f6ffnen l\u00e4sst und durch sein schlichtes Design innen viel Platz bietet. Als Handtaschen-Ersatz ist dieser Cityrucksack bestens geeignet, da alle wichtigen Utensilien f\u00fcr unterwegs aber auch Wasserflasche, kleiner Regenschirm oder gro\u00dfes Portemonnaie hier gut verstaut werden k\u00f6nnen.<\/span><\/p>\n<p>Der Verschluss ist einfach und schnell zu bedienen und zus\u00e4tzlich durch eine Korkklappe von fremden Zugriffen gesch\u00fctzt. Weiters dient die Korkklappe bei leichtem Regen dazu, die Feuchtigkeit drau\u00dfen zu halten.<\/p>\n<p>Der Boden und die Tr\u00e4ger ebenfalls aus Kork gearbeitet, da\u00a0 Kork sehr robust und wasserabweisend ist. Die Tr\u00e4ger sind\u00a0 f\u00fcr besseren Tragekomfort extra gepolstert.<\/p>\n<p>Der Rucksack hat innen ein zus\u00e4tzliches Rei\u00dfverschlussfach, um z.B. das Handy gleich griffbereit zu haben.<\/p>\n<p><span>Sollte der Rucksack einmal schmutzig werden, dreht man ihn auf links und kann ihn bei 30\u00b0 Schonwaschprogramm in der Waschmaschine waschen.<\/span><\/p>\n<p>&nbsp;<\/p>","protected":false},"excerpt":{"rendered":"<p>handgefertigt aus hochwertigen Kork-, Leinen- und Baumwollstoffen<\/p>\n<p>Gr\u00f6\u00dfe: ca. 30cm x 23cm x 13cm<\/p>","protected":false},"featured_media":13480,"comment_status":"closed","ping_status":"closed","template":"","meta":[],"product_brand":[],"product_cat":[548],"product_tag":[331,403,402,328,371],"class_list":{"0":"post-13403","1":"product","2":"type-product","3":"status-publish","4":"has-post-thumbnail","6":"product_cat-rucksack-mit-korkklappe","7":"product_tag-backbag","8":"product_tag-rolltop","9":"product_tag-rolltoprucksack","10":"product_tag-rucksack","11":"product_tag-rucksacktasche","12":"product_shipping_class-paket-2kg","14":"first","15":"instock","16":"sale","17":"shipping-taxable","18":"purchasable","19":"product-type-simple"},"jetpack_sharing_enabled":true,"_links":{"self":[{"href":"https:\/\/stoffega.com\/en\/wp-json\/wp\/v2\/product\/13403","targetHints":{"allow":["GET"]}}],"collection":[{"href":"https:\/\/stoffega.com\/en\/wp-json\/wp\/v2\/product"}],"about":[{"href":"https:\/\/stoffega.com\/en\/wp-json\/wp\/v2\/types\/product"}],"replies":[{"embeddable":true,"href":"https:\/\/stoffega.com\/en\/wp-json\/wp\/v2\/comments?post=13403"}],"wp:featuredmedia":[{"embeddable":true,"href":"https:\/\/stoffega.com\/en\/wp-json\/wp\/v2\/media\/13480"}],"wp:attachment":[{"href":"https:\/\/stoffega.com\/en\/wp-json\/wp\/v2\/media?parent=13403"}],"wp:term":[{"taxonomy":"product_brand","embeddable":true,"href":"https:\/\/stoffega.com\/en\/wp-json\/wp\/v2\/product_brand?post=13403"},{"taxonomy":"product_cat","embeddable":true,"href":"https:\/\/stoffega.com\/en\/wp-json\/wp\/v2\/product_cat?post=13403"},{"taxonomy":"product_tag","embeddable":true,"href":"https:\/\/stoffega.com\/en\/wp-json\/wp\/v2\/product_tag?post=13403"}],"curies":[{"name":"wp","href":"https:\/\/api.w.org\/{rel}","templated":true}]}}