{"id":13560,"date":"2025-06-11T20:17:02","date_gmt":"2025-06-11T18:17:02","guid":{"rendered":"https:\/\/stoffega.com\/?post_type=product&#038;p=13560"},"modified":"2025-08-14T18:40:28","modified_gmt":"2025-08-14T16:40:28","slug":"coming-soon-6-2-3","status":"publish","type":"product","link":"https:\/\/stoffega.com\/en\/product\/coming-soon-6-2-3","title":{"rendered":"Streifen"},"content":{"rendered":"<p><span>Diese stilvolle Handtasche besticht durch ihr besonderes Design und ihre beiden gro\u00dfen Hauptf\u00e4cher, in denen <\/span>alle wichtigen Dinge, die man ausw\u00e4rts immer mit dabei hat, wie z.B.: Handy, Schl\u00fcssel, Ausweis, Geldb\u00f6rse, Platz finden, genauso wie auch eine Wasserflasche oder ein kleiner Regenschirm.<\/p>\n<p><span>Die durchdachte Innenaufteilung sorgt f\u00fcr Ordnung: zwei gro\u00dfe offene F\u00e4cher und eine Rei\u00dfverschlusstasche bieten ausreichend Platz, erg\u00e4nzt durch eine kleine aufgesetzte Tasche unter der Klappe und ein Rei\u00dfverschlussfach au\u00dfen auf der R\u00fcckseite der Tasche.<\/span><\/p>\n<p><span>Praktisch, cool und individuell \u2013 dein neues Lieblings-Schmuckst\u00fcck!<\/span><\/p>\n<p>Der Gurt wird oben an der Tasche mit Karabiner befestigt und kann auf die passende L\u00e4nge eingestellt werden. Nat\u00fcrlich kann man den Gurt auch austauschen und andere Gurte verwenden.<\/p>\n<p>Der Taschenk\u00f6rper ist au\u00dfen komplett aus Leinen gearbeitet und die Klappe aus naturf\u00e4rbigen Kork, somit ist die Tasche bei leichtem Regen gesch\u00fctzt, da der Kork wasserabweisend ist.<\/p>\n<p>Sollte die Tasche einmal schmutzig werden, wendet man sie auf links und kann sie bei 30\u00b0 Grad Schonw\u00e4sche in der Maschine waschen.<\/p>\n<p>Die Tasche ist &#8211; mit eigenen Adaptierungen &#8211; nach dem Schnittmuster &#8222;Schmuckst\u00fcck&#8220; von Lotte&amp;Ludwig gearbeitet.<\/p>","protected":false},"excerpt":{"rendered":"<p>handgefertigt aus hochwertigen Leinen- und\u00a0 Baumwollstoffen<\/p>\n<p>Gr\u00f6\u00dfe: ca. 33cm x 25cm x 7cm<\/p>","protected":false},"featured_media":0,"comment_status":"closed","ping_status":"closed","template":"","meta":[],"product_brand":[],"product_cat":[482],"product_tag":[316,259,373,260,320,219,472,319,255,314],"class_list":{"0":"post-13560","1":"product","2":"type-product","3":"status-publish","5":"product_cat-maxi-umhaengetasche-leinen","6":"product_tag-bag","7":"product_tag-crossbody","8":"product_tag-crossbodybag","9":"product_tag-crossbodytasche","10":"product_tag-handbag","11":"product_tag-handtasche","12":"product_tag-maxibag","13":"product_tag-schultertasche","14":"product_tag-tasche","15":"product_tag-umhaengetasche","16":"product_shipping_class-paket-2kg","18":"first","19":"outofstock","20":"shipping-taxable","21":"purchasable","22":"product-type-simple"},"jetpack_sharing_enabled":true,"_links":{"self":[{"href":"https:\/\/stoffega.com\/en\/wp-json\/wp\/v2\/product\/13560","targetHints":{"allow":["GET"]}}],"collection":[{"href":"https:\/\/stoffega.com\/en\/wp-json\/wp\/v2\/product"}],"about":[{"href":"https:\/\/stoffega.com\/en\/wp-json\/wp\/v2\/types\/product"}],"replies":[{"embeddable":true,"href":"https:\/\/stoffega.com\/en\/wp-json\/wp\/v2\/comments?post=13560"}],"wp:attachment":[{"href":"https:\/\/stoffega.com\/en\/wp-json\/wp\/v2\/media?parent=13560"}],"wp:term":[{"taxonomy":"product_brand","embeddable":true,"href":"https:\/\/stoffega.com\/en\/wp-json\/wp\/v2\/product_brand?post=13560"},{"taxonomy":"product_cat","embeddable":true,"href":"https:\/\/stoffega.com\/en\/wp-json\/wp\/v2\/product_cat?post=13560"},{"taxonomy":"product_tag","embeddable":true,"href":"https:\/\/stoffega.com\/en\/wp-json\/wp\/v2\/product_tag?post=13560"}],"curies":[{"name":"wp","href":"https:\/\/api.w.org\/{rel}","templated":true}]}}