{"id":13687,"date":"2025-06-24T08:32:41","date_gmt":"2025-06-24T06:32:41","guid":{"rendered":"https:\/\/stoffega.com\/?post_type=product&#038;p=13687"},"modified":"2025-06-24T08:33:26","modified_gmt":"2025-06-24T06:33:26","slug":"squares-2-2-3-2-2-2","status":"publish","type":"product","link":"https:\/\/stoffega.com\/en\/product\/squares-2-2-3-2-2-2","title":{"rendered":"Kind hearts"},"content":{"rendered":"<p><span>Meine W\u00e4rme-\/ K\u00e4ltekissen sind mit Traubenkernen gef\u00fcllt, die ich von einem zertifizierten, gemeinn\u00fctzigen Unternehmen beziehe.<\/span><\/p>\n<p>Der Bezug l\u00e4sst sich abnehmen und in der Waschmaschine bei 30\u00b0 Grad Pflegew\u00e4sche waschen,<\/p>\n<p><span>Traubenkerne haben einen hohen Anteil an nat\u00fcrlichen \u00d6len und Antioxidanzien, letztere sorgen daf\u00fcr, dass der \u00d6lanteil im Traubenkern lange Zeit &#8222;frisch&#8220; bleibt und nicht im Luftsauerstoff reagiert. Traubenkerne sind feiner als Kirschkerne, aber gr\u00f6\u00dfer als Rapssamen und verbinden daher die etwas rustikalere Haptik (Massagewirkung) eines Kirschkernkissens mit der langen W\u00e4rmeabgabe eines Rapssamenkissens.<\/span><\/p>\n<p>NAT\u00dcRLICHE WIRKUNG &#8211; Im Gegensatz zu W\u00e4rmeflaschen k\u00f6nnen Traubenkerne W\u00e4rme wie K\u00e4lte lange speichern und abgeben. Ein kleines Traubenkernkissen als W\u00e4rmeauflage ist gerade f\u00fcr die Kleinsten eine leichte Alternative zur W\u00e4rmeflasche. Einzusetzen als w\u00e4rmende Auflage wie z. B. bei Erk\u00e4ltung, Darmtr\u00e4gheit, Bl\u00e4hungen Bauchschmerzen oder -kr\u00e4mpfen.<\/p>\n<p>ANWENDUNG &#8211; Verwendung der Traubenkerne als W\u00e4rmespeicher im Kissen, im ca. 100 \u00b0C hei\u00dfen Backofen f\u00fcr ca. 10-15 Minuten erw\u00e4rmen oder in der Mikrowelle ca. 3-5 Minuten erhitzen. Als K\u00e4ltespeicher im K\u00fchlkissen f\u00fcr ca. 45 Minuten in das Tiefk\u00fchl-\/Eisfach legen.<\/p>\n<p><strong>Sicherheitshinweise f\u00fcr den Gebrauch von Kern- und K\u00f6rnerkissen: <\/strong>Achten Sie auf die angegebenen Erw\u00e4rmungshinweise. L\u00e4ngere Zeiten oder h\u00f6here Energieleistungen k\u00f6nnen zu Sch\u00e4den f\u00fchren (Entflammungsgefahr). Achten Sie bei der Anwendung des Produktes bei Babys oder Kleinkindern auf unversehrte N\u00e4hte. Benutzung nur unter Aufsicht von Erwachsenen. Pr\u00fcfen Sie nach dem Erw\u00e4rmen die Temperatur des Kissens an Ihrer Armbeuge\/Handgelenk.<\/p>\n<p>Gerne fertige ich die Kissen auch in Wunschgr\u00f6\u00dfen an.<\/p>","protected":false},"excerpt":{"rendered":"<p><span>handgefertigt aus hochwertigem Flanell<\/span><\/p>\n<p>Gr\u00f6\u00dfe: ca. 19cm x 19cm<\/p>","protected":false},"featured_media":13688,"comment_status":"closed","ping_status":"closed","template":"","meta":[],"product_brand":[],"product_cat":[119],"product_tag":[444,442,441,443],"class_list":{"0":"post-13687","1":"product","2":"type-product","3":"status-publish","4":"has-post-thumbnail","6":"product_cat-waerme-kaeltekissen","7":"product_tag-kernkissen","8":"product_tag-traubenkernkissen","9":"product_tag-waermekissen","10":"product_tag-waermflasche","11":"product_shipping_class-paeckchen","13":"first","14":"instock","15":"shipping-taxable","16":"purchasable","17":"product-type-simple"},"jetpack_sharing_enabled":true,"_links":{"self":[{"href":"https:\/\/stoffega.com\/en\/wp-json\/wp\/v2\/product\/13687","targetHints":{"allow":["GET"]}}],"collection":[{"href":"https:\/\/stoffega.com\/en\/wp-json\/wp\/v2\/product"}],"about":[{"href":"https:\/\/stoffega.com\/en\/wp-json\/wp\/v2\/types\/product"}],"replies":[{"embeddable":true,"href":"https:\/\/stoffega.com\/en\/wp-json\/wp\/v2\/comments?post=13687"}],"wp:featuredmedia":[{"embeddable":true,"href":"https:\/\/stoffega.com\/en\/wp-json\/wp\/v2\/media\/13688"}],"wp:attachment":[{"href":"https:\/\/stoffega.com\/en\/wp-json\/wp\/v2\/media?parent=13687"}],"wp:term":[{"taxonomy":"product_brand","embeddable":true,"href":"https:\/\/stoffega.com\/en\/wp-json\/wp\/v2\/product_brand?post=13687"},{"taxonomy":"product_cat","embeddable":true,"href":"https:\/\/stoffega.com\/en\/wp-json\/wp\/v2\/product_cat?post=13687"},{"taxonomy":"product_tag","embeddable":true,"href":"https:\/\/stoffega.com\/en\/wp-json\/wp\/v2\/product_tag?post=13687"}],"curies":[{"name":"wp","href":"https:\/\/api.w.org\/{rel}","templated":true}]}}