{"id":13899,"date":"2025-10-26T12:14:55","date_gmt":"2025-10-26T10:14:55","guid":{"rendered":"https:\/\/stoffega.com\/?post_type=product&#038;p=13899"},"modified":"2025-10-26T12:21:15","modified_gmt":"2025-10-26T10:21:15","slug":"coming-soon-5-2-2-2","status":"publish","type":"product","link":"https:\/\/stoffega.com\/en\/product\/coming-soon-5-2-2-2","title":{"rendered":"Bunte Bl\u00e4tter"},"content":{"rendered":"<p>Der praktische Begleiter, der voll im Trend liegt, ob f\u00fcr den Ausflug oder als Ersatz f\u00fcr Handtaschen und Co. Mit dem Rucksack lassen sich auch schwere Sachen r\u00fcckenschonend transportieren.<\/p>\n<p><span>Die Au\u00dfenseite des Rucksacks ist\u00a0 komplett aus Korkstoffen gearbeitet, daher ist der Rucksack sehr leicht, sehr robust und vorallem auch wasserabweisend.<\/span><\/p>\n<p>Der R\u00fccken, der Boden und die Schultergurte sind extra gepolstert.<\/p>\n<p>Der Rucksack hat vorne\u00a0 hinter der Blende ein Rei\u00dfverschlussfach mit einem Schl\u00fcsselband mit Karabiner versteckt. Weiters findest du noch oben auf der R\u00fcckseite und im Inneren zwei weitere Rei\u00dfverschlussf\u00e4cher.<\/p>\n<p>Au\u00dfen gibt es seitlich zwei Steckf\u00e4cher aus Mesh f\u00fcr Trinkflasche und co.<\/p>\n<p>Innen gibt es auch ein Steckfach, das auch f\u00fcr Laptops geeignet ist.<\/p>\n<p>Die Schultergurte sind mittels Leiterschnalle mit einem Griff auf die richtige L\u00e4nge einstellbar.<\/p>\n<p><span>Sollte der Rucksack einmal schmutzig werden, einfach mit einem feuchtem Tuch und etwas\u00a0<\/span><span>Seife<\/span><span>\u00a0reinigen.<\/span><\/p>","protected":false},"excerpt":{"rendered":"<p>handgefertigt aus hochwertigen Leinen-, Kork-und Baumwollstoffen<\/p>\n<p>Gr\u00f6\u00dfe: ca. 40cm x 25cm x 12cm<\/p>","protected":false},"featured_media":13900,"comment_status":"closed","ping_status":"closed","template":"","meta":[],"product_brand":[],"product_cat":[478],"product_tag":[331,328,371],"class_list":{"0":"post-13899","1":"product","2":"type-product","3":"status-publish","4":"has-post-thumbnail","6":"product_cat-leinenrucksack","7":"product_tag-backbag","8":"product_tag-rucksack","9":"product_tag-rucksacktasche","10":"product_shipping_class-paket-2kg","12":"first","13":"instock","14":"shipping-taxable","15":"purchasable","16":"product-type-simple"},"jetpack_sharing_enabled":true,"_links":{"self":[{"href":"https:\/\/stoffega.com\/en\/wp-json\/wp\/v2\/product\/13899","targetHints":{"allow":["GET"]}}],"collection":[{"href":"https:\/\/stoffega.com\/en\/wp-json\/wp\/v2\/product"}],"about":[{"href":"https:\/\/stoffega.com\/en\/wp-json\/wp\/v2\/types\/product"}],"replies":[{"embeddable":true,"href":"https:\/\/stoffega.com\/en\/wp-json\/wp\/v2\/comments?post=13899"}],"wp:featuredmedia":[{"embeddable":true,"href":"https:\/\/stoffega.com\/en\/wp-json\/wp\/v2\/media\/13900"}],"wp:attachment":[{"href":"https:\/\/stoffega.com\/en\/wp-json\/wp\/v2\/media?parent=13899"}],"wp:term":[{"taxonomy":"product_brand","embeddable":true,"href":"https:\/\/stoffega.com\/en\/wp-json\/wp\/v2\/product_brand?post=13899"},{"taxonomy":"product_cat","embeddable":true,"href":"https:\/\/stoffega.com\/en\/wp-json\/wp\/v2\/product_cat?post=13899"},{"taxonomy":"product_tag","embeddable":true,"href":"https:\/\/stoffega.com\/en\/wp-json\/wp\/v2\/product_tag?post=13899"}],"curies":[{"name":"wp","href":"https:\/\/api.w.org\/{rel}","templated":true}]}}