{"id":13965,"date":"2025-10-27T12:25:48","date_gmt":"2025-10-27T10:25:48","guid":{"rendered":"https:\/\/stoffega.com\/?post_type=product&#038;p=13965"},"modified":"2025-12-01T16:36:20","modified_gmt":"2025-12-01T14:36:20","slug":"bunte-blaetter-medium-2-3-2-2-2","status":"publish","type":"product","link":"https:\/\/stoffega.com\/en\/product\/bunte-blaetter-medium-2-3-2-2-2","title":{"rendered":"Glitzerkork bunt &#8211; medium"},"content":{"rendered":"<p>Der praktische Begleiter, der voll im Trend liegt, ob f\u00fcr den Ausflug oder als Ersatz f\u00fcr Handtaschen und Co. Mit dem Kork-Rucksack lassen sich auch schwere Sachen r\u00fcckenschonend transportieren.<\/p>\n<p>Die Au\u00dfenseite des Rucksacks ist komplett aus Korkstoffen gearbeitet, dadurch ist der Rucksack sehr robust und wasserabweisend, aber auch sehr leicht, da der Korkstoff ein sehr geringes Eigengewicht hat.<\/p>\n<p>Der R\u00fccken, der Boden und die Schultergurte sind extra gepolstert.<\/p>\n<p>Der Rucksack hat 3 zus\u00e4tzliche Rei\u00dfverschlussf\u00e4cher: Vorne, am R\u00fccken (f\u00fcr Wertsachen nah am K\u00f6rper) und im Inneren.<\/p>\n<p>Innen gibt es auch ein Steckfach, das auch f\u00fcr Laptops geeignet ist.<\/p>\n<p>Die Schultergurte sind mittels Leiterschnalle mit einem Griff auf die richtige L\u00e4nge einstellbar.<\/p>\n<p><span>Sollte der Rucksack einmal schmutzig werden, braucht man ihn nur mit einem feuchten Tuch und etwas Seife sauber machen.<\/span><\/p>","protected":false},"excerpt":{"rendered":"<p>handgefertigt aus portugiesischem Kork und hochwertigen Baumwollstoffen<\/p>\n<p>Gr\u00f6\u00dfe: ca. 25cm x 32cm x 11,5cm<\/p>","protected":false},"featured_media":13969,"comment_status":"closed","ping_status":"closed","template":"","meta":[],"product_brand":[],"product_cat":[362],"product_tag":[331,249,400,384,328,371],"class_list":{"0":"post-13965","1":"product","2":"type-product","3":"status-publish","4":"has-post-thumbnail","6":"product_cat-rucksack-kork","7":"product_tag-backbag","8":"product_tag-kork","9":"product_tag-korkrucksack","10":"product_tag-korkstoff","11":"product_tag-rucksack","12":"product_tag-rucksacktasche","13":"product_shipping_class-paket-2kg","15":"first","16":"outofstock","17":"shipping-taxable","18":"purchasable","19":"product-type-simple"},"jetpack_sharing_enabled":true,"_links":{"self":[{"href":"https:\/\/stoffega.com\/en\/wp-json\/wp\/v2\/product\/13965","targetHints":{"allow":["GET"]}}],"collection":[{"href":"https:\/\/stoffega.com\/en\/wp-json\/wp\/v2\/product"}],"about":[{"href":"https:\/\/stoffega.com\/en\/wp-json\/wp\/v2\/types\/product"}],"replies":[{"embeddable":true,"href":"https:\/\/stoffega.com\/en\/wp-json\/wp\/v2\/comments?post=13965"}],"wp:featuredmedia":[{"embeddable":true,"href":"https:\/\/stoffega.com\/en\/wp-json\/wp\/v2\/media\/13969"}],"wp:attachment":[{"href":"https:\/\/stoffega.com\/en\/wp-json\/wp\/v2\/media?parent=13965"}],"wp:term":[{"taxonomy":"product_brand","embeddable":true,"href":"https:\/\/stoffega.com\/en\/wp-json\/wp\/v2\/product_brand?post=13965"},{"taxonomy":"product_cat","embeddable":true,"href":"https:\/\/stoffega.com\/en\/wp-json\/wp\/v2\/product_cat?post=13965"},{"taxonomy":"product_tag","embeddable":true,"href":"https:\/\/stoffega.com\/en\/wp-json\/wp\/v2\/product_tag?post=13965"}],"curies":[{"name":"wp","href":"https:\/\/api.w.org\/{rel}","templated":true}]}}