{"id":14043,"date":"2025-10-27T15:45:49","date_gmt":"2025-10-27T13:45:49","guid":{"rendered":"https:\/\/stoffega.com\/?post_type=product&#038;p=14043"},"modified":"2025-10-27T15:46:33","modified_gmt":"2025-10-27T13:46:33","slug":"maritim-3-2-2-2-2-2-2-2-2-2-2-2-2-2-2-2-2-2-2-2-2","status":"publish","type":"product","link":"https:\/\/stoffega.com\/en\/product\/maritim-3-2-2-2-2-2-2-2-2-2-2-2-2-2-2-2-2-2-2-2-2","title":{"rendered":"Pferde"},"content":{"rendered":"<p>Der praktische Begleiter, der voll im Trend liegt, ob f\u00fcr den Ausflug oder als Ersatz f\u00fcr Handtaschen und Co &#8211; in den Beutel passt alles rein.<\/p>\n<p>Im Korkteil befindet sich ein verstecktes Rei\u00dfverschlussfach, das genug Platz f\u00fcr Schl\u00fcssel, Handy oder andere Kleinigkeiten bietet, die sofort griffbereit sein sollen. Da der Kork wasserabweisend ist, kann man den Beutel auch gut am feuchten oder schmutzigen Boden abstellen, ohne dass der Inhalt nass wird. Der Kork ist dann mit einem feuchten Tuch einfach zu reinigen.<\/p>\n<p>Die Kordel ist durch einen Knoten gesichert und kann dadurch in der L\u00e4nge noch individuell angepasst werden.<\/p>\n<p>Der Beutel kann bei 30\u00b0 Grad Pflegew\u00e4sche auf links gedreht in der Maschine gewaschen werden.<\/p>","protected":false},"excerpt":{"rendered":"<p>handgefertigt aus hochwertigen Baumwollstoffen, Korkstoff und Baumwollkordeln<\/p>\n<p>Gr\u00f6\u00dfe: ca. 34cm x 44cm<\/p>","protected":false},"featured_media":14045,"comment_status":"closed","ping_status":"closed","template":"","meta":[],"product_brand":[],"product_cat":[74],"product_tag":[331,327,332,329,328,330,326],"class_list":{"0":"post-14043","1":"product","2":"type-product","3":"status-publish","4":"has-post-thumbnail","6":"product_cat-turnbeutel","7":"product_tag-backbag","8":"product_tag-beutel","9":"product_tag-drawstringbag","10":"product_tag-gymbag","11":"product_tag-rucksack","12":"product_tag-stringbag","13":"product_tag-turnbeutel","14":"product_shipping_class-paeckchen","16":"first","17":"instock","18":"shipping-taxable","19":"purchasable","20":"product-type-simple"},"jetpack_sharing_enabled":true,"_links":{"self":[{"href":"https:\/\/stoffega.com\/en\/wp-json\/wp\/v2\/product\/14043","targetHints":{"allow":["GET"]}}],"collection":[{"href":"https:\/\/stoffega.com\/en\/wp-json\/wp\/v2\/product"}],"about":[{"href":"https:\/\/stoffega.com\/en\/wp-json\/wp\/v2\/types\/product"}],"replies":[{"embeddable":true,"href":"https:\/\/stoffega.com\/en\/wp-json\/wp\/v2\/comments?post=14043"}],"wp:featuredmedia":[{"embeddable":true,"href":"https:\/\/stoffega.com\/en\/wp-json\/wp\/v2\/media\/14045"}],"wp:attachment":[{"href":"https:\/\/stoffega.com\/en\/wp-json\/wp\/v2\/media?parent=14043"}],"wp:term":[{"taxonomy":"product_brand","embeddable":true,"href":"https:\/\/stoffega.com\/en\/wp-json\/wp\/v2\/product_brand?post=14043"},{"taxonomy":"product_cat","embeddable":true,"href":"https:\/\/stoffega.com\/en\/wp-json\/wp\/v2\/product_cat?post=14043"},{"taxonomy":"product_tag","embeddable":true,"href":"https:\/\/stoffega.com\/en\/wp-json\/wp\/v2\/product_tag?post=14043"}],"curies":[{"name":"wp","href":"https:\/\/api.w.org\/{rel}","templated":true}]}}