{"id":14121,"date":"2025-10-28T15:31:04","date_gmt":"2025-10-28T13:31:04","guid":{"rendered":"https:\/\/stoffega.com\/?post_type=product&#038;p=14121"},"modified":"2025-12-07T17:30:38","modified_gmt":"2025-12-07T15:30:38","slug":"rosen-3-2-2-2-2","status":"publish","type":"product","link":"https:\/\/stoffega.com\/en\/product\/rosen-3-2-2-2-2","title":{"rendered":"Blumen mint-rosa"},"content":{"rendered":"<p>So klein, dass sie noch gut in die Hosentasche passt, aber wenn man diese Geldb\u00f6rse aufklappt, kommt viel Platz zum Vorschein.<\/p>\n<p>Neben dem M\u00fcnzfach und den Kartensteckf\u00e4chern gibt es auch noch ein Vinylfach f\u00fcr Fotos oder Ausweis. Hinten gibt es dann 1 kleines und 2 gro\u00dfe Steckf\u00e4cher f\u00fcr Geldscheine, Papiere und weitere Karten.<\/p>\n<p><span>Die Au\u00dfenseite ist aus<\/span><span> hochwertigem portugiesischem Kork\u00a0 gearbeitet, wodurch die Tasche stabil und gut in der Hand liegt.\u00a0<\/span>Das Korkleder ist wasserabweisend und ganz leicht mit einem feuchten Tuch zu reinigen. In den Innenf\u00e4chern bieten Designer-Patchworkstoffe ein Highlight f\u00fcr die Augen.<\/p>\n<p>&nbsp;<\/p>\n<p>&nbsp;<\/p>","protected":false},"excerpt":{"rendered":"<p><span>handgefertigt aus hochwertigem portugiesischem Kork, wunderbar weichem Essex-Leinen und\u00a0 Baumwollstoffen<\/span><\/p>\n<p>Gr\u00f6\u00dfe: ca. 13cm x 10cm<\/p>","protected":false},"featured_media":14123,"comment_status":"closed","ping_status":"closed","template":"","meta":[],"product_brand":[],"product_cat":[157],"product_tag":[244,275,245,242,250,243],"class_list":{"0":"post-14121","1":"product","2":"type-product","3":"status-publish","4":"has-post-thumbnail","6":"product_cat-die-kleine-die-ganz-gross-wird","7":"product_tag-brieftasche","8":"product_tag-geld","9":"product_tag-geldbeutel","10":"product_tag-geldboerse","11":"product_tag-geldtasche","12":"product_tag-portemonnaie","13":"product_shipping_class-paeckchen","15":"first","16":"outofstock","17":"shipping-taxable","18":"purchasable","19":"product-type-simple"},"jetpack_sharing_enabled":true,"_links":{"self":[{"href":"https:\/\/stoffega.com\/en\/wp-json\/wp\/v2\/product\/14121","targetHints":{"allow":["GET"]}}],"collection":[{"href":"https:\/\/stoffega.com\/en\/wp-json\/wp\/v2\/product"}],"about":[{"href":"https:\/\/stoffega.com\/en\/wp-json\/wp\/v2\/types\/product"}],"replies":[{"embeddable":true,"href":"https:\/\/stoffega.com\/en\/wp-json\/wp\/v2\/comments?post=14121"}],"wp:featuredmedia":[{"embeddable":true,"href":"https:\/\/stoffega.com\/en\/wp-json\/wp\/v2\/media\/14123"}],"wp:attachment":[{"href":"https:\/\/stoffega.com\/en\/wp-json\/wp\/v2\/media?parent=14121"}],"wp:term":[{"taxonomy":"product_brand","embeddable":true,"href":"https:\/\/stoffega.com\/en\/wp-json\/wp\/v2\/product_brand?post=14121"},{"taxonomy":"product_cat","embeddable":true,"href":"https:\/\/stoffega.com\/en\/wp-json\/wp\/v2\/product_cat?post=14121"},{"taxonomy":"product_tag","embeddable":true,"href":"https:\/\/stoffega.com\/en\/wp-json\/wp\/v2\/product_tag?post=14121"}],"curies":[{"name":"wp","href":"https:\/\/api.w.org\/{rel}","templated":true}]}}