{"id":14238,"date":"2025-10-29T13:09:44","date_gmt":"2025-10-29T11:09:44","guid":{"rendered":"https:\/\/stoffega.com\/?post_type=product&#038;p=14238"},"modified":"2025-10-29T13:12:21","modified_gmt":"2025-10-29T11:12:21","slug":"braune-streifen-3-2-2-2-2","status":"publish","type":"product","link":"https:\/\/stoffega.com\/en\/product\/braune-streifen-3-2-2-2-2","title":{"rendered":"Braune Wellen"},"content":{"rendered":"<p>So klein und doch ein Raumwunder. Mit vier Karten- und zwei Geldscheinf\u00e4chern hat diese kleine Geldb\u00f6rse alles, was man braucht. Die M\u00fcnzen haben ihren Platz in der Mitte und so ist alles griffbereit und \u00fcbersichtlich verstaut.<\/p>\n<p><span>Die Au\u00dfenseite ist aus<\/span><span> hochwertigem portugiesischem Kork\u00a0 gearbeitet, wodurch die Tasche stabil und gut in der Hand liegt. In den Innenf\u00e4chern bieten Designer-Patchworkstoffe ein Highlight f\u00fcr die Augen.<\/span><\/p>\n<p>Au\u00dfen gibt es noch einen kleinen D-Ring in dem man einen Gurt oder auch einen Karabiner f\u00fcr den Schl\u00fcssel befestigen kann.<\/p>\n<p>Das Korkleder ist wasserabweisend und ganz leicht mit einem feuchten Tuch zu reinigen<\/p>\n<p>&nbsp;<\/p>\n<p>&nbsp;<\/p>","protected":false},"excerpt":{"rendered":"<p><span>handgefertigt aus hochwertigem portugiesischem Kork und\u00a0 Baumwollstoffen<\/span><\/p>\n<p>Gr\u00f6\u00dfe: ca. 13cm x 10cm<\/p>","protected":false},"featured_media":14240,"comment_status":"closed","ping_status":"closed","template":"","meta":[],"product_brand":[],"product_cat":[241],"product_tag":[244,245,242,249,243,248,247,246,166],"class_list":{"0":"post-14238","1":"product","2":"type-product","3":"status-publish","4":"has-post-thumbnail","6":"product_cat-mini-geldboerse-mit-zipper","7":"product_tag-brieftasche","8":"product_tag-geldbeutel","9":"product_tag-geldboerse","10":"product_tag-kork","11":"product_tag-portemonnaie","12":"product_tag-schluesseltaeschchen","13":"product_tag-schluesseltasche","14":"product_tag-zipper","15":"product_tag-zippertasche","16":"product_shipping_class-paeckchen","18":"first","19":"instock","20":"sold-individually","21":"shipping-taxable","22":"purchasable","23":"product-type-simple"},"jetpack_sharing_enabled":true,"_links":{"self":[{"href":"https:\/\/stoffega.com\/en\/wp-json\/wp\/v2\/product\/14238","targetHints":{"allow":["GET"]}}],"collection":[{"href":"https:\/\/stoffega.com\/en\/wp-json\/wp\/v2\/product"}],"about":[{"href":"https:\/\/stoffega.com\/en\/wp-json\/wp\/v2\/types\/product"}],"replies":[{"embeddable":true,"href":"https:\/\/stoffega.com\/en\/wp-json\/wp\/v2\/comments?post=14238"}],"wp:featuredmedia":[{"embeddable":true,"href":"https:\/\/stoffega.com\/en\/wp-json\/wp\/v2\/media\/14240"}],"wp:attachment":[{"href":"https:\/\/stoffega.com\/en\/wp-json\/wp\/v2\/media?parent=14238"}],"wp:term":[{"taxonomy":"product_brand","embeddable":true,"href":"https:\/\/stoffega.com\/en\/wp-json\/wp\/v2\/product_brand?post=14238"},{"taxonomy":"product_cat","embeddable":true,"href":"https:\/\/stoffega.com\/en\/wp-json\/wp\/v2\/product_cat?post=14238"},{"taxonomy":"product_tag","embeddable":true,"href":"https:\/\/stoffega.com\/en\/wp-json\/wp\/v2\/product_tag?post=14238"}],"curies":[{"name":"wp","href":"https:\/\/api.w.org\/{rel}","templated":true}]}}