{"id":14342,"date":"2025-10-29T23:21:56","date_gmt":"2025-10-29T21:21:56","guid":{"rendered":"https:\/\/stoffega.com\/?post_type=product&#038;p=14342"},"modified":"2025-10-29T23:25:59","modified_gmt":"2025-10-29T21:25:59","slug":"blautoene-boxypouch-m-3-2","status":"publish","type":"product","link":"https:\/\/stoffega.com\/en\/product\/blautoene-boxypouch-m-3-2","title":{"rendered":"Gelbt\u00f6ne &#8211; Boxypouch M"},"content":{"rendered":"<p>Diese Projekttasche besticht durch ihre geniale Einfachheit. Sie l\u00e4sst sich weit \u00f6ffnen und bietet damit einen guten \u00dcberblick \u00fcber den Inhalt und l\u00e4sst sich dann mit einem Zipper aber einfach und sicher schlie\u00dfen.<\/p>\n<p>Im Inneren finden sich im Deckel mehrere Einsteckschlaufen und ein kleines Zipperfach zur besseren Ordnung.<\/p>\n<p><span>Die <\/span>Au\u00dfenseite<span> ist komplett aus Kork <\/span>gearbeitet<span>, wodurch die Tasche auch eine hohe Stabilit\u00e4t hat. <\/span>Innen ist die Tasche mit einem Baumwollstoff gef\u00fcttert.<\/p>\n<p>Die Tasche ist zur Aufbewahrung von Kosmetik oder Hobby-Zubeh\u00f6r jeglicher Art bestens geeignet und die kleine Variante l\u00e4sst sich auch gut f\u00fcr Stifte oder als Reiseapotheke verwenden.<\/p>\n<p><span>Die Tasche ist wasser- und schmutzabweisend und kann mit einem feuchten Tuch und etwas Seife gereinigt werden.<\/span><\/p>","protected":false},"excerpt":{"rendered":"<p><span>handgefertigt aus hochwertigen Kork- und Baumwollstoffen<\/span><\/p>\n<p>Gr\u00f6\u00dfe: ca. 19cm x 14cm x 9,5cm<\/p>","protected":false},"featured_media":14345,"comment_status":"closed","ping_status":"closed","template":"","meta":[],"product_brand":[],"product_cat":[531],"product_tag":[532,533,534,160,163,374,264,322,162,166],"class_list":{"0":"post-14342","1":"product","2":"type-product","3":"status-publish","4":"has-post-thumbnail","6":"product_cat-boxy-pouch","7":"product_tag-boxypouch","8":"product_tag-hobby","9":"product_tag-hobbytasche","10":"product_tag-kosmetiktasche","11":"product_tag-kulturbeutel","12":"product_tag-pouch","13":"product_tag-projekttasche","14":"product_tag-reissverschlusstasche","15":"product_tag-taeschchen","16":"product_tag-zippertasche","17":"product_shipping_class-paeckchen","19":"first","20":"instock","21":"shipping-taxable","22":"purchasable","23":"product-type-simple"},"jetpack_sharing_enabled":true,"_links":{"self":[{"href":"https:\/\/stoffega.com\/en\/wp-json\/wp\/v2\/product\/14342","targetHints":{"allow":["GET"]}}],"collection":[{"href":"https:\/\/stoffega.com\/en\/wp-json\/wp\/v2\/product"}],"about":[{"href":"https:\/\/stoffega.com\/en\/wp-json\/wp\/v2\/types\/product"}],"replies":[{"embeddable":true,"href":"https:\/\/stoffega.com\/en\/wp-json\/wp\/v2\/comments?post=14342"}],"wp:featuredmedia":[{"embeddable":true,"href":"https:\/\/stoffega.com\/en\/wp-json\/wp\/v2\/media\/14345"}],"wp:attachment":[{"href":"https:\/\/stoffega.com\/en\/wp-json\/wp\/v2\/media?parent=14342"}],"wp:term":[{"taxonomy":"product_brand","embeddable":true,"href":"https:\/\/stoffega.com\/en\/wp-json\/wp\/v2\/product_brand?post=14342"},{"taxonomy":"product_cat","embeddable":true,"href":"https:\/\/stoffega.com\/en\/wp-json\/wp\/v2\/product_cat?post=14342"},{"taxonomy":"product_tag","embeddable":true,"href":"https:\/\/stoffega.com\/en\/wp-json\/wp\/v2\/product_tag?post=14342"}],"curies":[{"name":"wp","href":"https:\/\/api.w.org\/{rel}","templated":true}]}}