{"id":14474,"date":"2025-10-30T13:09:12","date_gmt":"2025-10-30T11:09:12","guid":{"rendered":"https:\/\/stoffega.com\/?post_type=product&#038;p=14474"},"modified":"2026-02-15T11:48:14","modified_gmt":"2026-02-15T09:48:14","slug":"blaue-linien-3-3-2-2-2-3-2-2-2-2-2-2-3-2-3-2-2-2-2-2-2-2-2-2-2-2-2","status":"publish","type":"product","link":"https:\/\/stoffega.com\/en\/product\/blaue-linien-3-3-2-2-2-3-2-2-2-2-2-2-3-2-3-2-2-2-2-2-2-2-2-2-2-2-2","title":{"rendered":"Weihnachtsstern &#8211; XXL"},"content":{"rendered":"<p>Meine Jausensackerln sind innen mit beschichtetem Baumwollstoff gearbeitet. Dadurch kann man \u00a0gut &#8211; und ohne weitere Verpackung &#8211; Obst, Gem\u00fcse, Jausenbrote, Joghurt und andere Lebensmittel drin verstauen und braucht daheim den Beutel nur feucht auswischen oder auch unter die Wasserleitung halten, abtrocknen und schon ist er wieder einsatzbereit.<\/p>\n<p>Als Verschluss dient bei der XXL-Variante ein Gurtband an der oberen Kante, das mindestens einmal umgeschlagen und mit der Steckschnalle fixiert wird. Dies kann man dann auch als Tragegriff verwenden.<\/p>\n<p>Nat\u00fcrlich kann dieses T\u00e4schchen auch f\u00fcr Kosmetik, feuchte Badesachen oder \u00c4hnliches verwendet werden.<\/p>\n<p>Nat\u00fcrlich kannst du das Jausensackerl auch bei 30 Grad in der Waschmaschine waschen.<\/p>\n<p><!--more--><\/p>\n<p><!--more--><\/p>","protected":false},"excerpt":{"rendered":"<p><span>handgefertigt aus hochwertigen Baumwollstoffen, gewachster Baumwolle und wunderbar weichen Essex-Leinen<\/span><\/p>\n<p>Gr\u00f6\u00dfe: ca. 34cm x 28cm\u00a0 x 8cm<\/p>","protected":false},"featured_media":14476,"comment_status":"closed","ping_status":"closed","template":"","meta":[],"product_brand":[],"product_cat":[560],"product_tag":[192,191,193,199,194,200,195,196,197,198],"class_list":{"0":"post-14474","1":"product","2":"type-product","3":"status-publish","4":"has-post-thumbnail","6":"product_cat-jausensackerln-xxl-weihnachtsedition","7":"product_tag-abwaschbar","8":"product_tag-jause","9":"product_tag-jausenbeutel","10":"product_tag-jausendose","11":"product_tag-jausensackerl","12":"product_tag-lebensmittelverpackung","13":"product_tag-nachhaltig","14":"product_tag-nachhaltigkeit","15":"product_tag-nowaste","16":"product_tag-verpackung","17":"product_shipping_class-paeckchen","19":"first","20":"instock","21":"shipping-taxable","22":"purchasable","23":"product-type-simple"},"jetpack_sharing_enabled":true,"_links":{"self":[{"href":"https:\/\/stoffega.com\/en\/wp-json\/wp\/v2\/product\/14474","targetHints":{"allow":["GET"]}}],"collection":[{"href":"https:\/\/stoffega.com\/en\/wp-json\/wp\/v2\/product"}],"about":[{"href":"https:\/\/stoffega.com\/en\/wp-json\/wp\/v2\/types\/product"}],"replies":[{"embeddable":true,"href":"https:\/\/stoffega.com\/en\/wp-json\/wp\/v2\/comments?post=14474"}],"wp:featuredmedia":[{"embeddable":true,"href":"https:\/\/stoffega.com\/en\/wp-json\/wp\/v2\/media\/14476"}],"wp:attachment":[{"href":"https:\/\/stoffega.com\/en\/wp-json\/wp\/v2\/media?parent=14474"}],"wp:term":[{"taxonomy":"product_brand","embeddable":true,"href":"https:\/\/stoffega.com\/en\/wp-json\/wp\/v2\/product_brand?post=14474"},{"taxonomy":"product_cat","embeddable":true,"href":"https:\/\/stoffega.com\/en\/wp-json\/wp\/v2\/product_cat?post=14474"},{"taxonomy":"product_tag","embeddable":true,"href":"https:\/\/stoffega.com\/en\/wp-json\/wp\/v2\/product_tag?post=14474"}],"curies":[{"name":"wp","href":"https:\/\/api.w.org\/{rel}","templated":true}]}}