{"id":14538,"date":"2025-10-30T17:27:53","date_gmt":"2025-10-30T15:27:53","guid":{"rendered":"https:\/\/stoffega.com\/?post_type=product&#038;p=14538"},"modified":"2025-10-30T17:28:30","modified_gmt":"2025-10-30T15:28:30","slug":"weiss-korketui-s-2-2-2-3-2-2-2-2-2-2-2-2-2-3-2","status":"publish","type":"product","link":"https:\/\/stoffega.com\/en\/product\/weiss-korketui-s-2-2-2-3-2-2-2-2-2-2-2-2-2-3-2","title":{"rendered":"Glitzerkork bunt &#8211; Korketui S"},"content":{"rendered":"<p>Diese kleinen T\u00e4schchen aus Kork passen in jede Handtasche. Von der Gr\u00f6\u00dfe her, kann man sie sehr gut als Brillenetui, f\u00fcr Kugelschreiber oder Kosmetik verwenden.<\/p>\n<p>Der Kork ist wasserabweisend und l\u00e4sst sich mit einem feuchten Tuch leicht reinigen.<\/p>\n<p>&nbsp;<\/p>","protected":false},"excerpt":{"rendered":"<p>handgefertigt aus portugiesischem Korkleder und\u00a0 hochwertigen Baumwollstoffen<\/p>\n<p>Gr\u00f6\u00dfe: ca. 15,5cm x 7,5cm x 6cm<\/p>","protected":false},"featured_media":14539,"comment_status":"closed","ping_status":"closed","template":"","meta":[],"product_brand":[],"product_cat":[151],"product_tag":[294,350,296,346,307,214],"class_list":{"0":"post-14538","1":"product","2":"type-product","3":"status-publish","4":"has-post-thumbnail","6":"product_cat-kork-etuis-2-groessen","7":"product_tag-brillenetui","8":"product_tag-brillentaeschchen","9":"product_tag-brillentasche","10":"product_tag-korketui","11":"product_tag-korktaeschchen","12":"product_tag-kosmetiktaeschchen","13":"product_shipping_class-paeckchen","15":"first","16":"instock","17":"shipping-taxable","18":"purchasable","19":"product-type-simple"},"jetpack_sharing_enabled":true,"_links":{"self":[{"href":"https:\/\/stoffega.com\/en\/wp-json\/wp\/v2\/product\/14538","targetHints":{"allow":["GET"]}}],"collection":[{"href":"https:\/\/stoffega.com\/en\/wp-json\/wp\/v2\/product"}],"about":[{"href":"https:\/\/stoffega.com\/en\/wp-json\/wp\/v2\/types\/product"}],"replies":[{"embeddable":true,"href":"https:\/\/stoffega.com\/en\/wp-json\/wp\/v2\/comments?post=14538"}],"wp:featuredmedia":[{"embeddable":true,"href":"https:\/\/stoffega.com\/en\/wp-json\/wp\/v2\/media\/14539"}],"wp:attachment":[{"href":"https:\/\/stoffega.com\/en\/wp-json\/wp\/v2\/media?parent=14538"}],"wp:term":[{"taxonomy":"product_brand","embeddable":true,"href":"https:\/\/stoffega.com\/en\/wp-json\/wp\/v2\/product_brand?post=14538"},{"taxonomy":"product_cat","embeddable":true,"href":"https:\/\/stoffega.com\/en\/wp-json\/wp\/v2\/product_cat?post=14538"},{"taxonomy":"product_tag","embeddable":true,"href":"https:\/\/stoffega.com\/en\/wp-json\/wp\/v2\/product_tag?post=14538"}],"curies":[{"name":"wp","href":"https:\/\/api.w.org\/{rel}","templated":true}]}}