{"id":14664,"date":"2025-10-30T21:17:55","date_gmt":"2025-10-30T19:17:55","guid":{"rendered":"https:\/\/stoffega.com\/?post_type=product&#038;p=14664"},"modified":"2026-02-01T16:55:26","modified_gmt":"2026-02-01T14:55:26","slug":"apricottoene-2-2-2-2-3-2-2-2-2-2-2-2-3-2-2-2-2-2-2-2-2-2-2","status":"publish","type":"product","link":"https:\/\/stoffega.com\/en\/product\/apricottoene-2-2-2-2-3-2-2-2-2-2-2-2-3-2-2-2-2-2-2-2-2-2-2","title":{"rendered":"Gelbt\u00f6ne"},"content":{"rendered":"<p>Diese Tasche besticht durch ihre geniale Einfachheit. Sie l\u00e4sst sich weit \u00f6ffnen und bietet damit einen guten \u00dcberblick \u00fcber den Inhalt und l\u00e4sst sich dann mit einem Zipper aber einfach und schnell schlie\u00dfen.<\/p>\n<p>Die Au\u00dfenseite ist aus<span> verschiedenen Leinen gearbeitet und der untere\u00a0 Rand und der Boden sind aus Korkleder, wodurch die Tasche eine hohe Stabilit\u00e4t hat und der Boden auch wasserabweisend ist &#8211; z.B.: f\u00fcr die Verwendung im Badezimmer. <\/span>Innen ist die Tasche mit einem Baumwollstoff gef\u00fcttert.<\/p>\n<p>Wenn man den oberen Rand einmal umst\u00fclpt, hat man ein sch\u00f6nes K\u00f6rbchen, dass auch gut f\u00fcr Brot verwendet werden kann.<\/p>\n<p><span>Die Tasche kann bei 30\u00b0 Grad Pflegew\u00e4sche in der Maschine gewaschen werden &#8211; davor auf links drehen, um den Kork zu sch\u00fctzen.<\/span><\/p>","protected":false},"excerpt":{"rendered":"<p><span>handgefertigt aus hochwertigen Leinen- und Baumwollstoffen und wunderbar weichen Korkleder<\/span><\/p>\n<p>Gr\u00f6\u00dfe: ca. 30cm x 18cm x 20cm<\/p>","protected":false},"featured_media":14665,"comment_status":"closed","ping_status":"closed","template":"","meta":[],"product_brand":[],"product_cat":[117],"product_tag":[325,324,323,160,163,322,166],"class_list":{"0":"post-14664","1":"product","2":"type-product","3":"status-publish","4":"has-post-thumbnail","6":"product_cat-zipperbeutel","7":"product_tag-brotkorb","8":"product_tag-korb","9":"product_tag-koerbchen","10":"product_tag-kosmetiktasche","11":"product_tag-kulturbeutel","12":"product_tag-reissverschlusstasche","13":"product_tag-zippertasche","14":"product_shipping_class-paeckchen","16":"first","17":"instock","18":"sale","19":"shipping-taxable","20":"purchasable","21":"product-type-simple"},"jetpack_sharing_enabled":true,"_links":{"self":[{"href":"https:\/\/stoffega.com\/en\/wp-json\/wp\/v2\/product\/14664","targetHints":{"allow":["GET"]}}],"collection":[{"href":"https:\/\/stoffega.com\/en\/wp-json\/wp\/v2\/product"}],"about":[{"href":"https:\/\/stoffega.com\/en\/wp-json\/wp\/v2\/types\/product"}],"replies":[{"embeddable":true,"href":"https:\/\/stoffega.com\/en\/wp-json\/wp\/v2\/comments?post=14664"}],"wp:featuredmedia":[{"embeddable":true,"href":"https:\/\/stoffega.com\/en\/wp-json\/wp\/v2\/media\/14665"}],"wp:attachment":[{"href":"https:\/\/stoffega.com\/en\/wp-json\/wp\/v2\/media?parent=14664"}],"wp:term":[{"taxonomy":"product_brand","embeddable":true,"href":"https:\/\/stoffega.com\/en\/wp-json\/wp\/v2\/product_brand?post=14664"},{"taxonomy":"product_cat","embeddable":true,"href":"https:\/\/stoffega.com\/en\/wp-json\/wp\/v2\/product_cat?post=14664"},{"taxonomy":"product_tag","embeddable":true,"href":"https:\/\/stoffega.com\/en\/wp-json\/wp\/v2\/product_tag?post=14664"}],"curies":[{"name":"wp","href":"https:\/\/api.w.org\/{rel}","templated":true}]}}