{"id":14711,"date":"2025-10-30T22:44:42","date_gmt":"2025-10-30T20:44:42","guid":{"rendered":"https:\/\/stoffega.com\/?post_type=product&#038;p=14711"},"modified":"2025-10-30T22:45:20","modified_gmt":"2025-10-30T20:45:20","slug":"double-zip-xs-4-2-2-2-2-2-2-2-2-2-2-2-2-2-2-2-2-2-2-2-3-3-2-2-2-2-2-2-2-2-2","status":"publish","type":"product","link":"https:\/\/stoffega.com\/en\/product\/double-zip-xs-4-2-2-2-2-2-2-2-2-2-2-2-2-2-2-2-2-2-2-2-3-3-2-2-2-2-2-2-2-2-2","title":{"rendered":"Briefmarken"},"content":{"rendered":"<p>Durch die zwei Rei\u00dfverschlussf\u00e4cher k\u00f6nnen alle Dinge sicher und \u00fcbersichtlich verstaut werden &#8211; auch die, die etwas mehr Platz brauchen.<\/p>\n<p>Die R\u00fcckseite des T\u00e4schchens ist einf\u00e4rbig mit Leinen gearbeitet.<\/p>\n<p>Bei der Bestellung bitte im Kommentarfeld die Nummer des gew\u00fcnschten T\u00e4schchen angeben.<\/p>","protected":false},"excerpt":{"rendered":"<p>handgefertigt aus hochwertigen Baumwollstoffen und wunderbar weichen Essex-Leinen<\/p>\n<p>Gr\u00f6\u00dfe: ca. 11cm x 9cm<\/p>","protected":false},"featured_media":14713,"comment_status":"closed","ping_status":"closed","template":"","meta":[],"product_brand":[],"product_cat":[113],"product_tag":[295,245,242,214,211,535,162,251],"class_list":{"0":"post-14711","1":"product","2":"type-product","3":"status-publish","4":"has-post-thumbnail","6":"product_cat-double-zip-pouches-s","7":"product_tag-etui","8":"product_tag-geldbeutel","9":"product_tag-geldboerse","10":"product_tag-kosmetiktaeschchen","11":"product_tag-maeppchen","12":"product_tag-stofftaeschchen","13":"product_tag-taeschchen","14":"product_tag-zippertaeschchen","15":"product_shipping_class-paeckchen","17":"first","18":"instock","19":"sold-individually","20":"shipping-taxable","21":"purchasable","22":"product-type-simple"},"jetpack_sharing_enabled":true,"_links":{"self":[{"href":"https:\/\/stoffega.com\/en\/wp-json\/wp\/v2\/product\/14711","targetHints":{"allow":["GET"]}}],"collection":[{"href":"https:\/\/stoffega.com\/en\/wp-json\/wp\/v2\/product"}],"about":[{"href":"https:\/\/stoffega.com\/en\/wp-json\/wp\/v2\/types\/product"}],"replies":[{"embeddable":true,"href":"https:\/\/stoffega.com\/en\/wp-json\/wp\/v2\/comments?post=14711"}],"wp:featuredmedia":[{"embeddable":true,"href":"https:\/\/stoffega.com\/en\/wp-json\/wp\/v2\/media\/14713"}],"wp:attachment":[{"href":"https:\/\/stoffega.com\/en\/wp-json\/wp\/v2\/media?parent=14711"}],"wp:term":[{"taxonomy":"product_brand","embeddable":true,"href":"https:\/\/stoffega.com\/en\/wp-json\/wp\/v2\/product_brand?post=14711"},{"taxonomy":"product_cat","embeddable":true,"href":"https:\/\/stoffega.com\/en\/wp-json\/wp\/v2\/product_cat?post=14711"},{"taxonomy":"product_tag","embeddable":true,"href":"https:\/\/stoffega.com\/en\/wp-json\/wp\/v2\/product_tag?post=14711"}],"curies":[{"name":"wp","href":"https:\/\/api.w.org\/{rel}","templated":true}]}}