{"id":14777,"date":"2025-11-04T14:57:55","date_gmt":"2025-11-04T12:57:55","guid":{"rendered":"https:\/\/stoffega.com\/?post_type=product&#038;p=14777"},"modified":"2025-11-04T14:58:33","modified_gmt":"2025-11-04T12:58:33","slug":"palmenblaetter-2-2-3-2-2-2-2-2-2-2-2-2-2-2-2-2-2-2-2-2-2","status":"publish","type":"product","link":"https:\/\/stoffega.com\/en\/product\/palmenblaetter-2-2-3-2-2-2-2-2-2-2-2-2-2-2-2-2-2-2-2-2-2","title":{"rendered":"Bunte Blumen"},"content":{"rendered":"<p>In dieses kleine Korkm\u00e4ppchen passen gut 6 bis 8 Stifte hinein, sodass man die wichtigsten Schreibwerkzeuge immer griffbereit hat. auf der R\u00fcckseite befindet sich ein Gummi, damit ich das M\u00e4ppchen auch z.B. auf einem Notizbuch fixieren kann.<\/p>\n<p>Die Gr\u00f6\u00dfe des M\u00e4ppchens eignet sich auch genau, dass z.B. ein Epi-Pen darin Platz findet.<\/p>\n<p>Der Kork ist wasserabweisend und l\u00e4sst sich mit einem feuchten Tuch leicht reinigen.<\/p>\n<p>&nbsp;<\/p>","protected":false},"excerpt":{"rendered":"<p>handgefertigt aus portugiesischem Korkleder und\u00a0 hochwertigen Baumwollstoffen<\/p>\n<p>Gr\u00f6\u00dfe: ca. 21cm x 6cm<\/p>","protected":false},"featured_media":14779,"comment_status":"closed","ping_status":"closed","template":"","meta":[],"product_brand":[],"product_cat":[97],"product_tag":[348,346,439,307,349,440,215,347],"class_list":{"0":"post-14777","1":"product","2":"type-product","3":"status-publish","4":"has-post-thumbnail","6":"product_cat-stiftemaeppchen","7":"product_tag-federpenal","8":"product_tag-korketui","9":"product_tag-korkmaeppchen","10":"product_tag-korktaeschchen","11":"product_tag-schuettelpenal","12":"product_tag-stifteetui","13":"product_tag-stiftemaeppchen","14":"product_tag-stiftetaeschchen","15":"product_shipping_class-paeckchen","17":"first","18":"instock","19":"shipping-taxable","20":"purchasable","21":"product-type-simple"},"jetpack_sharing_enabled":true,"_links":{"self":[{"href":"https:\/\/stoffega.com\/en\/wp-json\/wp\/v2\/product\/14777","targetHints":{"allow":["GET"]}}],"collection":[{"href":"https:\/\/stoffega.com\/en\/wp-json\/wp\/v2\/product"}],"about":[{"href":"https:\/\/stoffega.com\/en\/wp-json\/wp\/v2\/types\/product"}],"replies":[{"embeddable":true,"href":"https:\/\/stoffega.com\/en\/wp-json\/wp\/v2\/comments?post=14777"}],"wp:featuredmedia":[{"embeddable":true,"href":"https:\/\/stoffega.com\/en\/wp-json\/wp\/v2\/media\/14779"}],"wp:attachment":[{"href":"https:\/\/stoffega.com\/en\/wp-json\/wp\/v2\/media?parent=14777"}],"wp:term":[{"taxonomy":"product_brand","embeddable":true,"href":"https:\/\/stoffega.com\/en\/wp-json\/wp\/v2\/product_brand?post=14777"},{"taxonomy":"product_cat","embeddable":true,"href":"https:\/\/stoffega.com\/en\/wp-json\/wp\/v2\/product_cat?post=14777"},{"taxonomy":"product_tag","embeddable":true,"href":"https:\/\/stoffega.com\/en\/wp-json\/wp\/v2\/product_tag?post=14777"}],"curies":[{"name":"wp","href":"https:\/\/api.w.org\/{rel}","templated":true}]}}