{"id":14885,"date":"2025-11-26T10:54:43","date_gmt":"2025-11-26T08:54:43","guid":{"rendered":"https:\/\/stoffega.com\/?post_type=product&#038;p=14885"},"modified":"2026-05-14T22:08:18","modified_gmt":"2026-05-14T20:08:18","slug":"walhai-rucksack-glitzerkork-beere","status":"publish","type":"product","link":"https:\/\/stoffega.com\/en\/product\/walhai-rucksack-glitzerkork-beere","title":{"rendered":"Glitzerkork schwarz \/ bunt"},"content":{"rendered":"<p>Die gro\u00dfe Schildkr\u00f6te kann als Rucksack verwendet werden.<\/p>\n<p>Im Kopf hat man ein kleines Reissverschlussfach f\u00fcr den Schl\u00fcssel, Kopfh\u00f6rer-Case oder andere Kleinigkeiten.<\/p>\n<p>Das Hauptfach hat man im Bauch der Schildkr\u00f6te, was auch den Vorteil bietet, dass der Rucksack nicht ge\u00f6ffnet werden kann, w\u00e4hrend man ihn am R\u00fccken tr\u00e4gt.<\/p>\n<p>&nbsp;<\/p>","protected":false},"excerpt":{"rendered":"<p>handgefertigt aus hochwertigen Leinen- und Baumwollstoffen und portugiesischem Kork<\/p>\n<p>Gr\u00f6\u00dfe: ca. ? cm x `? cm x ? cm<\/p>","protected":false},"featured_media":17084,"comment_status":"closed","ping_status":"closed","template":"","meta":[],"product_brand":[],"product_cat":[586,536],"product_tag":[331,259,373,260,372,539,220,328,371,588,590,537,255,589,591,314],"class_list":{"0":"post-14885","1":"product","2":"type-product","3":"status-publish","4":"has-post-thumbnail","6":"product_cat-schildkroeten-rucksack","7":"product_cat-walhai-rucksack","8":"product_tag-backbag","9":"product_tag-crossbody","10":"product_tag-crossbodybag","11":"product_tag-crossbodytasche","12":"product_tag-daybag","13":"product_tag-hai","14":"product_tag-handytasche","15":"product_tag-rucksack","16":"product_tag-rucksacktasche","17":"product_tag-schildkroete","18":"product_tag-schildkroeten-rucksack","19":"product_tag-slingbag","20":"product_tag-tasche","21":"product_tag-turtle","22":"product_tag-turtle-backbag","23":"product_tag-umhaengetasche","24":"product_shipping_class-paeckchen","26":"first","27":"instock","28":"shipping-taxable","29":"purchasable","30":"product-type-simple"},"jetpack_sharing_enabled":true,"_links":{"self":[{"href":"https:\/\/stoffega.com\/en\/wp-json\/wp\/v2\/product\/14885","targetHints":{"allow":["GET"]}}],"collection":[{"href":"https:\/\/stoffega.com\/en\/wp-json\/wp\/v2\/product"}],"about":[{"href":"https:\/\/stoffega.com\/en\/wp-json\/wp\/v2\/types\/product"}],"replies":[{"embeddable":true,"href":"https:\/\/stoffega.com\/en\/wp-json\/wp\/v2\/comments?post=14885"}],"wp:featuredmedia":[{"embeddable":true,"href":"https:\/\/stoffega.com\/en\/wp-json\/wp\/v2\/media\/17084"}],"wp:attachment":[{"href":"https:\/\/stoffega.com\/en\/wp-json\/wp\/v2\/media?parent=14885"}],"wp:term":[{"taxonomy":"product_brand","embeddable":true,"href":"https:\/\/stoffega.com\/en\/wp-json\/wp\/v2\/product_brand?post=14885"},{"taxonomy":"product_cat","embeddable":true,"href":"https:\/\/stoffega.com\/en\/wp-json\/wp\/v2\/product_cat?post=14885"},{"taxonomy":"product_tag","embeddable":true,"href":"https:\/\/stoffega.com\/en\/wp-json\/wp\/v2\/product_tag?post=14885"}],"curies":[{"name":"wp","href":"https:\/\/api.w.org\/{rel}","templated":true}]}}